{"id":9757,"date":"2025-01-07T18:32:34","date_gmt":"2025-01-07T18:32:34","guid":{"rendered":"https:\/\/www.goldentravel-hurghada.com\/?post_type=product&#038;p=9757"},"modified":"2025-05-16T20:50:08","modified_gmt":"2025-05-16T20:50:08","slug":"mini-egypt-park","status":"publish","type":"product","link":"https:\/\/www.goldentravel-hurghada.com\/fr\/produit\/mini-egypt-park\/","title":{"rendered":"Mini Egypt Park"},"content":{"rendered":"<div class=\"vc_row wpb_row vc_row-fluid\">\n<div class=\"wpb_column vc_column_container vc_col-sm-12\">\n<div class=\"vc_column-inner\">\n<div class=\"wpb_wrapper\">\n<div class=\"heading left\"><\/div>\n<\/div>\n<\/div>\n<\/div>\n<\/div>\n<div class=\"vc_row wpb_row vc_row-fluid\">\n<div class=\"wpb_column vc_column_container vc_col-sm-12\">\n<div class=\"vc_column-inner\">\n<div class=\"wpb_wrapper\">\n<div class=\"wpb_text_column wpb_content_element\">\n<div class=\"wpb_wrapper\">\n<h3><strong>Programme de la visite<\/strong><\/h3>\n<\/div>\n<\/div>\n<\/div>\n<\/div>\n<\/div>\n<\/div>\n<div class=\"vc_row wpb_row vc_row-fluid\">\n<div class=\"wpb_column vc_column_container vc_col-sm-12\">\n<div class=\"vc_column-inner\">\n<div class=\"wpb_wrapper\">\n<div class=\"wpb_text_column wpb_content_element\">\n<div class=\"wpb_wrapper\">\n<p>La visite du parc Mini-\u00c9gypte \u00e0 Hurghada commence par une prise en charge \u00e0 votre h\u00f4tel avec un v\u00e9hicule climatis\u00e9 pour d\u00e9marrer le programme.<\/p>\n<p>Le parc Mini-\u00c9gypte est situ\u00e9 dans la baie de Makadi et est une attraction touristique tr\u00e8s populaire, en particulier pour les familles. Si vos enfants sont trop jeunes pour visiter Le Caire et Louxor, mais que vous souhaitez leur montrer qu'il y a plus en \u00c9gypte que les stations baln\u00e9aires, alors une visite au parc Mini-\u00c9gypte est une excellente et amusante fa\u00e7on de le faire.<\/p>\n<p>Le mus\u00e9e des miniatures comprend une collection de 55 \u0153uvres d'art :<\/p>\n<p>Bibliotheca Alexandrina\n\nLe Mus\u00e9e \u00e9gyptien<\/p>\n<p>Amphith\u00e9\u00e2tre romain\n\nH\u00f4tel Nile Hilton<\/p>\n<p>La colonne de Pomp\u00e9e \u00e0 Alexandrie, \u00c9gypte\n\nL'Universit\u00e9 am\u00e9ricaine du Caire (AUC)<\/p>\n<p>Citadelle de Qaitbay\n\nTemple de Karnak<\/p>\n<p>Palais de Montazah\n\nTemple de Louxor<\/p>\n<p>Op\u00e9ra du Caire\n\nTemple d'Edfou<\/p>\n<p>La tour du Caire\n\nTemple d'Abou Simbel<\/p>\n<p>B\u00e2timent Maspero\n\nTemple d'Hatchepsout<\/p>\n<p>\u00c9glise basilique\n\nLes grandes pyramides<\/p>\n<p>La grande mosqu\u00e9e de Mohammed Ali\n\nLe Grand Sphinx<\/p>\n<p>Bab Zuweila\n\nAutorit\u00e9 du canal de Suez<\/p>\n<p>Pont Al Salam\n\nHaut barrage d'Assouan<\/p>\n<\/div>\n<\/div>\n<div class=\"vc_empty_space\"><\/div>\n<div class=\"heading left\">\n<h2>Inclusions<\/h2>\n<\/div>\n<div class=\"wpb_text_column wpb_content_element\">\n<div class=\"wpb_wrapper\">\n<ul>\n<li>Transferts depuis et vers l'h\u00f4tel avec un v\u00e9hicule climatis\u00e9.<\/li>\n<li>Tous les frais et taxes.<\/li>\n<li>Entr\u00e9e \/ Admission \u2013 Parc Mini-\u00c9gypte.<\/li>\n<\/ul>\n<\/div>\n<\/div>\n<\/div>\n<\/div>\n<\/div>\n<\/div>\n<div class=\"vc_row wpb_row vc_row-fluid\">\n<div class=\"wpb_column vc_column_container vc_col-sm-12\">\n<div class=\"vc_column-inner\">\n<div class=\"wpb_wrapper\">\n<div class=\"heading left\"><\/div>\n<\/div>\n<\/div>\n<\/div>\n<\/div>\n<div class=\"vc_row wpb_row vc_row-fluid\">\n<div class=\"wpb_column vc_column_container vc_col-sm-12\">\n<div class=\"vc_column-inner\">\n<div class=\"wpb_wrapper\">\n<div class=\"wpb_text_column wpb_content_element\">\n<div class=\"wpb_wrapper\"><\/div>\n<\/div>\n<\/div>\n<\/div>\n<\/div>\n<\/div>","protected":false},"excerpt":{"rendered":"<p>Tour Program Mini Egypt Park Hurghada starts with pickup from your hotel with an air-conditioned vehicle to start the program. The Mini Egypt Park is located in Makadi Bay and is a very popular tourist attraction, especially with families. If your children are too young to visit Cairo and Luxor but you want to show them that there is more to Egypt than the seaside resorts, then a visit to Mini Egypt Park is an excellent and fun way to do so. The Miniature Museum includes a collection consisting of 55 works of art : \u2022 Alexandria Bibliotheca\u00a0 \u00a0 \u00a0 \u00a0 \u00a0 \u00a0 \u00a0 \u00a0 \u00a0 \u00a0 \u00a0 \u00a0 \u00a0 \u00a0 \u00a0\u2022 The Egyptian Museum \u2022 Roman Amphitheater\u00a0 \u00a0 \u00a0 \u00a0 \u00a0 \u00a0 \u00a0 \u00a0 \u00a0 \u00a0 \u00a0 \u00a0 \u00a0 \u00a0 \u00a0 \u00a0\u2022 Nile Hilton Hotel \u2022 Pompay\u2019s Pillar in Alexandria in Egypt\u00a0 \u00a0 \u00a0\u2022 The American University in Cairo (AUC) \u2022 Citadel of Qaitbay\u00a0 \u00a0 \u00a0 \u00a0 \u00a0 \u00a0 \u00a0 \u00a0 \u00a0 \u00a0 \u00a0 \u00a0 \u00a0 \u00a0 \u00a0 \u00a0 \u00a0 \u00a0 \u00a0\u2022 Karnak Temple \u2022 El Montazah Palace\u00a0 \u00a0 \u00a0 \u00a0 \u00a0 \u00a0 \u00a0 \u00a0 \u00a0 \u00a0 \u00a0 \u00a0 \u00a0 \u00a0 \u00a0 \u00a0 \u00a0\u2022 Luxor Temple \u2022 Cairo Opera House\u00a0 \u00a0 \u00a0 \u00a0 \u00a0 \u00a0 \u00a0 \u00a0 \u00a0 \u00a0 \u00a0 \u00a0 \u00a0 \u00a0 \u00a0 \u00a0 \u00a0 \u2022 Temple of Edfu \u2022 The Cairo Tower\u00a0 \u00a0 \u00a0 \u00a0 \u00a0 \u00a0 \u00a0 \u00a0 \u00a0 \u00a0 \u00a0 \u00a0 \u00a0 \u00a0 \u00a0 \u00a0 \u00a0 \u00a0 \u00a0 \u00a0\u2022 Abu Simbel Temple \u2022 Maspero Building\u00a0 \u00a0 \u00a0 \u00a0 \u00a0 \u00a0 \u00a0 \u00a0 \u00a0 \u00a0 \u00a0 \u00a0 \u00a0 \u00a0 \u00a0 \u00a0 \u00a0 \u00a0 \u00a0 \u2022 Hatshepsut Temple \u2022 Basilica Church\u00a0 \u00a0 \u00a0 \u00a0 \u00a0 \u00a0 \u00a0 \u00a0 \u00a0 \u00a0 \u00a0 \u00a0 \u00a0 \u00a0 \u00a0 \u00a0 \u00a0 \u00a0 \u00a0 \u00a0 \u00a0\u2022 The great pyramids \u2022 The great Mosque of Muhammad Ali\u00a0 \u00a0 \u00a0 \u00a0 \u2022 The Great Sphinx \u2022 Bab Zweila\u00a0 \u00a0 \u00a0 \u00a0 \u00a0 \u00a0 \u00a0 \u00a0 \u00a0 \u00a0 \u00a0 \u00a0 \u00a0 \u00a0 \u00a0 \u00a0 \u00a0 \u00a0 \u00a0 \u00a0 \u00a0 \u00a0 \u00a0 \u00a0 \u2022Suez Canal Authority \u2022 Al Salam bridge\u00a0 \u00a0 \u00a0 \u00a0 \u00a0 \u00a0 \u00a0 \u00a0 \u00a0 \u00a0 \u00a0 \u00a0 \u00a0 \u00a0 \u00a0 \u00a0 \u00a0 \u00a0 \u00a0 \u00a0 \u00a0\u2022 Aswan high dam Inclusions Transfers from Hotel and back by air-conditioned vehicle All Fees and Taxes Entry\/Admission \u2013 Mini Egypt park<\/p>","protected":false},"featured_media":9944,"comment_status":"open","ping_status":"closed","template":"","meta":{"_joinchat":[]},"product_brand":[],"product_cat":[43,42,46],"product_tag":[],"class_list":{"0":"post-9757","1":"product","2":"type-product","3":"status-publish","4":"has-post-thumbnail","6":"product_cat-city-tour","7":"product_cat-family-excursions","8":"product_cat-hurghada","10":"first","11":"instock","12":"shipping-taxable","13":"purchasable","14":"product-type-ovabrw_car_rental"},"_links":{"self":[{"href":"https:\/\/www.goldentravel-hurghada.com\/fr\/wp-json\/wp\/v2\/product\/9757","targetHints":{"allow":["GET"]}}],"collection":[{"href":"https:\/\/www.goldentravel-hurghada.com\/fr\/wp-json\/wp\/v2\/product"}],"about":[{"href":"https:\/\/www.goldentravel-hurghada.com\/fr\/wp-json\/wp\/v2\/types\/product"}],"replies":[{"embeddable":true,"href":"https:\/\/www.goldentravel-hurghada.com\/fr\/wp-json\/wp\/v2\/comments?post=9757"}],"wp:featuredmedia":[{"embeddable":true,"href":"https:\/\/www.goldentravel-hurghada.com\/fr\/wp-json\/wp\/v2\/media\/9944"}],"wp:attachment":[{"href":"https:\/\/www.goldentravel-hurghada.com\/fr\/wp-json\/wp\/v2\/media?parent=9757"}],"wp:term":[{"taxonomy":"product_brand","embeddable":true,"href":"https:\/\/www.goldentravel-hurghada.com\/fr\/wp-json\/wp\/v2\/product_brand?post=9757"},{"taxonomy":"product_cat","embeddable":true,"href":"https:\/\/www.goldentravel-hurghada.com\/fr\/wp-json\/wp\/v2\/product_cat?post=9757"},{"taxonomy":"product_tag","embeddable":true,"href":"https:\/\/www.goldentravel-hurghada.com\/fr\/wp-json\/wp\/v2\/product_tag?post=9757"}],"curies":[{"name":"wp","href":"https:\/\/api.w.org\/{rel}","templated":true}]}}