{"id":9697,"date":"2025-01-07T18:25:52","date_gmt":"2025-01-07T18:25:52","guid":{"rendered":"https:\/\/www.goldentravel-hurghada.com\/?post_type=product&#038;p=9697"},"modified":"2025-05-09T20:31:20","modified_gmt":"2025-05-09T20:31:20","slug":"cairo-over-day-trip-by-buss","status":"publish","type":"product","link":"https:\/\/www.goldentravel-hurghada.com\/fr\/produit\/cairo-over-day-trip-by-buss\/","title":{"rendered":"Excursion d'une journ\u00e9e au Caire en bus."},"content":{"rendered":"<div class=\"vc_row wpb_row vc_row-fluid\">\n<div class=\"wpb_column vc_column_container vc_col-sm-12\">\n<div class=\"vc_column-inner\">\n<div class=\"wpb_wrapper\">\n<div class=\"heading left\">\n<div class=\"vc_row wpb_row vc_row-fluid\">\n<div class=\"wpb_column vc_column_container vc_col-sm-12\">\n<div class=\"vc_column-inner\">\n<div class=\"wpb_wrapper\">\n<div class=\"heading left\"><\/div>\n<\/div>\n<\/div>\n<\/div>\n<\/div>\n<div class=\"vc_row wpb_row vc_row-fluid\">\n<div class=\"wpb_column vc_column_container vc_col-sm-12\">\n<div class=\"vc_column-inner\">\n<div class=\"wpb_wrapper\">\n<div class=\"wpb_text_column wpb_content_element\">\n<div class=\"wpb_wrapper\">\n<p>&nbsp;<\/p>\n<\/div>\n<\/div>\n<div class=\"heading left\">\n<h3>Programme de la visite<\/h3>\n<\/div>\n<div class=\"wpb_text_column wpb_content_element\">\n<div class=\"wpb_wrapper\">\n<p>Nous viendrons vous chercher \u00e0 votre h\u00f4tel tard dans la nuit, vers 1h00 \u00e0 2h00 du matin.\u00a0<strong>bus climatis\u00e9.<\/strong><\/p>\n<p>Commencez par des visites des grandes pyramides de.\u00a0<strong>Gizeh.<br \/>\n<\/strong>construites par les pharaons. <strong>Kh\u00e9ops, Kh\u00e9phren et Myk\u00e9rinos.<\/strong><\/p>\n<p>Ensuite, nous nous d\u00e9placerons pour visiter.\u00a0<strong>le Sphinx.<\/strong>\u00a0dont le visage est celui du roi.<strong>\u00a0Kh\u00e9phren.<\/strong>\u00a0et le corps d'un lion repr\u00e9sente la force.<\/p>\n<p>La visite comprend \u00e9galement une visite du temple de la vall\u00e9e, qui appartient aux pyramides de.\u00a0<strong>Kh\u00e9phren.<\/strong><\/p>\n<p>Profitez de votre d\u00e9jeuner \u00e9gyptien dans un.<strong>\u00a0restaurant traditionnel.<\/strong><\/p>\n<p>Enfin, vous terminerez puis vous vous dirigerez vers.\u00a0<strong>le Mus\u00e9e \u00e9gyptien.<\/strong>, o\u00f9 vous pourrez voir une collection rare de 5000 ans d'art, consid\u00e9r\u00e9e comme la plus grande et la plus pr\u00e9cieuse collection d'art \u00e9gyptien au monde. Y compris une exposition d\u00e9di\u00e9e \u00e0. <strong>la collection de tr\u00e9sors de Toutankhamon.<\/strong>, or et bijoux qui \u00e9taient enferm\u00e9s dans son tombeau.<\/p>\n<p>Quittez Le Caire et retournez \u00e0 Hurghada vers 22h00.<\/p>\n<\/div>\n<\/div>\n<\/div>\n<\/div>\n<\/div>\n<\/div>\n<div class=\"vc_row wpb_row vc_row-fluid\">\n<div class=\"wpb_column vc_column_container vc_col-sm-12\">\n<div class=\"vc_column-inner\">\n<div class=\"wpb_wrapper\">\n<div class=\"heading left\">\n<h3>Inclusions<\/h3>\n<\/div>\n<div class=\"wpb_text_column wpb_content_element\">\n<div class=\"wpb_wrapper\">\n<ul>\n<li>Tous les transferts avec un bus priv\u00e9 climatis\u00e9.<\/li>\n<li>Guide \u00e9gyptologue priv\u00e9.<\/li>\n<li>Visitez les grandes pyramides de Gizeh.<\/li>\n<li>Le Grand Sphinx.<\/li>\n<li>Visite du temple de la vall\u00e9e.<\/li>\n<li>Erkunden Sie das \u00c4gyptische Museum.<\/li>\n<li>Frais d'entr\u00e9e pour les sites mentionn\u00e9s ci-dessus<\/li>\n<li>D\u00e9jeuner dans un restaurant local<\/li>\n<\/ul>\n<\/div>\n<\/div>\n<div class=\"heading left\">\n<h3>Exclusions<\/h3>\n<\/div>\n<div class=\"wpb_text_column wpb_content_element\">\n<div class=\"wpb_wrapper\">\n<ul>\n<li>Boissons au restaurant<\/li>\n<li>Frais d'entr\u00e9e pour la pyramide de Kh\u00e9phren (\u00e0 l'int\u00e9rieur).<\/li>\n<li>Promenade en bateau sur le Nil.<\/li>\n<\/ul>\n<\/div>\n<\/div>\n<\/div>\n<\/div>\n<\/div>\n<\/div>\n<div class=\"vc_row wpb_row vc_row-fluid\">\n<div class=\"wpb_column vc_column_container vc_col-sm-12\">\n<div class=\"vc_column-inner\"><\/div>\n<\/div>\n<\/div>\n<div class=\"vc_row wpb_row vc_row-fluid\">\n<div class=\"wpb_column vc_column_container vc_col-sm-12\">\n<div class=\"vc_column-inner\">\n<div class=\"wpb_wrapper\">\n<div class=\"heading left\"><\/div>\n<div class=\"wpb_text_column wpb_content_element\">\n<div class=\"wpb_wrapper\"><\/div>\n<\/div>\n<\/div>\n<\/div>\n<\/div>\n<\/div>\n<\/div>\n<\/div>\n<\/div>\n<\/div>\n<\/div>","protected":false},"excerpt":{"rendered":"<p>&nbsp; Tour Program We will pick you up from your hotel late at night around 1:00 am to 2:00 in the morning by\u00a0airconditioned -bus Begin with visits to the great pyramids of\u00a0Giza built by the pharaohs Khufu, Khafre, and Menkaure. Then will move to vesit the\u00a0Sphinx\u00a0which face of king\u00a0Chephren\u00a0and body of lion represent the strength . The tour also includes a visit to the Valley Temple, which belongs to the Pyramids of\u00a0Chephren. Enjoy your Egyptian lunch in a\u00a0traditional restaurant. Finally, you finish then heading to\u00a0the Egyptian Museum, where you can see a rare collection of 5000 years of art which is considered the largest most precious collection of Egyptian art in the world.\u00a0 \u00a0including an exhibit dedicated to Tutankhamen collection of treasure, gold and jewelry which was enclosed in his tomb Depart from Cairo and head back to Hurghada around 22:00 Inclusions All transfers by a private air-conditioned bus Private Egyptologist guide Visit the Great Pyramids of Giza The Great Sphinx Visiting the valley temple Explore the Egyptian Museum Entrance fees for the above-mentioned sights Lunch in a local restaurant Exclusions Drinks in the restaurant Entrance fees for the pyramid of CHEPHREN inside boat trip in Nile<\/p>","protected":false},"featured_media":9712,"comment_status":"open","ping_status":"closed","template":"","meta":{"_joinchat":[]},"product_brand":[],"product_cat":[28,46],"product_tag":[],"class_list":{"0":"post-9697","1":"product","2":"type-product","3":"status-publish","4":"has-post-thumbnail","6":"product_cat-cultural-excursions","7":"product_cat-hurghada","9":"first","10":"instock","11":"shipping-taxable","12":"purchasable","13":"product-type-ovabrw_car_rental"},"_links":{"self":[{"href":"https:\/\/www.goldentravel-hurghada.com\/fr\/wp-json\/wp\/v2\/product\/9697","targetHints":{"allow":["GET"]}}],"collection":[{"href":"https:\/\/www.goldentravel-hurghada.com\/fr\/wp-json\/wp\/v2\/product"}],"about":[{"href":"https:\/\/www.goldentravel-hurghada.com\/fr\/wp-json\/wp\/v2\/types\/product"}],"replies":[{"embeddable":true,"href":"https:\/\/www.goldentravel-hurghada.com\/fr\/wp-json\/wp\/v2\/comments?post=9697"}],"wp:featuredmedia":[{"embeddable":true,"href":"https:\/\/www.goldentravel-hurghada.com\/fr\/wp-json\/wp\/v2\/media\/9712"}],"wp:attachment":[{"href":"https:\/\/www.goldentravel-hurghada.com\/fr\/wp-json\/wp\/v2\/media?parent=9697"}],"wp:term":[{"taxonomy":"product_brand","embeddable":true,"href":"https:\/\/www.goldentravel-hurghada.com\/fr\/wp-json\/wp\/v2\/product_brand?post=9697"},{"taxonomy":"product_cat","embeddable":true,"href":"https:\/\/www.goldentravel-hurghada.com\/fr\/wp-json\/wp\/v2\/product_cat?post=9697"},{"taxonomy":"product_tag","embeddable":true,"href":"https:\/\/www.goldentravel-hurghada.com\/fr\/wp-json\/wp\/v2\/product_tag?post=9697"}],"curies":[{"name":"wp","href":"https:\/\/api.w.org\/{rel}","templated":true}]}}