{"id":9694,"date":"2025-01-07T18:25:03","date_gmt":"2025-01-07T18:25:03","guid":{"rendered":"https:\/\/www.goldentravel-hurghada.com\/?post_type=product&#038;p=9694"},"modified":"2025-08-26T20:38:49","modified_gmt":"2025-08-26T20:38:49","slug":"luxor-over-day-trip-by-buss","status":"publish","type":"product","link":"https:\/\/www.goldentravel-hurghada.com\/fr\/produit\/luxor-over-day-trip-by-buss\/","title":{"rendered":"Excursion d'une journ\u00e9e \u00e0 Louxor en bus"},"content":{"rendered":"<div class=\"vc_row wpb_row vc_row-fluid\">\n<div class=\"wpb_column vc_column_container vc_col-sm-12\">\n<div class=\"vc_column-inner\">\n<div class=\"wpb_wrapper\">\n<div class=\"heading left\">\n<div class=\"vc_row wpb_row vc_row-fluid\">\n<div class=\"wpb_column vc_column_container vc_col-sm-12\">\n<div class=\"vc_column-inner\">\n<div class=\"wpb_wrapper\">\n<div class=\"heading left\"><\/div>\n<\/div>\n<\/div>\n<\/div>\n<\/div>\n<div class=\"vc_row wpb_row vc_row-fluid\">\n<div class=\"wpb_column vc_column_container vc_col-sm-12\">\n<div class=\"vc_column-inner\">\n<div class=\"wpb_wrapper\">\n<div class=\"heading left\">\n<h3>Programme de la visite<\/h3>\n<\/div>\n<\/div>\n<\/div>\n<\/div>\n<\/div>\n<div class=\"vc_row wpb_row vc_row-fluid\">\n<div class=\"wpb_column vc_column_container vc_col-sm-12\">\n<div class=\"vc_column-inner\">\n<div class=\"wpb_wrapper\">\n<div class=\"wpb_text_column wpb_content_element\">\n<div class=\"wpb_wrapper\">\n<p>Commencez votre journ\u00e9e \u00e0 Louxor depuis votre h\u00f4tel vers 4h30\/5h00 du matin en\u00a0<strong>Bus climatis\u00e9<\/strong><\/p>\n<p>Nous commencerons notre visite par le c\u00e9l\u00e8bre <strong>Temple de Karnak<\/strong> ... qui est le plus grand lieu de culte jamais construit. Son ancien nom Ipet-isut signifie \u00ab le plus sacr\u00e9 des lieux \u00bb.<\/p>\n<p>Ensuite, vous profiterez de votre\u00a0<strong>D\u00e9jeuner<\/strong>\u00a0en chemin dans un local\u00a0<strong>Restaurant<\/strong> \u00e0 Louxor. De plus \u00e0 Louxor par <strong>Bus<\/strong>, vous visiterez la rive ouest du fleuve Nil pour voir<strong>\u00a0les deux statues colossales d'Am\u00e9nophis III (<\/strong>Colosses de Memnon), et ensuite vous visiterez\u00a0<strong>la Vall\u00e9e des Rois<\/strong>, o\u00f9 les magnifiques tombes ont \u00e9t\u00e9 d\u00e9couvertes. Ces tombes \u00e9taient taill\u00e9es profond\u00e9ment dans la roche d\u00e9sertique. Vous visiterez <strong>3 tombes<\/strong>.<\/p>\n<p>Plus tard, vous visiterez\u00a0<strong>le temple d'Hatchepsout <\/strong>, ce temple impressionnant d\u00e9di\u00e9 \u00e0 la\u00a0<strong>Reine Hatchepsout<\/strong> , la seule femme pharaon qui s'\u00e9l\u00e8ve de la plaine d\u00e9sertique en une s\u00e9rie de terrasses. Ensuite, vous serez ramen\u00e9 \u00e0 votre h\u00f4tel \u00e0 Hurghada.<\/p>\n<\/div>\n<\/div>\n<\/div>\n<\/div>\n<\/div>\n<\/div>\n<div class=\"vc_row wpb_row vc_row-fluid\">\n<div class=\"wpb_column vc_column_container vc_col-sm-12\">\n<div class=\"vc_column-inner\">\n<div class=\"wpb_wrapper\">\n<div class=\"heading left\">\n<h3>Inclusions<\/h3>\n<\/div>\n<div class=\"wpb_text_column wpb_content_element\">\n<div class=\"wpb_wrapper\">\n<ul>\n<li>Prise en charge \u00e0 l'h\u00f4tel<\/li>\n<li>Temple de Karnak<\/li>\n<li>La Vall\u00e9e des Rois<\/li>\n<li>Les Colosses de Memnon<\/li>\n<li>Le temple de la reine Hatchepsout<\/li>\n<li>D\u00e9jeuner dans un restaurant \u00e9gyptien<\/li>\n<li>La fabrique d'alb\u00e2tre<\/li>\n<li>Visites guid\u00e9es dans votre langue<\/li>\n<li>Frais d'entr\u00e9e pour les sites mentionn\u00e9s ci-dessus<\/li>\n<li>Retour en voiture \u00e0\u00a0<strong>Hurghada.<\/strong><\/li>\n<\/ul>\n<\/div>\n<\/div>\n<div class=\"heading left\">\n<h3>Exclusions<\/h3>\n<\/div>\n<div class=\"wpb_text_column wpb_content_element\">\n<div class=\"wpb_wrapper\">\n<ul>\n<li>Boissons au restaurant<\/li>\n<li>Bateau sur le Nil et l'\u00eele aux bananes<\/li>\n<li>Tombe de Tout\u00e2nkhamon, n\u00e9cessite des billets suppl\u00e9mentaires<\/li>\n<li>Toutes les options non mentionn\u00e9es dans l'itin\u00e9raire<\/li>\n<\/ul>\n<\/div>\n<\/div>\n<\/div>\n<\/div>\n<\/div>\n<\/div>\n<div class=\"vc_row wpb_row vc_row-fluid\">\n<div class=\"wpb_column vc_column_container vc_col-sm-12\"><\/div>\n<\/div>\n<div class=\"vc_row wpb_row vc_row-fluid\">\n<div class=\"wpb_column vc_column_container vc_col-sm-12\">\n<div class=\"vc_column-inner\">\n<div class=\"wpb_wrapper\">\n<div class=\"wpb_text_column wpb_content_element\">\n<div class=\"wpb_wrapper\"><\/div>\n<\/div>\n<\/div>\n<\/div>\n<\/div>\n<\/div>\n<\/div>\n<\/div>\n<\/div>\n<\/div>\n<\/div>","protected":false},"excerpt":{"rendered":"<p>Tour Program Start your day to Luxor from your hotel around 4:30\/5:00 in the morning by\u00a0airconditioned BUS we will start our visit with the famous Karnak Temple which is the largest place of worship ever built. Its ancient name Ipet-isut means \u201cthe most sacred of places.\u201d Then you will enjoy your\u00a0Lunch\u00a0on the way at a local\u00a0restaurant in Luxor. In addition in Luxor\u00a0 By BUS, you will be visiting the \u200eWest Bank of the river Nile where to visit\u00a0the two colossal statues of Amenhotep III (Colossi of Memnon), and \u200ethen you will visit\u00a0the Valley of the Kings, where the magnificent tombs discovered, those tombs were \u200ecarved deep into the desert rock,you will visit 3 tombs. Later on you will visit\u00a0the Hatshepsut Temple , this \u200eimpressive temple dedicated to the\u00a0Queen Hatshepsut the only female pharaoh that rises out of the \u200edesert plain in a series of terraces. Then you will be driven \u200eback to your hotel in\u00a0Hurghada.\u200e Inclusions Pick up from Hotel Karnak temple The valley of the kings The Colossi of Memnon The Queen Hatshepsut temple Lunch in Egyptian Restaurant The Alabaster Factory Guided tours in your language Entrance fees for the above-mentioned sights Drive back to\u00a0Hurghada. Exclusions Drinks in the restaurant Boat on the Nile and banana island; Tut Ankh\u00a0Amon tomb, Requires additional Tickets Any options not mentioned in the itinerary.<\/p>","protected":false},"featured_media":9750,"comment_status":"open","ping_status":"closed","template":"","meta":{"_joinchat":[]},"product_brand":[],"product_cat":[28,46],"product_tag":[],"class_list":{"0":"post-9694","1":"product","2":"type-product","3":"status-publish","4":"has-post-thumbnail","6":"product_cat-cultural-excursions","7":"product_cat-hurghada","9":"first","10":"instock","11":"shipping-taxable","12":"purchasable","13":"product-type-ovabrw_car_rental"},"_links":{"self":[{"href":"https:\/\/www.goldentravel-hurghada.com\/fr\/wp-json\/wp\/v2\/product\/9694","targetHints":{"allow":["GET"]}}],"collection":[{"href":"https:\/\/www.goldentravel-hurghada.com\/fr\/wp-json\/wp\/v2\/product"}],"about":[{"href":"https:\/\/www.goldentravel-hurghada.com\/fr\/wp-json\/wp\/v2\/types\/product"}],"replies":[{"embeddable":true,"href":"https:\/\/www.goldentravel-hurghada.com\/fr\/wp-json\/wp\/v2\/comments?post=9694"}],"wp:featuredmedia":[{"embeddable":true,"href":"https:\/\/www.goldentravel-hurghada.com\/fr\/wp-json\/wp\/v2\/media\/9750"}],"wp:attachment":[{"href":"https:\/\/www.goldentravel-hurghada.com\/fr\/wp-json\/wp\/v2\/media?parent=9694"}],"wp:term":[{"taxonomy":"product_brand","embeddable":true,"href":"https:\/\/www.goldentravel-hurghada.com\/fr\/wp-json\/wp\/v2\/product_brand?post=9694"},{"taxonomy":"product_cat","embeddable":true,"href":"https:\/\/www.goldentravel-hurghada.com\/fr\/wp-json\/wp\/v2\/product_cat?post=9694"},{"taxonomy":"product_tag","embeddable":true,"href":"https:\/\/www.goldentravel-hurghada.com\/fr\/wp-json\/wp\/v2\/product_tag?post=9694"}],"curies":[{"name":"wp","href":"https:\/\/api.w.org\/{rel}","templated":true}]}}