{"id":9611,"date":"2025-01-07T00:52:39","date_gmt":"2025-01-07T00:52:39","guid":{"rendered":"https:\/\/www.goldentravel-hurghada.com\/?post_type=product&#038;p=9611"},"modified":"2025-05-16T20:49:54","modified_gmt":"2025-05-16T20:49:54","slug":"grand-aquariumm","status":"publish","type":"product","link":"https:\/\/www.goldentravel-hurghada.com\/fr\/produit\/grand-aquariumm\/","title":{"rendered":"Grand Aquarium"},"content":{"rendered":"<div class=\"vc_row wpb_row vc_row-fluid\">\n<div class=\"wpb_column vc_column_container vc_col-sm-12\">\n<div class=\"vc_column-inner\">\n<div class=\"wpb_wrapper\">\n<div class=\"heading left\"><\/div>\n<\/div>\n<\/div>\n<\/div>\n<\/div>\n<div class=\"vc_row wpb_row vc_row-fluid\">\n<div class=\"wpb_column vc_column_container vc_col-sm-12\">\n<div class=\"vc_column-inner\">\n<div class=\"wpb_wrapper\">\n<div class=\"wpb_text_column wpb_content_element\">\n<div class=\"wpb_wrapper\">\n<p>&nbsp;<\/p>\n<\/div>\n<\/div>\n<\/div>\n<\/div>\n<\/div>\n<\/div>\n<div class=\"vc_row wpb_row vc_row-fluid\">\n<div class=\"wpb_column vc_column_container vc_col-sm-12\">\n<div class=\"vc_column-inner\">\n<div class=\"wpb_wrapper\">\n<div class=\"heading left\">\n<h2>Programme de la visite<\/h2>\n<\/div>\n<\/div>\n<\/div>\n<\/div>\n<\/div>\n<div class=\"vc_row wpb_row vc_row-fluid\">\n<div class=\"wpb_column vc_column_container vc_col-sm-12\">\n<div class=\"vc_column-inner\">\n<div class=\"wpb_wrapper\">\n<div class=\"wpb_text_column wpb_content_element\">\n<div class=\"wpb_wrapper\">\n<p>Nous viendrons vous chercher \u00e0 votre h\u00f4tel \u00e0 Hurghada et vous emm\u00e8nerons au Grand Aquarium de Hurghada pour vivre des visites inoubliables \u00e0 Hurghada.<\/p>\n<p>D\u00e9couvrez la \u00ab Mer Rouge en verre \u00bb avec un billet d'entr\u00e9e et une visite du Grand Aquarium de Hurghada, l'une des attractions familiales les plus r\u00e9centes d'\u00c9gypte !<\/p>\n<p>Profitez de plus de 1 200 esp\u00e8ces dans 24 galeries pour explorer la vie sous-marine au Grand Aquarium de Hurghada. Admirez de magnifiques cr\u00e9atures marines, y compris des raies, des requins et des tortues, et participez \u00e0 une exp\u00e9rience interactive au bassin tactile !<\/p>\n<p>Rendez-vous au mini-zoo en plein air pour observer la faune locale de pr\u00e8s.<\/p>\n<p>, vous serez ramen\u00e9 \u00e0 votre h\u00f4tel.<\/p>\n<\/div>\n<\/div>\n<\/div>\n<\/div>\n<\/div>\n<\/div>\n<div class=\"vc_row wpb_row vc_row-fluid\">\n<div class=\"wpb_column vc_column_container vc_col-sm-12\">\n<div class=\"vc_column-inner\">\n<div class=\"wpb_wrapper\">\n<div class=\"heading left\">\n<h2>Dur\u00e9e<\/h2>\n<\/div>\n<div class=\"wpb_text_column wpb_content_element\">\n<div class=\"wpb_wrapper\">\n<ul>\n<li>Dur\u00e9e : 2 heures.<\/li>\n<\/ul>\n<\/div>\n<\/div>\n<\/div>\n<\/div>\n<\/div>\n<\/div>","protected":false},"excerpt":{"rendered":"<p>&nbsp; Tour Program Will pick up you from your hotel in Hurghada, to\u00a0 the Hurghada Grand Aquarium and experience unforgettable tours in Hurghada. Discover the \u201c\u201dRed Sea in Glass\u201d\u201d with an entrance ticket and tour of the Hurghada Grand Aquarium, one of Egypt\u2019s newest, family-friendly attractions! Enjoy with more than one thousand and two hundred species in 24 galleries to explore the underwater life from the Hurghada Grand Aquarium .See beautiful marine life, including stingrays, sharks and turtles, and get interactive at the touch tank! go to the open area mini zoo to get up close to native wildlife . ,will be transferred back to your hotel Duration Duration: 2 hours.<\/p>","protected":false},"featured_media":9629,"comment_status":"open","ping_status":"closed","template":"","meta":{"_joinchat":[]},"product_brand":[],"product_cat":[43,42,46],"product_tag":[],"class_list":{"0":"post-9611","1":"product","2":"type-product","3":"status-publish","4":"has-post-thumbnail","6":"product_cat-city-tour","7":"product_cat-family-excursions","8":"product_cat-hurghada","10":"first","11":"instock","12":"shipping-taxable","13":"purchasable","14":"product-type-ovabrw_car_rental"},"_links":{"self":[{"href":"https:\/\/www.goldentravel-hurghada.com\/fr\/wp-json\/wp\/v2\/product\/9611","targetHints":{"allow":["GET"]}}],"collection":[{"href":"https:\/\/www.goldentravel-hurghada.com\/fr\/wp-json\/wp\/v2\/product"}],"about":[{"href":"https:\/\/www.goldentravel-hurghada.com\/fr\/wp-json\/wp\/v2\/types\/product"}],"replies":[{"embeddable":true,"href":"https:\/\/www.goldentravel-hurghada.com\/fr\/wp-json\/wp\/v2\/comments?post=9611"}],"wp:featuredmedia":[{"embeddable":true,"href":"https:\/\/www.goldentravel-hurghada.com\/fr\/wp-json\/wp\/v2\/media\/9629"}],"wp:attachment":[{"href":"https:\/\/www.goldentravel-hurghada.com\/fr\/wp-json\/wp\/v2\/media?parent=9611"}],"wp:term":[{"taxonomy":"product_brand","embeddable":true,"href":"https:\/\/www.goldentravel-hurghada.com\/fr\/wp-json\/wp\/v2\/product_brand?post=9611"},{"taxonomy":"product_cat","embeddable":true,"href":"https:\/\/www.goldentravel-hurghada.com\/fr\/wp-json\/wp\/v2\/product_cat?post=9611"},{"taxonomy":"product_tag","embeddable":true,"href":"https:\/\/www.goldentravel-hurghada.com\/fr\/wp-json\/wp\/v2\/product_tag?post=9611"}],"curies":[{"name":"wp","href":"https:\/\/api.w.org\/{rel}","templated":true}]}}