{"id":9574,"date":"2025-01-07T00:37:49","date_gmt":"2025-01-07T00:37:49","guid":{"rendered":"https:\/\/www.goldentravel-hurghada.com\/?post_type=product&#038;p=9574"},"modified":"2025-05-16T19:56:08","modified_gmt":"2025-05-16T19:56:08","slug":"family-safari-morningg","status":"publish","type":"product","link":"https:\/\/www.goldentravel-hurghada.com\/fr\/produit\/family-safari-morningg\/","title":{"rendered":"Safari familial le matin"},"content":{"rendered":"<div class=\"vc_row wpb_row vc_row-fluid\">\n<div class=\"wpb_column vc_column_container vc_col-sm-12\">\n<div class=\"vc_column-inner\">\n<div class=\"wpb_wrapper\">\n<div class=\"heading left\"><\/div>\n<\/div>\n<\/div>\n<\/div>\n<\/div>\n<div class=\"vc_row wpb_row vc_row-fluid\">\n<div class=\"wpb_column vc_column_container vc_col-sm-12\">\n<div class=\"vc_column-inner\">\n<div class=\"wpb_wrapper\">\n<div class=\"wpb_text_column wpb_content_element\">\n<div class=\"wpb_wrapper\">\n<p>&nbsp;<\/p>\n<\/div>\n<\/div>\n<\/div>\n<\/div>\n<\/div>\n<\/div>\n<div class=\"vc_row wpb_row vc_row-fluid\">\n<div class=\"wpb_column vc_column_container vc_col-sm-12\">\n<div class=\"vc_column-inner\">\n<div class=\"wpb_wrapper\">\n<div class=\"heading left\">\n<h2>Programme de la visite<\/h2>\n<\/div>\n<\/div>\n<\/div>\n<\/div>\n<\/div>\n<div class=\"vc_row wpb_row vc_row-fluid\">\n<div class=\"wpb_column vc_column_container vc_col-sm-12\">\n<div class=\"vc_column-inner\">\n<div class=\"wpb_wrapper\">\n<div class=\"wpb_text_column wpb_content_element\">\n<div class=\"wpb_wrapper\">\n<div id=\"tw-target-text-container\" class=\"tw-ta-container hide-focus-ring tw-nfl\" tabindex=\"0\">\n<p>Le voyage commence par une prise en charge \u00e0 votre h\u00f4tel et un trajet vers la station Safari vers 8h00.<\/p>\n<p>Nous commen\u00e7ons notre programme avec un quad Honda pour 45 minutes afin de d\u00e9couvrir le d\u00e9sert dor\u00e9 et faisons quelques arr\u00eats pour prendre des photos dans le magnifique d\u00e9sert de HURGHADA.<\/p>\n<p>Ensuite, nous conduirons une voiture araign\u00e9e (buggy) pendant 15 minutes \u2013 buggy familial ou buggy double.<\/p>\n<p>Ensuite, vivez une passionnante safari en jeep \u00e0 travers le d\u00e9sert, en escaladant les dunes de sable sur le chemin du village b\u00e9douin.<\/p>\n<p>Apr\u00e8s environ 25 km de safari en jeep, vous atteindrez votre destination (village b\u00e9douin). Ici, vous pourrez vous d\u00e9tendre, faire un tour \u00e0 dos de chameau, conduire une voiture araign\u00e9e, d\u00e9guster du th\u00e9 b\u00e9douin et en apprendre davantage sur la vie traditionnelle des B\u00e9douins.<\/p>\n<p>Retour du village b\u00e9douin \u00e0 l'h\u00f4tel vers 12h30.<\/p>\n<\/div>\n<\/div>\n<\/div>\n<div class=\"heading left\">\n<h2>Inclusions<\/h2>\n<\/div>\n<div class=\"wpb_text_column wpb_content_element\">\n<div class=\"wpb_wrapper\">\n<ul>\n<li>Transferts depuis\/vers votre h\u00f4tel<\/li>\n<li>Conduite d'un quad pendant 45 minutes<\/li>\n<li>Excursion en jeep 4\u00d74 au village b\u00e9douin<\/li>\n<li>Balade en voiture araign\u00e9e (<span class=\"activity-inclusions__test activity-inclusions__test--include\" data-v-719f7364=\"\">Buggy) pendant 15 minutes<\/span><\/li>\n<li>Balade \u00e0 dos de chameau<\/li>\n<li>Guide safari professionnel<\/li>\n<li>Th\u00e9 et eau min\u00e9rale<\/li>\n<li>Visite du village b\u00e9douin<\/li>\n<\/ul>\n<\/div>\n<\/div>\n<\/div>\n<\/div>\n<\/div>\n<\/div>\n<div class=\"vc_row wpb_row vc_row-fluid\">\n<div class=\"wpb_column vc_column_container vc_col-sm-12\">\n<div class=\"vc_column-inner\">\n<div class=\"wpb_wrapper\">\n<div class=\"heading left\">\n<h2>Exclusions<\/h2>\n<\/div>\n<div class=\"wpb_text_column wpb_content_element\">\n<div class=\"wpb_wrapper\">\n<ul>\n<li>DVD photo et vid\u00e9o<\/li>\n<li>\u00c9charpe &amp; lunettes de protection<\/li>\n<\/ul>\n<\/div>\n<\/div>\n<\/div>\n<\/div>\n<\/div>\n<\/div>\n<div class=\"vc_row wpb_row vc_row-fluid\">\n<div class=\"wpb_column vc_column_container vc_col-sm-12\">\n<div class=\"vc_column-inner\"><\/div>\n<\/div>\n<\/div>\n<div class=\"vc_row wpb_row vc_row-fluid\">\n<div class=\"wpb_column vc_column_container vc_col-sm-12\">\n<div class=\"vc_column-inner\">\n<div class=\"wpb_wrapper\">\n<div class=\"heading left\">\n<h2>Dur\u00e9e<\/h2>\n<\/div>\n<div class=\"wpb_text_column wpb_content_element\">\n<div class=\"wpb_wrapper\">\n<ul>\n<li>Dur\u00e9e : 4 heures<\/li>\n<\/ul>\n<\/div>\n<\/div>\n<\/div>\n<\/div>\n<\/div>\n<\/div>","protected":false},"excerpt":{"rendered":"<p>&nbsp; Tour Program The trip starts with pickup from your hotel and travel to the Safari\u00a0 station aroud 8:00 We start our program with a Honda quad bike for 45 minutes to discover the gold desert and make some stops to take photos in the amazing\u00a0HURGHADA\u00a0desert. second we will drive spider car (buggy) for 15 minutes family buggy or double buggy Then, experience an exciting jeep safari through the desert, climbing sand dunes on the way to the Bedouin village . After about\u00a0 25 km by jeep safari, you will reach your destination (Bedouin village). Here you can relax, ride a camel, ride a Spider car, enjoy\u00a0 beduin tea and learn about the traditional life of the Bedouins. Back from Bedouin village again to hotel about 12:30. Inclusions Transfers from\/to your hotel; Ride on a quad bike for 45 minutes Jeep 4\u00d74 ride to bedouin village Spider car ride (Buggy ) for 15 minutes Camel ride Professional speaking safari guide Tea and mineral water Visit to Bedouin village Exclusions Photo &amp; Video DVD Scarf &amp; safety glasses. Duration Duration: 4 hours<\/p>","protected":false},"featured_media":10306,"comment_status":"open","ping_status":"closed","template":"","meta":{"_joinchat":[]},"product_brand":[],"product_cat":[37,46],"product_tag":[],"class_list":{"0":"post-9574","1":"product","2":"type-product","3":"status-publish","4":"has-post-thumbnail","6":"product_cat-safari-excursions","7":"product_cat-hurghada","9":"first","10":"instock","11":"shipping-taxable","12":"purchasable","13":"product-type-ovabrw_car_rental"},"_links":{"self":[{"href":"https:\/\/www.goldentravel-hurghada.com\/fr\/wp-json\/wp\/v2\/product\/9574","targetHints":{"allow":["GET"]}}],"collection":[{"href":"https:\/\/www.goldentravel-hurghada.com\/fr\/wp-json\/wp\/v2\/product"}],"about":[{"href":"https:\/\/www.goldentravel-hurghada.com\/fr\/wp-json\/wp\/v2\/types\/product"}],"replies":[{"embeddable":true,"href":"https:\/\/www.goldentravel-hurghada.com\/fr\/wp-json\/wp\/v2\/comments?post=9574"}],"wp:featuredmedia":[{"embeddable":true,"href":"https:\/\/www.goldentravel-hurghada.com\/fr\/wp-json\/wp\/v2\/media\/10306"}],"wp:attachment":[{"href":"https:\/\/www.goldentravel-hurghada.com\/fr\/wp-json\/wp\/v2\/media?parent=9574"}],"wp:term":[{"taxonomy":"product_brand","embeddable":true,"href":"https:\/\/www.goldentravel-hurghada.com\/fr\/wp-json\/wp\/v2\/product_brand?post=9574"},{"taxonomy":"product_cat","embeddable":true,"href":"https:\/\/www.goldentravel-hurghada.com\/fr\/wp-json\/wp\/v2\/product_cat?post=9574"},{"taxonomy":"product_tag","embeddable":true,"href":"https:\/\/www.goldentravel-hurghada.com\/fr\/wp-json\/wp\/v2\/product_tag?post=9574"}],"curies":[{"name":"wp","href":"https:\/\/api.w.org\/{rel}","templated":true}]}}