{"id":9571,"date":"2025-01-07T00:34:35","date_gmt":"2025-01-07T00:34:35","guid":{"rendered":"https:\/\/www.goldentravel-hurghada.com\/?post_type=product&#038;p=9571"},"modified":"2025-05-16T20:13:49","modified_gmt":"2025-05-16T20:13:49","slug":"3hours-quad-privatee","status":"publish","type":"product","link":"https:\/\/www.goldentravel-hurghada.com\/fr\/produit\/3hours-quad-privatee\/","title":{"rendered":"3Hours Quad Private (Morning) or (Sunset)"},"content":{"rendered":"<div class=\"vc_row wpb_row vc_row-fluid\">\n<div class=\"wpb_column vc_column_container vc_col-sm-12\">\n<div class=\"vc_column-inner\">\n<div class=\"wpb_wrapper\">\n<div class=\"heading left\"><\/div>\n<\/div>\n<\/div>\n<\/div>\n<\/div>\n<div class=\"vc_row wpb_row vc_row-fluid\">\n<div class=\"wpb_column vc_column_container vc_col-sm-12\">\n<div class=\"vc_column-inner\">\n<div class=\"wpb_wrapper\">\n<div class=\"wpb_text_column wpb_content_element\">\n<div class=\"wpb_wrapper\">\n<p>&nbsp;<\/p>\n<\/div>\n<\/div>\n<\/div>\n<\/div>\n<\/div>\n<\/div>\n<div class=\"vc_row wpb_row vc_row-fluid\">\n<div class=\"wpb_column vc_column_container vc_col-sm-12\">\n<div class=\"vc_column-inner\">\n<div class=\"wpb_wrapper\">\n<div class=\"heading left\">\n<h2>Programme de la visite<\/h2>\n<\/div>\n<\/div>\n<\/div>\n<\/div>\n<\/div>\n<div class=\"vc_row wpb_row vc_row-fluid\">\n<div class=\"wpb_column vc_column_container vc_col-sm-12\">\n<div class=\"vc_column-inner\">\n<div class=\"wpb_wrapper\">\n<div class=\"wpb_text_column wpb_content_element\">\n<div class=\"wpb_wrapper\">\n<p>Safari en quad priv\u00e9 de 3 heures le matin au d\u00e9part de Hurghada<\/p>\n<p>Vous partirez de l'h\u00f4tel vers 8h00 en bus pour la station de quad. Apr\u00e8s avoir enfil\u00e9 votre casque et \u00e9cout\u00e9 un briefing, vous conduirez un quad sur 25 km jusqu'au village b\u00e9douin.<\/p>\n<p>Ici, vous pourrez vous d\u00e9tendre, faire un tour \u00e0 dos de chameau et profiter de l'hospitalit\u00e9 typique du th\u00e9 b\u00e9douin.<\/p>\n<p>Sie machen sich bereit, 25 km zur\u00fcck zur Basis zu fahren. Es ist ein erstaunliches Adrenalin-Erlebnis, das Sie ausprobieren sollten. Diese Quad-Safari dauert in der Regel drei Stunden.<\/p>\n<p>Nous retournons \u00e0 l'h\u00f4tel vers 11h00.<\/p>\n<div id=\"tw-target-text-container\" class=\"tw-ta-container hide-focus-ring tw-nfl\" tabindex=\"0\">\n<ul>\n<li id=\"tw-target-text\" class=\"tw-data-text tw-text-large XcVN5d tw-ta\" dir=\"ltr\" data-placeholder=\"Translation\"><strong><span lang=\"en\">Safari priv\u00e9 signifie qu'il n'y a pas d'autres personnes.<br \/>\npendant le voyage avec vous, \u00e0 part votre famille ou vos amis<br \/>\net votre guide priv\u00e9<\/span><\/strong><\/li>\n<\/ul>\n<\/div>\n<\/div>\n<\/div>\n<\/div>\n<\/div>\n<\/div>\n<\/div>\n<div class=\"vc_row wpb_row vc_row-fluid\">\n<div class=\"wpb_column vc_column_container vc_col-sm-12\">\n<div class=\"vc_column-inner\">\n<div class=\"wpb_wrapper\">\n<div class=\"heading left\">\n<h2>Inclusions<\/h2>\n<\/div>\n<div class=\"wpb_text_column wpb_content_element\">\n<div class=\"wpb_wrapper\">\n<ul>\n<li>Transferts depuis\/vers votre h\u00f4tel<\/li>\n<li>Conduite d'un quad sur 50 km aller-retour<\/li>\n<li>Balade \u00e0 dos de chameau<\/li>\n<li>Guide safari priv\u00e9 professionnel<\/li>\n<li>Quad et casque de s\u00e9curit\u00e9<\/li>\n<li>Th\u00e9 et eau min\u00e9rale<\/li>\n<li>Visite du village b\u00e9douin<\/li>\n<\/ul>\n<\/div>\n<\/div>\n<div class=\"heading left\">\n<h2>Exclusions<\/h2>\n<\/div>\n<div class=\"wpb_text_column wpb_content_element\">\n<div class=\"wpb_wrapper\">\n<ul>\n<li>DVD photo et vid\u00e9o<\/li>\n<li>\u00c9charpe &amp; lunettes de protection<\/li>\n<\/ul>\n<\/div>\n<\/div>\n<\/div>\n<\/div>\n<\/div>\n<\/div>\n<div class=\"vc_row wpb_row vc_row-fluid\">\n<div class=\"wpb_column vc_column_container vc_col-sm-12\">\n<div class=\"vc_column-inner\"><\/div>\n<\/div>\n<\/div>\n<div class=\"vc_row wpb_row vc_row-fluid\">\n<div class=\"wpb_column vc_column_container vc_col-sm-12\">\n<div class=\"vc_column-inner\">\n<div class=\"wpb_wrapper\">\n<div class=\"heading left\"><\/div>\n<div class=\"wpb_text_column wpb_content_element\">\n<div class=\"wpb_wrapper\">\n<p>&nbsp;<\/p>\n<\/div>\n<\/div>\n<\/div>\n<\/div>\n<\/div>\n<\/div>","protected":false},"excerpt":{"rendered":"<p>&nbsp; Tour Program Private Morning 3-Hours Quad Safari From Hurghada. You will start from the hotel around 8 00 am BY bus to the QUAD BIKING station. After donning your helmet and listening to a briefing, YOU WIL DRIVE QUAD BIKE 25 KM TO THE BEDUIN VILLAGE Here you can relax, ride a camel, enjoy the typical hospitality of beduin tea you get ready to go driving 25 km back to the base. It\u2019s an amazing adrenaline experience for you to try. This trip on a quad biking safari usually takes three hours we back to the hotel around 11:00 hour. Private safari means there are no other people on the trip with you besides your family or friends and your private guide. Inclusions Transfers from\/to your hotel Ride on a quad bike 50 km in 2 ways Camel ride Professional Private\u00a0 safari guide Quad bike and safety helmet Tea and mineral water Visit to Bedouin village. Exclusions Photo &amp; Video DVD Scarf &amp; safety glasses. &nbsp;<\/p>","protected":false},"featured_media":10371,"comment_status":"open","ping_status":"closed","template":"","meta":{"_joinchat":[]},"product_brand":[],"product_cat":[37,46],"product_tag":[],"class_list":{"0":"post-9571","1":"product","2":"type-product","3":"status-publish","4":"has-post-thumbnail","6":"product_cat-safari-excursions","7":"product_cat-hurghada","9":"first","10":"instock","11":"shipping-taxable","12":"purchasable","13":"product-type-ovabrw_car_rental"},"_links":{"self":[{"href":"https:\/\/www.goldentravel-hurghada.com\/fr\/wp-json\/wp\/v2\/product\/9571","targetHints":{"allow":["GET"]}}],"collection":[{"href":"https:\/\/www.goldentravel-hurghada.com\/fr\/wp-json\/wp\/v2\/product"}],"about":[{"href":"https:\/\/www.goldentravel-hurghada.com\/fr\/wp-json\/wp\/v2\/types\/product"}],"replies":[{"embeddable":true,"href":"https:\/\/www.goldentravel-hurghada.com\/fr\/wp-json\/wp\/v2\/comments?post=9571"}],"wp:featuredmedia":[{"embeddable":true,"href":"https:\/\/www.goldentravel-hurghada.com\/fr\/wp-json\/wp\/v2\/media\/10371"}],"wp:attachment":[{"href":"https:\/\/www.goldentravel-hurghada.com\/fr\/wp-json\/wp\/v2\/media?parent=9571"}],"wp:term":[{"taxonomy":"product_brand","embeddable":true,"href":"https:\/\/www.goldentravel-hurghada.com\/fr\/wp-json\/wp\/v2\/product_brand?post=9571"},{"taxonomy":"product_cat","embeddable":true,"href":"https:\/\/www.goldentravel-hurghada.com\/fr\/wp-json\/wp\/v2\/product_cat?post=9571"},{"taxonomy":"product_tag","embeddable":true,"href":"https:\/\/www.goldentravel-hurghada.com\/fr\/wp-json\/wp\/v2\/product_tag?post=9571"}],"curies":[{"name":"wp","href":"https:\/\/api.w.org\/{rel}","templated":true}]}}