{"id":9505,"date":"2025-01-06T23:55:31","date_gmt":"2025-01-06T23:55:31","guid":{"rendered":"https:\/\/www.goldentravel-hurghada.com\/?post_type=product&#038;p=9505"},"modified":"2025-08-26T20:39:41","modified_gmt":"2025-08-26T20:39:41","slug":"sindbad-submarine","status":"publish","type":"product","link":"https:\/\/www.goldentravel-hurghada.com\/fr\/produit\/sindbad-submarine\/","title":{"rendered":"Sindbad Submarine"},"content":{"rendered":"<div class=\"vc_row wpb_row vc_row-fluid\">\n<div class=\"wpb_column vc_column_container vc_col-sm-12\">\n<div class=\"vc_column-inner\">\n<div class=\"wpb_wrapper\">\n<div class=\"heading left\"><\/div>\n<\/div>\n<\/div>\n<\/div>\n<\/div>\n<div class=\"vc_row wpb_row vc_row-fluid\">\n<div class=\"wpb_column vc_column_container vc_col-sm-12\">\n<div class=\"vc_column-inner\">\n<div class=\"wpb_wrapper\">\n<div class=\"wpb_text_column wpb_content_element\">\n<div class=\"wpb_wrapper\">\n<h2>Programme de la visite<\/h2>\n<\/div>\n<\/div>\n<\/div>\n<\/div>\n<\/div>\n<\/div>\n<div class=\"vc_row wpb_row vc_row-fluid\">\n<div class=\"wpb_column vc_column_container vc_col-sm-12\">\n<div class=\"vc_column-inner\">\n<div class=\"wpb_wrapper\">\n<div class=\"wpb_text_column wpb_content_element\">\n<div class=\"wpb_wrapper\">\n<p>Apr\u00e8s votre prise en charge \u00e0 l'h\u00f4tel, vous serez transf\u00e9r\u00e9 au quai pour embarquer. Le sous-marin Sindbad peut accueillir 44 personnes et 2 pilotes, et dispose de fen\u00eatres sp\u00e9cialement con\u00e7ues pour maximiser votre vue sous-marine. Il descend \u00e0 une profondeur de 22 m\u00e8tres, o\u00f9 vous pourrez voir diff\u00e9rents types de r\u00e9cifs coralliens et de poissons color\u00e9s.<\/p>\n<p>Le voyage dans les profondeurs de la mer Rouge est une exp\u00e9rience magique pour toute la famille, car m\u00eame avec de jeunes enfants, vous avez la possibilit\u00e9 de d\u00e9couvrir le monde sous-marin sans passer une journ\u00e9e enti\u00e8re sur un bateau.<\/p>\n<p>Apr\u00e8s votre excursion en mer, votre sous-marin accostera de nouveau au quai. Votre exp\u00e9rience se conclura par un retour \u00e0 votre h\u00f4tel.<\/p>\n<\/div>\n<\/div>\n<div class=\"heading left\">\n<h2>Inclusions<\/h2>\n<\/div>\n<div class=\"wpb_text_column wpb_content_element\">\n<div class=\"wpb_wrapper\">\n<ul>\n<li>Transfert depuis votre h\u00f4tel et retour en car moderne<\/li>\n<li>Frais d'entr\u00e9e et billet de sous-marin<\/li>\n<li>Assistance d'un guide<\/li>\n<li>Toutes taxes et frais de service inclus<\/li>\n<\/ul>\n<\/div>\n<\/div>\n<\/div>\n<\/div>\n<\/div>\n<\/div>\n<div class=\"vc_row wpb_row vc_row-fluid\">\n<div class=\"wpb_column vc_column_container vc_col-sm-12\">\n<div class=\"vc_column-inner\">\n<div class=\"wpb_wrapper\">\n<div class=\"heading left\"><\/div>\n<div class=\"wpb_text_column wpb_content_element\">\n<div class=\"wpb_wrapper\"><\/div>\n<\/div>\n<\/div>\n<\/div>\n<\/div>\n<\/div>\n<div class=\"vc_row wpb_row vc_row-fluid\">\n<div class=\"wpb_column vc_column_container vc_col-sm-12\">\n<div class=\"vc_column-inner\"><\/div>\n<\/div>\n<\/div>\n<div class=\"vc_row wpb_row vc_row-fluid\">\n<div class=\"wpb_column vc_column_container vc_col-sm-12\">\n<div class=\"vc_column-inner\">\n<div class=\"wpb_wrapper\">\n<div class=\"heading left\">\n<h2>\u00a0Dur\u00e9e<\/h2>\n<\/div>\n<div class=\"wpb_text_column wpb_content_element\">\n<div class=\"wpb_wrapper\">\n<p><strong>Premier voyage<\/strong><\/p>\n<ul>\n<li>Prise en charge : Vers 10h00 (selon l'emplacement de votre h\u00f4tel \u00e0 Hurghada)<\/li>\n<\/ul>\n<p><strong>Deuxi\u00e8me voyage<\/strong><\/p>\n<ul>\n<li>Prise en charge : Vers 12h30 (selon l'emplacement de votre h\u00f4tel \u00e0 Hurghada)<\/li>\n<li>Dur\u00e9e : 3 heures\n<div class=\"tF2Cxc\">\n<div class=\"IsZvec\">\n<div class=\"fG8Fp uo4vr\"><\/div>\n<\/div>\n<\/div>\n<\/li>\n<\/ul>\n<\/div>\n<\/div>\n<\/div>\n<\/div>\n<\/div>\n<\/div>","protected":false},"excerpt":{"rendered":"<p>Tour Program After you are picked up from your hotel, you will be transferred to the pier for boarding.The Sinbad Submarine seats 44 people and 2 pilots, and has windows specially constructed to maximize your underwater viewing. It descends to a depth up to 22 meters where you can see different kinds of coral reefs and colored fish. The\u00a0trip\u00a0into the depths of the Red Sea is a magical experience for the whole family, because even with young children you have the opportunity to discover the underwater world without spending a whole day on the boat. After your sea trip, your submarine will dock back at the pier. Your experience then concludes with a drop-off at your hotel. Inclusions Transfer from your hotel and return by a modern coach Entrance fees and sumbarin ticket Guide assistance All taxes and service charges \u00a0Duration First journey: Pickup: Around 10:00 Am (Depending on your hotel location in Hurghada). Second journey: Pickup: Around 12:30 Pm (Depending on your hotel location in Hurghada) Duration: 3 hours<\/p>","protected":false},"featured_media":9536,"comment_status":"open","ping_status":"closed","template":"","meta":{"_joinchat":[]},"product_brand":[],"product_cat":[46,32],"product_tag":[],"class_list":{"0":"post-9505","1":"product","2":"type-product","3":"status-publish","4":"has-post-thumbnail","6":"product_cat-hurghada","7":"product_cat-sea-excursions","9":"first","10":"instock","11":"shipping-taxable","12":"purchasable","13":"product-type-ovabrw_car_rental"},"_links":{"self":[{"href":"https:\/\/www.goldentravel-hurghada.com\/fr\/wp-json\/wp\/v2\/product\/9505","targetHints":{"allow":["GET"]}}],"collection":[{"href":"https:\/\/www.goldentravel-hurghada.com\/fr\/wp-json\/wp\/v2\/product"}],"about":[{"href":"https:\/\/www.goldentravel-hurghada.com\/fr\/wp-json\/wp\/v2\/types\/product"}],"replies":[{"embeddable":true,"href":"https:\/\/www.goldentravel-hurghada.com\/fr\/wp-json\/wp\/v2\/comments?post=9505"}],"wp:featuredmedia":[{"embeddable":true,"href":"https:\/\/www.goldentravel-hurghada.com\/fr\/wp-json\/wp\/v2\/media\/9536"}],"wp:attachment":[{"href":"https:\/\/www.goldentravel-hurghada.com\/fr\/wp-json\/wp\/v2\/media?parent=9505"}],"wp:term":[{"taxonomy":"product_brand","embeddable":true,"href":"https:\/\/www.goldentravel-hurghada.com\/fr\/wp-json\/wp\/v2\/product_brand?post=9505"},{"taxonomy":"product_cat","embeddable":true,"href":"https:\/\/www.goldentravel-hurghada.com\/fr\/wp-json\/wp\/v2\/product_cat?post=9505"},{"taxonomy":"product_tag","embeddable":true,"href":"https:\/\/www.goldentravel-hurghada.com\/fr\/wp-json\/wp\/v2\/product_tag?post=9505"}],"curies":[{"name":"wp","href":"https:\/\/api.w.org\/{rel}","templated":true}]}}