{"id":9503,"date":"2025-01-06T23:52:15","date_gmt":"2025-01-06T23:52:15","guid":{"rendered":"https:\/\/www.goldentravel-hurghada.com\/?post_type=product&#038;p=9503"},"modified":"2025-05-07T21:50:08","modified_gmt":"2025-05-07T21:50:08","slug":"royal-sea-scope-semi-submarinee","status":"publish","type":"product","link":"https:\/\/www.goldentravel-hurghada.com\/fr\/produit\/royal-sea-scope-semi-submarinee\/","title":{"rendered":"Semi-sous-marin Royal Sea Scope"},"content":{"rendered":"<div class=\"vc_row wpb_row vc_row-fluid\">\n<div class=\"wpb_column vc_column_container vc_col-sm-12\">\n<div class=\"vc_column-inner\">\n<div class=\"wpb_wrapper\">\n<div class=\"heading left\"><\/div>\n<\/div>\n<\/div>\n<\/div>\n<\/div>\n<div class=\"vc_row wpb_row vc_row-fluid\">\n<div class=\"wpb_column vc_column_container vc_col-sm-12\">\n<div class=\"vc_column-inner\">\n<div class=\"wpb_wrapper\">\n<div class=\"wpb_text_column wpb_content_element\">\n<div class=\"wpb_wrapper\">\n<p>&nbsp;<\/p>\n<\/div>\n<\/div>\n<\/div>\n<\/div>\n<\/div>\n<\/div>\n<div class=\"vc_row wpb_row vc_row-fluid\">\n<div class=\"wpb_column vc_column_container vc_col-sm-12\">\n<div class=\"vc_column-inner\">\n<div class=\"wpb_wrapper\">\n<div class=\"heading left\">\n<h2>Programme de la visite<\/h2>\n<\/div>\n<\/div>\n<\/div>\n<\/div>\n<\/div>\n<div class=\"vc_row wpb_row vc_row-fluid\">\n<div class=\"wpb_column vc_column_container vc_col-sm-12\">\n<div class=\"vc_column-inner\">\n<div class=\"wpb_wrapper\">\n<div class=\"wpb_text_column wpb_content_element\">\n<div class=\"wpb_wrapper\">\n<p>Vous serez pris en charge \u00e0 votre h\u00f4tel dans un v\u00e9hicule climatis\u00e9 et emmen\u00e9 pour une excursion inoubliable au d\u00e9part de la marina de Hurghada et \u00e9galement du Marina Boulevard.<\/p>\n<p>De plus, d\u00e9couvrez les merveilles sous-marines de la mer Rouge lors de cette croisi\u00e8re au d\u00e9part de Hurghada. Embarquez \u00e0 bord du semi-sous-marin de Hurghada avec des fen\u00eatres panoramiques offrant des vues sous-marines spectaculaires pendant que vous naviguez le long de la c\u00f4te. Notre semi-sous-marin vous emm\u00e8nera \u00e9galement vers les plus beaux r\u00e9cifs de cette r\u00e9gion et vous montrera l'abondance et la multitude de la vie marine locale.<\/p>\n<p>Vous aurez environ 40 minutes pour profiter de l'occasion de faire de la plong\u00e9e avec tuba et de d\u00e9couvrir la nature fascinante.<\/p>\n<\/div>\n<\/div>\n<div class=\"heading left\">\n<h2>Inclusions<\/h2>\n<\/div>\n<div class=\"wpb_text_column wpb_content_element\">\n<div class=\"wpb_wrapper\">\n<ul>\n<li>V\u00e9hicule climatis\u00e9<\/li>\n<li>Un arr\u00eat de plong\u00e9e avec tuba de 40 minutes<\/li>\n<li>Utilisation de l'\u00e9quipement de plong\u00e9e avec tuba<\/li>\n<li>Spectacle de plongeurs<\/li>\n<li>Soda<\/li>\n<li>\u00a0Semi-sous-marin<\/li>\n<li>Gilet de sauvetage<\/li>\n<li>Guide de plong\u00e9e avec tuba<\/li>\n<\/ul>\n<\/div>\n<\/div>\n<\/div>\n<\/div>\n<\/div>\n<\/div>\n<div class=\"vc_row wpb_row vc_row-fluid\">\n<div class=\"wpb_column vc_column_container vc_col-sm-12\">\n<div class=\"vc_column-inner\">\n<div class=\"wpb_wrapper\">\n<div class=\"heading left\"><\/div>\n<div class=\"wpb_text_column wpb_content_element\">\n<div class=\"wpb_wrapper\"><\/div>\n<\/div>\n<\/div>\n<\/div>\n<\/div>\n<\/div>\n<div class=\"vc_row wpb_row vc_row-fluid\">\n<div class=\"wpb_column vc_column_container vc_col-sm-12\">\n<div class=\"vc_column-inner\"><\/div>\n<\/div>\n<\/div>\n<div class=\"vc_row wpb_row vc_row-fluid\">\n<div class=\"wpb_column vc_column_container vc_col-sm-12\">\n<div class=\"vc_column-inner\">\n<div class=\"wpb_wrapper\">\n<div class=\"heading left\">\n<h2>Horaire &amp; Dur\u00e9e<\/h2>\n<\/div>\n<div class=\"wpb_text_column wpb_content_element\">\n<div class=\"wpb_wrapper\">\n<p><strong>Premier voyage<\/strong><\/p>\n<ul>\n<li>Prise en charge : Vers 10h00<\/li>\n<li>Dur\u00e9e : 3 heures<\/li>\n<\/ul>\n<p><strong>Deuxi\u00e8me voyage<\/strong><\/p>\n<ul>\n<li>Prise en charge : Vers\u00a0<strong>14:00<\/strong><\/li>\n<li>Dur\u00e9e : 3 heures<\/li>\n<\/ul>\n<p>&nbsp;<\/p>\n<\/div>\n<\/div>\n<\/div>\n<\/div>\n<\/div>\n<\/div>","protected":false},"excerpt":{"rendered":"<p>&nbsp; Tour Program You will be picked up at your hotel in an air-conditioned vehicle and taken on an unforgettable\u00a0trip\u00a0from\u00a0Hurghada\u00a0Marina, and Marina Boulevard also In addition, discover the underwater wonders of the Red Sea on this cruise from Hurghada. Set sail on-board Hurghada Semi Submarine with panoramic windows that are affording spectacular underwater views as you cruise along with the coast. Our Semi submarine will take you also to the most beautiful reefs of this region and show you the abundance and multitude of the local marine life. You will have approximately 40 minutes to make the most of the opportunity to enjoy snorkeling and experience the fascinating nature. Inclusions Air-conditioned vehicle One\u00a0 Snorkeling Stop for 40 minutes Use of Snorkeling equipment Diver Show Soda\/Pop \u00a0Semi-Submarine Life Jacket Snorkeling guide. Timing &amp; Duration First journey: Pickup: Around 10:00 Duration: 3 hours Seconde journey : Pickup: Around\u00a014:00 Duration: 3 hours &nbsp;<\/p>","protected":false},"featured_media":9544,"comment_status":"open","ping_status":"closed","template":"","meta":{"_joinchat":[]},"product_brand":[],"product_cat":[46,32],"product_tag":[],"class_list":{"0":"post-9503","1":"product","2":"type-product","3":"status-publish","4":"has-post-thumbnail","6":"product_cat-hurghada","7":"product_cat-sea-excursions","9":"first","10":"instock","11":"shipping-taxable","12":"purchasable","13":"product-type-ovabrw_car_rental"},"_links":{"self":[{"href":"https:\/\/www.goldentravel-hurghada.com\/fr\/wp-json\/wp\/v2\/product\/9503","targetHints":{"allow":["GET"]}}],"collection":[{"href":"https:\/\/www.goldentravel-hurghada.com\/fr\/wp-json\/wp\/v2\/product"}],"about":[{"href":"https:\/\/www.goldentravel-hurghada.com\/fr\/wp-json\/wp\/v2\/types\/product"}],"replies":[{"embeddable":true,"href":"https:\/\/www.goldentravel-hurghada.com\/fr\/wp-json\/wp\/v2\/comments?post=9503"}],"wp:featuredmedia":[{"embeddable":true,"href":"https:\/\/www.goldentravel-hurghada.com\/fr\/wp-json\/wp\/v2\/media\/9544"}],"wp:attachment":[{"href":"https:\/\/www.goldentravel-hurghada.com\/fr\/wp-json\/wp\/v2\/media?parent=9503"}],"wp:term":[{"taxonomy":"product_brand","embeddable":true,"href":"https:\/\/www.goldentravel-hurghada.com\/fr\/wp-json\/wp\/v2\/product_brand?post=9503"},{"taxonomy":"product_cat","embeddable":true,"href":"https:\/\/www.goldentravel-hurghada.com\/fr\/wp-json\/wp\/v2\/product_cat?post=9503"},{"taxonomy":"product_tag","embeddable":true,"href":"https:\/\/www.goldentravel-hurghada.com\/fr\/wp-json\/wp\/v2\/product_tag?post=9503"}],"curies":[{"name":"wp","href":"https:\/\/api.w.org\/{rel}","templated":true}]}}