{"id":9502,"date":"2025-01-06T23:44:03","date_gmt":"2025-01-06T23:44:03","guid":{"rendered":"https:\/\/www.goldentravel-hurghada.com\/?post_type=product&#038;p=9502"},"modified":"2025-05-09T20:45:49","modified_gmt":"2025-05-09T20:45:49","slug":"scuba-diving-from-hurghadaa","status":"publish","type":"product","link":"https:\/\/www.goldentravel-hurghada.com\/fr\/produit\/scuba-diving-from-hurghadaa\/","title":{"rendered":"Scuba Diving"},"content":{"rendered":"<div class=\"vc_row wpb_row vc_row-fluid\">\n<div class=\"wpb_column vc_column_container vc_col-sm-12\">\n<div class=\"vc_column-inner\">\n<div class=\"wpb_wrapper\">\n<div class=\"heading left\"><\/div>\n<\/div>\n<\/div>\n<\/div>\n<\/div>\n<div class=\"vc_row wpb_row vc_row-fluid\">\n<div class=\"wpb_column vc_column_container vc_col-sm-12\">\n<div class=\"vc_column-inner\">\n<div class=\"wpb_wrapper\">\n<div class=\"wpb_text_column wpb_content_element\">\n<div class=\"wpb_wrapper\">\n<p>&nbsp;<\/p>\n<\/div>\n<\/div>\n<\/div>\n<\/div>\n<\/div>\n<\/div>\n<div class=\"vc_row wpb_row vc_row-fluid\">\n<div class=\"wpb_column vc_column_container vc_col-sm-12\">\n<div class=\"vc_column-inner\">\n<div class=\"wpb_wrapper\">\n<div class=\"heading left\">\n<h2>Programme de la visite<\/h2>\n<\/div>\n<\/div>\n<\/div>\n<\/div>\n<\/div>\n<div class=\"vc_row wpb_row vc_row-fluid\">\n<div class=\"wpb_column vc_column_container vc_col-sm-12\">\n<div class=\"vc_column-inner\">\n<div class=\"wpb_wrapper\">\n<div class=\"wpb_text_column wpb_content_element\">\n<div class=\"wpb_wrapper\">\n<p>Vers 8h00 du matin, vous serez pris en charge \u00e0 votre h\u00f4tel \u00e0 Hurghada pour une excursion de plong\u00e9e passionnante. Vous serez emmen\u00e9 en bateau \u00e0 votre premier site de plong\u00e9e. Des instructeurs exp\u00e9riment\u00e9s vous guideront sur place et expliqueront les sp\u00e9cificit\u00e9s du site de plong\u00e9e. Ensuite, plongez dans la mer et explorez le monde sous-marin de la mer Rouge. Une fois votre premi\u00e8re plong\u00e9e termin\u00e9e, profitez d'un d\u00e9jeuner buffet \u00e0 bord.<\/p>\n<p>Ensuite, vous vous rendrez \u00e0 un nouveau site pour la deuxi\u00e8me plong\u00e9e. Vous pourrez \u00e9galement faire de la plong\u00e9e avec tuba ou nager si vous le souhaitez. Vous aurez \u00e9galement beaucoup de temps pour vous d\u00e9tendre et profiter des rafra\u00eechissements fournis. En fin d'apr\u00e8s-midi, vous retournerez \u00e0 terre. Ensuite, vous serez ramen\u00e9 \u00e0 votre h\u00f4tel \u00e0 Hurghada.<\/p>\n<p>Enfin, alors que votre journ\u00e9e touche \u00e0 sa fin, vous serez ramen\u00e9 \u00e0 terre et reconduit \u00e0 votre h\u00f4tel.<\/p>\n<\/div>\n<\/div>\n<\/div>\n<\/div>\n<\/div>\n<\/div>\n<div class=\"vc_row wpb_row vc_row-fluid\">\n<div class=\"wpb_column vc_column_container vc_col-sm-12\">\n<div class=\"vc_column-inner\">\n<div class=\"wpb_wrapper\">\n<div class=\"heading left\">\n<h2>Inclusions<\/h2>\n<\/div>\n<div class=\"wpb_text_column wpb_content_element\">\n<div class=\"wpb_wrapper\">\n<ul>\n<li>Prise en charge \u00e0 l'h\u00f4tel et retour<\/li>\n<li>2 plong\u00e9es de 30 minutes chacune sous l'eau<\/li>\n<li>Guide professionnel<\/li>\n<li>D\u00e9jeuner<\/li>\n<li>Caf\u00e9 &amp; Th\u00e9 &amp; Eau<\/li>\n<li>Bouteilles de plong\u00e9e<\/li>\n<li>\u00c9quipement de plong\u00e9e<\/li>\n<\/ul>\n<\/div>\n<\/div>\n<div class=\"heading left\"><\/div>\n<div class=\"wpb_text_column wpb_content_element\">\n<div class=\"wpb_wrapper\"><\/div>\n<\/div>\n<\/div>\n<\/div>\n<\/div>\n<\/div>\n<div class=\"vc_row wpb_row vc_row-fluid\"><\/div>","protected":false},"excerpt":{"rendered":"<p>&nbsp; Tour Program Around 8:00 am in the morning you will be picked up at your hotel in\u00a0Hurghada\u00a0for an exciting dive\u00a0trip. You will be taken out on a boat to your first diving spot. Experienced instructors will guide you around the location and explain the specifics of the diving site. Then head into the sea and explore the underwater realm of the Red Sea. Once your first dive ends, enjoy an on-board buffet lunch. Then you will move to a new site for the second dive. Opt to snorkel or swim if you feel like it. You will also have plenty of time to relax and sample the provided refreshments. In the late afternoon, you will be returned to shore. And then be dropped off at your hotel in Hurghada. Finally, as your day winds down, you will be transferred back to land and returned to your hotel. Inclusions Hotel pickup and back 2 Dive from 30 minute each dive under water Professional guide Lunch Coffee &amp; Tea\u00a0 &amp;water Scuba tanks Diving equipment<\/p>","protected":false},"featured_media":9533,"comment_status":"open","ping_status":"closed","template":"","meta":{"_joinchat":[]},"product_brand":[],"product_cat":[46,32],"product_tag":[],"class_list":{"0":"post-9502","1":"product","2":"type-product","3":"status-publish","4":"has-post-thumbnail","6":"product_cat-hurghada","7":"product_cat-sea-excursions","9":"first","10":"instock","11":"shipping-taxable","12":"purchasable","13":"product-type-ovabrw_car_rental"},"_links":{"self":[{"href":"https:\/\/www.goldentravel-hurghada.com\/fr\/wp-json\/wp\/v2\/product\/9502","targetHints":{"allow":["GET"]}}],"collection":[{"href":"https:\/\/www.goldentravel-hurghada.com\/fr\/wp-json\/wp\/v2\/product"}],"about":[{"href":"https:\/\/www.goldentravel-hurghada.com\/fr\/wp-json\/wp\/v2\/types\/product"}],"replies":[{"embeddable":true,"href":"https:\/\/www.goldentravel-hurghada.com\/fr\/wp-json\/wp\/v2\/comments?post=9502"}],"wp:featuredmedia":[{"embeddable":true,"href":"https:\/\/www.goldentravel-hurghada.com\/fr\/wp-json\/wp\/v2\/media\/9533"}],"wp:attachment":[{"href":"https:\/\/www.goldentravel-hurghada.com\/fr\/wp-json\/wp\/v2\/media?parent=9502"}],"wp:term":[{"taxonomy":"product_brand","embeddable":true,"href":"https:\/\/www.goldentravel-hurghada.com\/fr\/wp-json\/wp\/v2\/product_brand?post=9502"},{"taxonomy":"product_cat","embeddable":true,"href":"https:\/\/www.goldentravel-hurghada.com\/fr\/wp-json\/wp\/v2\/product_cat?post=9502"},{"taxonomy":"product_tag","embeddable":true,"href":"https:\/\/www.goldentravel-hurghada.com\/fr\/wp-json\/wp\/v2\/product_tag?post=9502"}],"curies":[{"name":"wp","href":"https:\/\/api.w.org\/{rel}","templated":true}]}}