{"id":9500,"date":"2025-01-06T23:30:24","date_gmt":"2025-01-06T23:30:24","guid":{"rendered":"https:\/\/www.goldentravel-hurghada.com\/?post_type=product&#038;p=9500"},"modified":"2025-05-07T21:50:28","modified_gmt":"2025-05-07T21:50:28","slug":"orange-bay-islandd","status":"publish","type":"product","link":"https:\/\/www.goldentravel-hurghada.com\/fr\/produit\/orange-bay-islandd\/","title":{"rendered":"\u00cele Orange Bay"},"content":{"rendered":"<div class=\"vc_row wpb_row vc_row-fluid\">\n<div class=\"wpb_column vc_column_container vc_col-sm-12\">\n<div class=\"vc_column-inner\">\n<div class=\"wpb_wrapper\">\n<div class=\"heading left\"><\/div>\n<\/div>\n<\/div>\n<\/div>\n<\/div>\n<div class=\"vc_row wpb_row vc_row-fluid\">\n<div class=\"wpb_column vc_column_container vc_col-sm-12\">\n<div class=\"vc_column-inner\">\n<div class=\"wpb_wrapper\">\n<div class=\"wpb_text_column wpb_content_element\">\n<div class=\"wpb_wrapper\">\n<p>&nbsp;<\/p>\n<\/div>\n<\/div>\n<\/div>\n<\/div>\n<\/div>\n<\/div>\n<div class=\"vc_row wpb_row vc_row-fluid\">\n<div class=\"wpb_column vc_column_container vc_col-sm-12\">\n<div class=\"vc_column-inner\">\n<div class=\"wpb_wrapper\">\n<div class=\"heading left\">\n<h2>Programme de la visite<\/h2>\n<\/div>\n<\/div>\n<\/div>\n<\/div>\n<\/div>\n<div class=\"vc_row wpb_row vc_row-fluid\">\n<div class=\"wpb_column vc_column_container vc_col-sm-12\">\n<div class=\"vc_column-inner\">\n<div class=\"wpb_wrapper\">\n<div class=\"wpb_text_column wpb_content_element\">\n<div class=\"wpb_wrapper\">\n<p>L'heure de prise en charge \u00e0 votre h\u00f4tel est entre 8h00 et 8h30 pour le transfert au port principal o\u00f9 votre bateau vous attendra. Votre \u00e9quipement de plong\u00e9e avec tuba (MASQUE ET PALMES GRATUITS) sera pr\u00eat sur le bateau.<\/p>\n<p>Apr\u00e8s 45 minutes de navigation, profitez d'un arr\u00eat d'une heure pour la plong\u00e9e avec tuba et d\u00e9couvrir les eaux cristallines de la mer Rouge. La visibilit\u00e9 ici peut atteindre jusqu'\u00e0 45 m\u00e8tres, et vous pourrez voir des poissons-clowns, des raies manta, des dauphins et des coraux de diff\u00e9rentes couleurs.<\/p>\n<p>Ensuite, mettez le cap vers l'\u00eele Orange. Passez un moment sur la plage d'Orange Bay, o\u00f9 vous trouverez du sable dor\u00e9, des parasols en bois, des poufs, des cabanes en bois et bien plus encore pour faire de votre s\u00e9jour avec nous une exp\u00e9rience relaxante et inoubliable.<br \/>\nApr\u00e8s avoir quitt\u00e9 l'\u00eele, naviguez jusqu'au prochain arr\u00eat pour la plong\u00e9e avec tuba, o\u00f9 vous pourrez explorer les r\u00e9cifs coralliens et voir des poissons magnifiques et color\u00e9s \u00e0 Hurghada.<\/p>\n<p>Le programme d'Orange Bay comprend un d\u00e9jeuner pr\u00e9par\u00e9 avec amour par nos chefs ainsi que des boissons non alcoolis\u00e9es. Vous avez \u00e9galement la possibilit\u00e9 de conduire le bateau banane. \u00c0 16h, vous serez de retour au port, d'o\u00f9 vous serez ramen\u00e9 \u00e0 votre h\u00f4tel en bus de transfert.<\/p>\n<\/div>\n<\/div>\n<\/div>\n<\/div>\n<\/div>\n<\/div>\n<div class=\"vc_row wpb_row vc_row-fluid\">\n<div class=\"wpb_column vc_column_container vc_col-sm-12\">\n<div class=\"vc_column-inner\">\n<div class=\"wpb_wrapper\">\n<div class=\"heading left\">\n<h2>Inclusions<\/h2>\n<\/div>\n<div class=\"wpb_text_column wpb_content_element\">\n<div class=\"wpb_wrapper\">\n<ul>\n<li>Tous les transferts depuis et vers votre h\u00f4tel<\/li>\n<li>2 arr\u00eats pour la plong\u00e9e avec tuba<\/li>\n<li>Repas de midi \u00e0 bord du bateau<\/li>\n<li>Boissons, eau min\u00e9rale toute la journ\u00e9e<\/li>\n<li>L'opportunit\u00e9 de conduire le bateau banane<\/li>\n<li>L'\u00e9quipement de plong\u00e9e avec tuba (masque \u2013 palmes \u2013 gilet de sauvetage) est inclus<\/li>\n<li>Assistance d'un guide de plong\u00e9e avec tuba<\/li>\n<\/ul>\n<\/div>\n<\/div>\n<div class=\"heading left\"><\/div>\n<\/div>\n<\/div>\n<\/div>\n<\/div>\n<div class=\"vc_row wpb_row vc_row-fluid\">\n<div class=\"wpb_column vc_column_container vc_col-sm-12\">\n<div class=\"vc_column-inner\"><\/div>\n<\/div>\n<\/div>\n<div class=\"vc_row wpb_row vc_row-fluid\">\n<div class=\"wpb_column vc_column_container vc_col-sm-12\">\n<div class=\"vc_column-inner\">\n<div class=\"wpb_wrapper\">\n<div class=\"heading left\">\n<h2>Dur\u00e9e<\/h2>\n<\/div>\n<div class=\"wpb_text_column wpb_content_element\">\n<div class=\"wpb_wrapper\">\n<ul>\n<li>D\u00e9but \u00e0 8h00 jusqu'\u00e0 16h00<\/li>\n<\/ul>\n<\/div>\n<\/div>\n<\/div>\n<\/div>\n<\/div>\n<\/div>","protected":false},"excerpt":{"rendered":"<p>&nbsp; Tour Program The pickup time from your hotel is between 8:00 AM and 8:30 AM for transfer to the main port where your boat will be waiting for you. your snorkeling equipment ( MASKS AND FINS FOR FREE ) WILL be ready on the boat. After 45 minutes of sailing, enjoy a 1-hour stop for snorkeling to experience the crystal clear waters of the Red Sea. Visibility here can reach up to 45 meters, and you will be able to see clownfish, manta rays, dolphins, and corals of various colors. Then, start sailing towards Orange Island. Spend some\u00a0time\u00a0on the beach at Orange Bay, where is Golden sands, wooden umbrellas, bean bags, wooden cabanas plus much more to make your stay with us a relaxing and unforgettable experience. After leaving the island, sail to the next stop to snorkeling where you can explore the coral reefs and see magnificent and colorful fish in\u00a0Hurghada. Orange Bay program including lunch cooked with love from our chefs and soft drinks. You also have the opportunity to drive the banana boat. At 4 pm you will be back in the harbor, from where you will be taken back to your hotel by transfer bus. Inclusions All transfers from and to your hotel 2 stops for snorkeling; Lunch meal on board the boat Drinks, Mineral water all the day The opportunity to drive banana boat. Snorkeling equipments ( mask \u2013 fins-life jacket ) are included Snorkeling guide assistance Duration start 8:00 till 16:00<\/p>","protected":false},"featured_media":10014,"comment_status":"open","ping_status":"closed","template":"","meta":{"_joinchat":[]},"product_brand":[],"product_cat":[42,46,32],"product_tag":[],"class_list":{"0":"post-9500","1":"product","2":"type-product","3":"status-publish","4":"has-post-thumbnail","6":"product_cat-family-excursions","7":"product_cat-hurghada","8":"product_cat-sea-excursions","10":"first","11":"instock","12":"shipping-taxable","13":"purchasable","14":"product-type-ovabrw_car_rental"},"_links":{"self":[{"href":"https:\/\/www.goldentravel-hurghada.com\/fr\/wp-json\/wp\/v2\/product\/9500","targetHints":{"allow":["GET"]}}],"collection":[{"href":"https:\/\/www.goldentravel-hurghada.com\/fr\/wp-json\/wp\/v2\/product"}],"about":[{"href":"https:\/\/www.goldentravel-hurghada.com\/fr\/wp-json\/wp\/v2\/types\/product"}],"replies":[{"embeddable":true,"href":"https:\/\/www.goldentravel-hurghada.com\/fr\/wp-json\/wp\/v2\/comments?post=9500"}],"wp:featuredmedia":[{"embeddable":true,"href":"https:\/\/www.goldentravel-hurghada.com\/fr\/wp-json\/wp\/v2\/media\/10014"}],"wp:attachment":[{"href":"https:\/\/www.goldentravel-hurghada.com\/fr\/wp-json\/wp\/v2\/media?parent=9500"}],"wp:term":[{"taxonomy":"product_brand","embeddable":true,"href":"https:\/\/www.goldentravel-hurghada.com\/fr\/wp-json\/wp\/v2\/product_brand?post=9500"},{"taxonomy":"product_cat","embeddable":true,"href":"https:\/\/www.goldentravel-hurghada.com\/fr\/wp-json\/wp\/v2\/product_cat?post=9500"},{"taxonomy":"product_tag","embeddable":true,"href":"https:\/\/www.goldentravel-hurghada.com\/fr\/wp-json\/wp\/v2\/product_tag?post=9500"}],"curies":[{"name":"wp","href":"https:\/\/api.w.org\/{rel}","templated":true}]}}