{"id":9498,"date":"2025-01-06T23:18:35","date_gmt":"2025-01-06T23:18:35","guid":{"rendered":"https:\/\/www.goldentravel-hurghada.com\/?post_type=product&#038;p=9498"},"modified":"2025-05-07T21:50:37","modified_gmt":"2025-05-07T21:50:37","slug":"hula-hula-island-new-paradisee","status":"publish","type":"product","link":"https:\/\/www.goldentravel-hurghada.com\/fr\/produit\/hula-hula-island-new-paradisee\/","title":{"rendered":"\u00cele Hula Hula (Nouveau paradis)"},"content":{"rendered":"<div class=\"vc_row wpb_row vc_row-fluid\">\n<div class=\"wpb_column vc_column_container vc_col-sm-12\">\n<div class=\"vc_column-inner\">\n<div class=\"wpb_wrapper\">\n<div class=\"heading left\"><\/div>\n<\/div>\n<\/div>\n<\/div>\n<\/div>\n<div class=\"vc_row wpb_row vc_row-fluid\">\n<div class=\"wpb_column vc_column_container vc_col-sm-12\">\n<div class=\"vc_column-inner\">\n<div class=\"wpb_wrapper\">\n<div class=\"wpb_text_column wpb_content_element\">\n<div class=\"wpb_wrapper\">\n<p>&nbsp;<\/p>\n<\/div>\n<\/div>\n<\/div>\n<\/div>\n<\/div>\n<\/div>\n<div class=\"vc_row wpb_row vc_row-fluid\">\n<div class=\"wpb_column vc_column_container vc_col-sm-12\">\n<div class=\"vc_column-inner\">\n<div class=\"wpb_wrapper\">\n<div class=\"heading left\">\n<h2>Programme de la visite<\/h2>\n<\/div>\n<\/div>\n<\/div>\n<\/div>\n<\/div>\n<div class=\"vc_row wpb_row vc_row-fluid\">\n<div class=\"wpb_column vc_column_container vc_col-sm-12\">\n<div class=\"vc_column-inner\">\n<div class=\"wpb_wrapper\">\n<div class=\"wpb_text_column wpb_content_element\">\n<div class=\"wpb_wrapper\">\n<p>Depuis votre h\u00f4tel, nous viendrons vous chercher vers 8h00 pour l'excursion en mer de l'\u00eele Hula Hula Giftun (Nouveau paradis) pr\u00e8s de Hurghada. Nous nous rendrons \u00e0 la marina, d'o\u00f9 nous partirons en bateau vers la magnifique \u00eele.<\/p>\n<p>Apr\u00e8s environ 45 minutes de navigation, nous ferons un arr\u00eat pour la plong\u00e9e avec tuba.\u00a0<span lang=\"en\">pendant environ une heure\u00a0<\/span>pour d\u00e9couvrir les eaux cristallines de la mer Rouge. La visibilit\u00e9 ici peut atteindre jusqu'\u00e0 45 m\u00e8tres, et vous pourrez voir des poissons-clowns, des raies manta, des dauphins et des coraux de diff\u00e9rentes couleurs.<\/p>\n<p>Ensuite, mettez le cap vers l'\u00eele Hula Hula Giftun. Passez un moment sur la plage, o\u00f9 vous pourrez profiter du sable dor\u00e9, nager et prendre de belles photos. Sur la plage, vous trouverez des parasols en bois, des poufs et des cabanes en bois pour faire de votre s\u00e9jour avec nous une exp\u00e9rience relaxante et inoubliable. Ensuite, il y aura un arr\u00eat pour nager et faire de la plong\u00e9e avec tuba avec masques et palmes, pour profiter d'environ 1 heure de plong\u00e9e pr\u00e8s du r\u00e9cif corallien o\u00f9 vous pourrez explorer la vie marine vari\u00e9e.<\/p>\n<p>Le programme comprend un d\u00e9jeuner pr\u00e9par\u00e9 avec amour par nos chefs et des boissons non alcoolis\u00e9es toute la journ\u00e9e sur le bateau.<\/p>\n<p>Le programme comprend d'autres \u00e9l\u00e9ments de divertissement : vous ferez des balades en bou\u00e9es banane et canap\u00e9, et des animations pour enfants sont propos\u00e9es sur la plage.<\/p>\n<\/div>\n<\/div>\n<\/div>\n<\/div>\n<\/div>\n<\/div>\n<div class=\"vc_row wpb_row vc_row-fluid\">\n<div class=\"wpb_column vc_column_container vc_col-sm-12\">\n<div class=\"vc_column-inner\">\n<div class=\"wpb_wrapper\">\n<div class=\"heading left\">\n<h2>Inclusions<\/h2>\n<\/div>\n<div class=\"wpb_text_column wpb_content_element\">\n<div class=\"wpb_wrapper\">\n<ul>\n<li>Tous les transferts depuis et vers votre h\u00f4tel<\/li>\n<li>2 arr\u00eats pour la plong\u00e9e avec tuba<\/li>\n<li>Passez 2 heures sur la plage de l'\u00eele Hula Hula Giftun (Nouveau paradis)<\/li>\n<li>Bateau banane fou<\/li>\n<li>Repas de midi \u00e0 bord du bateau<\/li>\n<li>Boissons, eau min\u00e9rale toute la journ\u00e9e<\/li>\n<li>L'\u00e9quipement de plong\u00e9e avec tuba (masque \u2013 palmes \u2013 gilet de sauvetage) est inclus<\/li>\n<li>Assistance d'un guide de plong\u00e9e avec tuba<\/li>\n<\/ul>\n<\/div>\n<\/div>\n<div class=\"heading left\"><\/div>\n<div class=\"wpb_text_column wpb_content_element\">\n<div class=\"wpb_wrapper\"><\/div>\n<\/div>\n<\/div>\n<\/div>\n<\/div>\n<\/div>\n<div class=\"vc_row wpb_row vc_row-fluid\">\n<div class=\"wpb_column vc_column_container vc_col-sm-12\">\n<div class=\"vc_column-inner\"><\/div>\n<\/div>\n<\/div>\n<div class=\"vc_row wpb_row vc_row-fluid\">\n<div class=\"wpb_column vc_column_container vc_col-sm-12\">\n<div class=\"vc_column-inner\">\n<div class=\"wpb_wrapper\">\n<div class=\"heading left\">\n<h2>Dur\u00e9e<\/h2>\n<\/div>\n<div class=\"wpb_text_column wpb_content_element\">\n<div class=\"wpb_wrapper\">\n<ul>\n<li>D\u00e9but \u00e0 8h00 jusqu'\u00e0 16h00<\/li>\n<\/ul>\n<\/div>\n<\/div>\n<\/div>\n<\/div>\n<\/div>\n<\/div>\n<div class=\"vc_row wpb_row vc_row-fluid\">\n<div class=\"wpb_column vc_column_container vc_col-sm-12\">\n<div class=\"vc_column-inner\">\n<div class=\"wpb_wrapper\">\n<div class=\"heading left\"><\/div>\n<div class=\"wpb_text_column wpb_content_element\">\n<div class=\"wpb_wrapper\"><\/div>\n<\/div>\n<\/div>\n<\/div>\n<\/div>\n<\/div>","protected":false},"excerpt":{"rendered":"<p>&nbsp; Tour Program From your hotel, we will pick you up to the Hula Hula Giftun Island Sea Trip (New paradise) near\u00a0Hurghada, around 8:00 AM. We go to the marina, from where we go by our boat to the beautiful island. After roughly 45 minutes of sailing, will stop for snorkeling\u00a0for about an hour\u00a0to experience the crystal clear waters of the Red Sea. Visibility here can reach up to 45 meters, and you will be able to see clownfish, manta rays, dolphins, and corals of various colors. Then, start sailing towards Hula Hula Giftun Island. Spend some time on the beach where you can enjoy the golden sands of the beach, swim, and take beautiful pictures. On the beach, you can find wooden umbrellas, bean bags, wooden cabanas to make your stay with us a relaxing and unforgettable experience. After that will be 1 stop for swimming and snorkeling with masks and flippers to enjoy around 1 hour of snorkeling near the coral reef where you can explore the varied marine life. Program including lunch cooked with love from our chefs and soft drinks all day on the boat. The program includes other entertainment items, you ride bananas and sofa water toys, Children\u2019s entertainment is provided on the beach. Inclusions All transfers from and to your hotel 2 stops for snorkling Spend 2 hours on the beach of Hula Hula Giftun Island (New paradise) Crazy banana-shaped boat Lunch meal on board the boat Drinks, Mineral water all the day Snorkeling equipments ( mask \u2013 fins-flippers -life jacket ) are included Snorkeling guide assistance Duration Start 8:00 till 16:00<\/p>","protected":false},"featured_media":10201,"comment_status":"open","ping_status":"closed","template":"","meta":{"_joinchat":[]},"product_brand":[],"product_cat":[42,46,32],"product_tag":[],"class_list":{"0":"post-9498","1":"product","2":"type-product","3":"status-publish","4":"has-post-thumbnail","6":"product_cat-family-excursions","7":"product_cat-hurghada","8":"product_cat-sea-excursions","10":"first","11":"instock","12":"shipping-taxable","13":"purchasable","14":"product-type-ovabrw_car_rental"},"_links":{"self":[{"href":"https:\/\/www.goldentravel-hurghada.com\/fr\/wp-json\/wp\/v2\/product\/9498","targetHints":{"allow":["GET"]}}],"collection":[{"href":"https:\/\/www.goldentravel-hurghada.com\/fr\/wp-json\/wp\/v2\/product"}],"about":[{"href":"https:\/\/www.goldentravel-hurghada.com\/fr\/wp-json\/wp\/v2\/types\/product"}],"replies":[{"embeddable":true,"href":"https:\/\/www.goldentravel-hurghada.com\/fr\/wp-json\/wp\/v2\/comments?post=9498"}],"wp:featuredmedia":[{"embeddable":true,"href":"https:\/\/www.goldentravel-hurghada.com\/fr\/wp-json\/wp\/v2\/media\/10201"}],"wp:attachment":[{"href":"https:\/\/www.goldentravel-hurghada.com\/fr\/wp-json\/wp\/v2\/media?parent=9498"}],"wp:term":[{"taxonomy":"product_brand","embeddable":true,"href":"https:\/\/www.goldentravel-hurghada.com\/fr\/wp-json\/wp\/v2\/product_brand?post=9498"},{"taxonomy":"product_cat","embeddable":true,"href":"https:\/\/www.goldentravel-hurghada.com\/fr\/wp-json\/wp\/v2\/product_cat?post=9498"},{"taxonomy":"product_tag","embeddable":true,"href":"https:\/\/www.goldentravel-hurghada.com\/fr\/wp-json\/wp\/v2\/product_tag?post=9498"}],"curies":[{"name":"wp","href":"https:\/\/api.w.org\/{rel}","templated":true}]}}