{"id":9428,"date":"2025-01-06T22:42:32","date_gmt":"2025-01-06T22:42:32","guid":{"rendered":"https:\/\/www.goldentravel-hurghada.com\/?post_type=product&#038;p=9428"},"modified":"2025-10-04T17:32:33","modified_gmt":"2025-10-04T17:32:33","slug":"dolphin-house","status":"publish","type":"product","link":"https:\/\/www.goldentravel-hurghada.com\/fr\/produit\/dolphin-house\/","title":{"rendered":"Dolphin House"},"content":{"rendered":"<div class=\"vc_row wpb_row vc_row-fluid\">\n<div class=\"wpb_column vc_column_container vc_col-sm-12\">\n<div class=\"vc_column-inner\">\n<div class=\"wpb_wrapper\">\n<div class=\"heading left\">\n<h2><\/h2>\n<\/div>\n<\/div>\n<\/div>\n<\/div>\n<\/div>\n<div class=\"vc_row wpb_row vc_row-fluid\">\n<div class=\"wpb_column vc_column_container vc_col-sm-12\">\n<div class=\"vc_column-inner\">\n<div class=\"wpb_wrapper\">\n<div class=\"heading left\">\n<h2>Programme de la visite<\/h2>\n<div class=\"sub-heading\">Nous viendrons vous chercher \u00e0 votre h\u00f4tel apr\u00e8s le petit-d\u00e9jeuner et vous transf\u00e9rerons \u00e0 bord de votre bateau, o\u00f9 vous pourrez profiter d'environ 90 minutes de bain de soleil et de d\u00e9tente, jusqu'\u00e0 ce que nous atteignions un endroit magnifique appel\u00e9 Maison des Dauphins, r\u00e9put\u00e9 pour \u00eatre une zone d'habitation pour un grand nombre de dauphins.<\/div>\n<\/div>\n<\/div>\n<\/div>\n<\/div>\n<\/div>\n<div class=\"vc_row wpb_row vc_row-fluid\">\n<div class=\"wpb_column vc_column_container vc_col-sm-12\">\n<div class=\"vc_column-inner\">\n<div class=\"wpb_wrapper\">\n<div class=\"wpb_text_column wpb_content_element\">\n<div class=\"wpb_wrapper\">\n<p>L'excursion \u00e0 la Maison des Dauphins est la plus belle excursion pour observer les dauphins dans leur environnement naturel. Vous aurez la chance de nager \u00e0 c\u00f4t\u00e9 des dauphins lors d'une exp\u00e9rience rare.<\/p>\n<p>La chance de rencontrer des dauphins est de jusqu'\u00e0 90 %. Quoi qu'il en soit, cette zone est id\u00e9ale pour la plong\u00e9e avec tuba, et vous verrez de magnifiques coraux, une multitude de poissons exotiques et de nombreux autres animaux et plantes sous-marins. Nous ferons trois arr\u00eats \u00e0 diff\u00e9rents endroits o\u00f9 vous pourrez nager et explorer le monde sous-marin tout en faisant de la plong\u00e9e avec tuba. Votre d\u00e9jeuner vous sera servi \u00e0 bord. \u00c0 la fin de votre excursion, vous serez ramen\u00e9 \u00e0 votre h\u00f4tel.<\/p>\n<\/div>\n<\/div>\n<\/div>\n<\/div>\n<\/div>\n<\/div>\n<div class=\"vc_row wpb_row vc_row-fluid\">\n<div class=\"wpb_column vc_column_container vc_col-sm-12\">\n<div class=\"vc_column-inner\">\n<div class=\"wpb_wrapper\">\n<div class=\"heading left\">\n<h2>Inclusions<\/h2>\n<\/div>\n<div class=\"wpb_text_column wpb_content_element\">\n<div class=\"wpb_wrapper\">\n<ul>\n<li>Prise en charge et retour \u00e0 l'h\u00f4tel<\/li>\n<li>Assistance d'un guide de plong\u00e9e avec tuba<\/li>\n<li>3 arr\u00eats pour la plong\u00e9e avec tuba<\/li>\n<li>\u00c9quipement de plong\u00e9e avec tuba<\/li>\n<li>Sports nautiques (Sofa &amp; Banana)<\/li>\n<li>D\u00e9jeuner \u00e0 bord du bateau (Fruits de mer)<\/li>\n<li>Eau min\u00e9rale et boissons non alcoolis\u00e9es<\/li>\n<\/ul>\n<\/div>\n<\/div>\n<div class=\"vc_empty_space\"><\/div>\n<div class=\"heading left\"><\/div>\n<\/div>\n<\/div>\n<\/div>\n<\/div>\n<div class=\"vc_row wpb_row vc_row-fluid\">\n<div class=\"wpb_column vc_column_container vc_col-sm-12\">\n<div class=\"vc_column-inner\"><\/div>\n<\/div>\n<\/div>\n<div class=\"vc_row wpb_row vc_row-fluid\">\n<div class=\"wpb_column vc_column_container vc_col-sm-12\">\n<div class=\"vc_column-inner\">\n<div class=\"wpb_wrapper\">\n<div class=\"heading left\">\n<h2>\u00a0Dur\u00e9e<\/h2>\n<\/div>\n<div class=\"wpb_text_column wpb_content_element\">\n<div class=\"wpb_wrapper\">\n<ul>\n<li>D\u00e9but \u00e0 8h00 jusqu'\u00e0 16h00<\/li>\n<\/ul>\n<\/div>\n<\/div>\n<\/div>\n<\/div>\n<\/div>\n<\/div>","protected":false},"excerpt":{"rendered":"<p>Tour Program We will pick you up at your hotel after breakfast and transfer you to board on your boat where you will spend about 90 minutes sunbathing and relaxing, until we reach a wonderful place called Dolphin House which is famous as a home area for a large number of dolphins. Dolphin House\u00a0trip\u00a0in the most beautiful trip to see the dolphin in its natural environment at a time when you have a chance not frequent swimming next to the dolphins in a rare experience. The chance to meet dolphins is up to 90 percent. Anyway this area is ideal for snorkeling and you will see beautiful corals, a multitude of exotic fish and many other underwater animals and plants . We will make a total of three stops in different places where you can swim and explore the underwater world while you are snorkeling. You will be served your lunch on board. At the end of your trip you will be transferred back to your hotel. Inclusions Hotel pick-up and drop off Snorkeling guide assistance 3 Snorkeling stops Snorkeling equipment Water Sports (Sofa&amp;Banana) lunch aboard the boat(Sea food) Mineral water and soft drinks \u00a0Duration start 8:00 till 16:00<\/p>","protected":false},"featured_media":10037,"comment_status":"open","ping_status":"closed","template":"","meta":{"_joinchat":[]},"product_brand":[],"product_cat":[42,46,32],"product_tag":[],"class_list":{"0":"post-9428","1":"product","2":"type-product","3":"status-publish","4":"has-post-thumbnail","6":"product_cat-family-excursions","7":"product_cat-hurghada","8":"product_cat-sea-excursions","10":"first","11":"instock","12":"shipping-taxable","13":"purchasable","14":"product-type-ovabrw_car_rental"},"_links":{"self":[{"href":"https:\/\/www.goldentravel-hurghada.com\/fr\/wp-json\/wp\/v2\/product\/9428","targetHints":{"allow":["GET"]}}],"collection":[{"href":"https:\/\/www.goldentravel-hurghada.com\/fr\/wp-json\/wp\/v2\/product"}],"about":[{"href":"https:\/\/www.goldentravel-hurghada.com\/fr\/wp-json\/wp\/v2\/types\/product"}],"replies":[{"embeddable":true,"href":"https:\/\/www.goldentravel-hurghada.com\/fr\/wp-json\/wp\/v2\/comments?post=9428"}],"wp:featuredmedia":[{"embeddable":true,"href":"https:\/\/www.goldentravel-hurghada.com\/fr\/wp-json\/wp\/v2\/media\/10037"}],"wp:attachment":[{"href":"https:\/\/www.goldentravel-hurghada.com\/fr\/wp-json\/wp\/v2\/media?parent=9428"}],"wp:term":[{"taxonomy":"product_brand","embeddable":true,"href":"https:\/\/www.goldentravel-hurghada.com\/fr\/wp-json\/wp\/v2\/product_brand?post=9428"},{"taxonomy":"product_cat","embeddable":true,"href":"https:\/\/www.goldentravel-hurghada.com\/fr\/wp-json\/wp\/v2\/product_cat?post=9428"},{"taxonomy":"product_tag","embeddable":true,"href":"https:\/\/www.goldentravel-hurghada.com\/fr\/wp-json\/wp\/v2\/product_tag?post=9428"}],"curies":[{"name":"wp","href":"https:\/\/api.w.org\/{rel}","templated":true}]}}