{"id":10357,"date":"2025-05-16T20:12:16","date_gmt":"2025-05-16T20:12:16","guid":{"rendered":"https:\/\/www.goldentravel-hurghada.com\/?post_type=product&#038;p=10357"},"modified":"2025-05-16T20:12:16","modified_gmt":"2025-05-16T20:12:16","slug":"magawish-island","status":"publish","type":"product","link":"https:\/\/www.goldentravel-hurghada.com\/fr\/produit\/magawish-island\/","title":{"rendered":"L'\u00eele de Magawish"},"content":{"rendered":"<p><strong>Programme de la visite<\/strong><\/p>\n<p>Depuis votre h\u00f4tel, nous vous prendrons en charge vers l'\u00eele de Magawish vers 8h00. Nous nous rendrons \u00e0 la marina, d'o\u00f9 nous prendrons notre bateau pour rejoindre cette magnifique \u00eele.<\/p>\n<p>Apr\u00e8s 45 minutes de navigation, nous nous arr\u00eaterons pour faire de la plong\u00e9e avec tuba pendant environ une heure pour d\u00e9couvrir les eaux cristallines de la mer Rouge. et vous pourrez voir des poissons-clowns, des raies manta, des dauphins et des coraux de diff\u00e9rentes couleurs.<\/p>\n<p>Ensuite, vous naviguerez vers l'\u00eele de Magawish. Profitez de la plage, nagez et prenez de magnifiques photos. Sur la plage, vous trouverez des parasols en bois, des poufs et des cabanes en bois pour un s\u00e9jour relaxant et inoubliable. Ensuite, vous ferez une halte pour nager et faire de la plong\u00e9e avec masque et palmes, pour une heure environ, pr\u00e8s de la barri\u00e8re de corail, o\u00f9 vous pourrez explorer la diversit\u00e9 de la vie marine.<\/p>\n<p>Programme incluant d\u00e9jeuner et boissons sans alcool toute la journ\u00e9e sur le bateau.<\/p>\n<p>Le programme comprend d'autres \u00e9l\u00e9ments de divertissement, vous montez des bananes et de l'eau gazeuse<\/p>\n<p><strong>Inclusions<\/strong><\/p>\n<p>Tous les transferts depuis et vers votre h\u00f4tel<br \/>\n2 arr\u00eats pour la plong\u00e9e avec tuba<br \/>\nPassez 2 heures sur la plage de l'\u00eele Magawish<br \/>\nBateau banane fou<br \/>\nRepas de midi \u00e0 bord du bateau<br \/>\nBoissons, eau min\u00e9rale toute la journ\u00e9e<br \/>\nL'\u00e9quipement de plong\u00e9e avec tuba (masque \u2013 palmes \u2013 gilet de sauvetage) est inclus<br \/>\nAssistance d'un guide de plong\u00e9e avec tuba<\/p>\n<p><strong>Dur\u00e9e<\/strong><\/p>\n<p>D\u00e9but \u00e0 8h00 jusqu'\u00e0 16h00<\/p>","protected":false},"excerpt":{"rendered":"<p>Tour Program From your hotel, we will pick you up to Magawish Island around 8:00 AM. We go to the marina, from where we go by our boat to the beautiful island. After 45 minutes of sailing, will stop for snorkeling for about an hour to experience the crystal clear waters of the Red Sea. and you will be able to see clownfish, manta rays, dolphins, and corals of various colors. Then, start sailing towards Magawish Island. Spend some time on the beach , swim, and take beautiful pictures. On the beach, you can find wooden umbrellas, bean bags, wooden cabanas to make your stay with us a relaxing and unforgettable experience. After that will be 1 stop for swimming and snorkeling with masks and flippers to enjoy around 1 hour of snorkeling near the coral reef where you can explore the varied marine life. Program including lunch and soft drinks all day on the boat. The program includes other entertainment items, you ride bananas and sofa water Inclusions All transfers from and to your hotel 2 stops for snorkling Spend 2 hours on the beach of Magawish Island Crazy banana-shaped boat Lunch meal on board the boat Drinks, Mineral water all the day Snorkeling equipments ( mask \u2013 fins-flippers -life jacket ) are included Snorkeling guide assistance Duration Start 8:00 till 16:00<\/p>","protected":false},"featured_media":10359,"comment_status":"open","ping_status":"closed","template":"","meta":{"_joinchat":[]},"product_brand":[],"product_cat":[46,32],"product_tag":[],"class_list":{"0":"post-10357","1":"product","2":"type-product","3":"status-publish","4":"has-post-thumbnail","6":"product_cat-hurghada","7":"product_cat-sea-excursions","9":"first","10":"instock","11":"shipping-taxable","12":"purchasable","13":"product-type-ovabrw_car_rental"},"_links":{"self":[{"href":"https:\/\/www.goldentravel-hurghada.com\/fr\/wp-json\/wp\/v2\/product\/10357","targetHints":{"allow":["GET"]}}],"collection":[{"href":"https:\/\/www.goldentravel-hurghada.com\/fr\/wp-json\/wp\/v2\/product"}],"about":[{"href":"https:\/\/www.goldentravel-hurghada.com\/fr\/wp-json\/wp\/v2\/types\/product"}],"replies":[{"embeddable":true,"href":"https:\/\/www.goldentravel-hurghada.com\/fr\/wp-json\/wp\/v2\/comments?post=10357"}],"wp:featuredmedia":[{"embeddable":true,"href":"https:\/\/www.goldentravel-hurghada.com\/fr\/wp-json\/wp\/v2\/media\/10359"}],"wp:attachment":[{"href":"https:\/\/www.goldentravel-hurghada.com\/fr\/wp-json\/wp\/v2\/media?parent=10357"}],"wp:term":[{"taxonomy":"product_brand","embeddable":true,"href":"https:\/\/www.goldentravel-hurghada.com\/fr\/wp-json\/wp\/v2\/product_brand?post=10357"},{"taxonomy":"product_cat","embeddable":true,"href":"https:\/\/www.goldentravel-hurghada.com\/fr\/wp-json\/wp\/v2\/product_cat?post=10357"},{"taxonomy":"product_tag","embeddable":true,"href":"https:\/\/www.goldentravel-hurghada.com\/fr\/wp-json\/wp\/v2\/product_tag?post=10357"}],"curies":[{"name":"wp","href":"https:\/\/api.w.org\/{rel}","templated":true}]}}