{"id":10345,"date":"2025-05-16T20:10:11","date_gmt":"2025-05-16T20:10:11","guid":{"rendered":"https:\/\/www.goldentravel-hurghada.com\/?post_type=product&#038;p=10345"},"modified":"2025-08-26T20:37:55","modified_gmt":"2025-08-26T20:37:55","slug":"3-hours-quad-in-beach-makadi","status":"publish","type":"product","link":"https:\/\/www.goldentravel-hurghada.com\/fr\/produit\/3-hours-quad-in-beach-makadi\/","title":{"rendered":"3 heures de quad sur la plage (Makadi)"},"content":{"rendered":"<p><strong>Programme de la visite<\/strong><\/p>\n<p><strong>Safari priv\u00e9 en quad de 3 heures le matin ou au coucher du soleil dans la baie de Makadi<\/strong><\/p>\n<p>Vous partirez de l'h\u00f4tel vers 8h00 en bus jusqu'\u00e0 la station de quad. Apr\u00e8s avoir enfil\u00e9 votre casque et \u00e9cout\u00e9 un briefing, vous conduirez votre quad pendant environ deux heures, sur la plage et dans le d\u00e9sert.<\/p>\n<p>vous pouvez vous d\u00e9tendre, monter \u00e0 dos de chameau, prendre le th\u00e9 b\u00e9douin<\/p>\n<p>C'est une exp\u00e9rience incroyable et pleine d'adr\u00e9naline. Ce safari en quad dure g\u00e9n\u00e9ralement trois heures.<\/p>\n<p>nous retournons \u00e0 l'h\u00f4tel vers 11h00<\/p>\n<p><strong>Inclusions<\/strong><\/p>\n<p>Transferts depuis\/vers votre h\u00f4tel<br \/>\nBalade en quad environ 2 heures<br \/>\nChameau<br \/>\nQuad et casque de s\u00e9curit\u00e9<br \/>\nTh\u00e9 et eau min\u00e9rale<\/p>\n<p><strong>Exclusions<\/strong><\/p>\n<p>DVD photo et vid\u00e9o<br \/>\n\u00c9charpe &amp; lunettes de protection<\/p>","protected":false},"excerpt":{"rendered":"<p>Tour Program Private Morning or sunset 3-Hours Quad Safari in Makadi bay You will start from the hotel around 8 00 am BY bus to the QUAD BIKING station. After donning your helmet and listening to a briefing, you will drive quad bike around 2 hours in beach and in the desert you can relax, ride a camel, beduin tea It\u2019s an amazing adrenaline experience for you to try. This trip on a quad biking safari usually takes three hours we back to the hotel around 11:00 o&#8217;clock Inclusions Transfers from\/to your hotel Ride on a quad bike about 2 hours Camel Quad bike and safety helmet Tea and mineral water Exclusions Photo &amp; Video DVD Scarf &amp; safety glasses.<\/p>","protected":false},"featured_media":10347,"comment_status":"open","ping_status":"closed","template":"","meta":{"_joinchat":[]},"product_brand":[],"product_cat":[37,46],"product_tag":[],"class_list":{"0":"post-10345","1":"product","2":"type-product","3":"status-publish","4":"has-post-thumbnail","6":"product_cat-safari-excursions","7":"product_cat-hurghada","9":"first","10":"instock","11":"shipping-taxable","12":"purchasable","13":"product-type-ovabrw_car_rental"},"_links":{"self":[{"href":"https:\/\/www.goldentravel-hurghada.com\/fr\/wp-json\/wp\/v2\/product\/10345","targetHints":{"allow":["GET"]}}],"collection":[{"href":"https:\/\/www.goldentravel-hurghada.com\/fr\/wp-json\/wp\/v2\/product"}],"about":[{"href":"https:\/\/www.goldentravel-hurghada.com\/fr\/wp-json\/wp\/v2\/types\/product"}],"replies":[{"embeddable":true,"href":"https:\/\/www.goldentravel-hurghada.com\/fr\/wp-json\/wp\/v2\/comments?post=10345"}],"wp:featuredmedia":[{"embeddable":true,"href":"https:\/\/www.goldentravel-hurghada.com\/fr\/wp-json\/wp\/v2\/media\/10347"}],"wp:attachment":[{"href":"https:\/\/www.goldentravel-hurghada.com\/fr\/wp-json\/wp\/v2\/media?parent=10345"}],"wp:term":[{"taxonomy":"product_brand","embeddable":true,"href":"https:\/\/www.goldentravel-hurghada.com\/fr\/wp-json\/wp\/v2\/product_brand?post=10345"},{"taxonomy":"product_cat","embeddable":true,"href":"https:\/\/www.goldentravel-hurghada.com\/fr\/wp-json\/wp\/v2\/product_cat?post=10345"},{"taxonomy":"product_tag","embeddable":true,"href":"https:\/\/www.goldentravel-hurghada.com\/fr\/wp-json\/wp\/v2\/product_tag?post=10345"}],"curies":[{"name":"wp","href":"https:\/\/api.w.org\/{rel}","templated":true}]}}