{"id":10328,"date":"2025-05-16T20:05:18","date_gmt":"2025-05-16T20:05:18","guid":{"rendered":"https:\/\/www.goldentravel-hurghada.com\/?post_type=product&#038;p=10328"},"modified":"2025-05-16T20:46:27","modified_gmt":"2025-05-16T20:46:27","slug":"dune-buggy-safari-double-or-family","status":"publish","type":"product","link":"https:\/\/www.goldentravel-hurghada.com\/fr\/produit\/dune-buggy-safari-double-or-family\/","title":{"rendered":"Safari en buggy double ou familial"},"content":{"rendered":"<p><strong>Programme de la visite<\/strong><\/p>\n<p><strong>Excursion priv\u00e9e en buggy de 3 heures le matin ou au coucher du soleil<\/strong><\/p>\n<p>Vous partirez de l'h\u00f4tel vers 8h00 en bus jusqu'\u00e0 la station Buggy. Apr\u00e8s avoir enfil\u00e9 votre casque et \u00e9cout\u00e9 un briefing, vous parcourrez 25 km en buggy jusqu'au village b\u00e9douin.<\/p>\n<p>Ici, vous pourrez vous d\u00e9tendre, faire une balade \u00e0 dos de chameau, d\u00e9guster du th\u00e9 b\u00e9douin<\/p>\n<p>Pr\u00e9parez-vous \u00e0 parcourir 25 km pour le retour. Vivez une exp\u00e9rience riche en sensations fortes. Ce trajet en buggy dure g\u00e9n\u00e9ralement trois heures.<\/p>\n<p>nous retournons \u00e0 l'h\u00f4tel vers 11h00<\/p>\n<p>poussette double 150\u20ac<\/p>\n<p>Poussette familiale 200\u20ac<\/p>\n<p><strong>Inclusions<\/strong><\/p>\n<p>Transferts depuis\/vers votre h\u00f4tel<br \/>\nBalade en Buggy 50 km de 2 fa\u00e7ons<br \/>\nBalade \u00e0 dos de chameau<br \/>\nGuide de safari priv\u00e9 professionnel<br \/>\nQuad et casque de s\u00e9curit\u00e9<br \/>\nTh\u00e9 et eau min\u00e9rale<br \/>\nVisite du village b\u00e9douin<strong>.<\/strong><\/p>\n<p><strong>Exclusions<\/strong><\/p>\n<p>DVD photo et vid\u00e9o<br \/>\n\u00c9charpe &amp; lunettes de protection<\/p>","protected":false},"excerpt":{"rendered":"<p>Tour Program Private Morning or sunset 3-Hours Buggy You will start from the hotel around 8 00 am BY bus to the Buggy station. After donning your helmet and listening to a briefing, YOU WIL DRIVE BUGGY 25 KM TO THE BEDUIN VILLAGE Here you can relax, ride a camel, beduin tea you get ready to go driving 25 km back . It\u2019s an amazing adrenaline experience for you to try. This trip on Buggy usually takes three hours we back to the hotel around 11:00 double buggy 150\u20ac Family buggy 200\u20ac Inclusions Transfers from\/to your hotel Ride on a Buggy 50 km in 2 ways Camel ride Professional Private safari guide Quad bike and safety helmet Tea and mineral water Visit to Bedouin village. Exclusions Photo &amp; Video DVD Scarf &amp; safety glasses.<\/p>","protected":false},"featured_media":10336,"comment_status":"open","ping_status":"closed","template":"","meta":{"_joinchat":[]},"product_brand":[],"product_cat":[37,46],"product_tag":[],"class_list":{"0":"post-10328","1":"product","2":"type-product","3":"status-publish","4":"has-post-thumbnail","6":"product_cat-safari-excursions","7":"product_cat-hurghada","9":"first","10":"instock","11":"shipping-taxable","12":"purchasable","13":"product-type-ovabrw_car_rental"},"_links":{"self":[{"href":"https:\/\/www.goldentravel-hurghada.com\/fr\/wp-json\/wp\/v2\/product\/10328","targetHints":{"allow":["GET"]}}],"collection":[{"href":"https:\/\/www.goldentravel-hurghada.com\/fr\/wp-json\/wp\/v2\/product"}],"about":[{"href":"https:\/\/www.goldentravel-hurghada.com\/fr\/wp-json\/wp\/v2\/types\/product"}],"replies":[{"embeddable":true,"href":"https:\/\/www.goldentravel-hurghada.com\/fr\/wp-json\/wp\/v2\/comments?post=10328"}],"wp:featuredmedia":[{"embeddable":true,"href":"https:\/\/www.goldentravel-hurghada.com\/fr\/wp-json\/wp\/v2\/media\/10336"}],"wp:attachment":[{"href":"https:\/\/www.goldentravel-hurghada.com\/fr\/wp-json\/wp\/v2\/media?parent=10328"}],"wp:term":[{"taxonomy":"product_brand","embeddable":true,"href":"https:\/\/www.goldentravel-hurghada.com\/fr\/wp-json\/wp\/v2\/product_brand?post=10328"},{"taxonomy":"product_cat","embeddable":true,"href":"https:\/\/www.goldentravel-hurghada.com\/fr\/wp-json\/wp\/v2\/product_cat?post=10328"},{"taxonomy":"product_tag","embeddable":true,"href":"https:\/\/www.goldentravel-hurghada.com\/fr\/wp-json\/wp\/v2\/product_tag?post=10328"}],"curies":[{"name":"wp","href":"https:\/\/api.w.org\/{rel}","templated":true}]}}