{"id":9757,"date":"2025-01-07T18:32:34","date_gmt":"2025-01-07T18:32:34","guid":{"rendered":"https:\/\/www.goldentravel-hurghada.com\/?post_type=product&#038;p=9757"},"modified":"2025-05-16T20:50:08","modified_gmt":"2025-05-16T20:50:08","slug":"mini-egypt-park","status":"publish","type":"product","link":"https:\/\/www.goldentravel-hurghada.com\/de\/produkt\/mini-egypt-park\/","title":{"rendered":"Mini Egypt Park"},"content":{"rendered":"<div class=\"vc_row wpb_row vc_row-fluid\">\n<div class=\"wpb_column vc_column_container vc_col-sm-12\">\n<div class=\"vc_column-inner\">\n<div class=\"wpb_wrapper\">\n<div class=\"heading left\"><\/div>\n<\/div>\n<\/div>\n<\/div>\n<\/div>\n<div class=\"vc_row wpb_row vc_row-fluid\">\n<div class=\"wpb_column vc_column_container vc_col-sm-12\">\n<div class=\"vc_column-inner\">\n<div class=\"wpb_wrapper\">\n<div class=\"wpb_text_column wpb_content_element\">\n<div class=\"wpb_wrapper\">\n<h3><strong>Tourprogramm<\/strong><\/h3>\n<\/div>\n<\/div>\n<\/div>\n<\/div>\n<\/div>\n<\/div>\n<div class=\"vc_row wpb_row vc_row-fluid\">\n<div class=\"wpb_column vc_column_container vc_col-sm-12\">\n<div class=\"vc_column-inner\">\n<div class=\"wpb_wrapper\">\n<div class=\"wpb_text_column wpb_content_element\">\n<div class=\"wpb_wrapper\">\n<p>Der Besuch des Mini-\u00c4gypten-Parks in Hurghada beginnt mit der Abholung von Ihrem Hotel in einem klimatisierten Fahrzeug, um das Programm zu starten.<\/p>\n<p>Der Mini-\u00c4gypten-Park befindet sich in der Makadi-Bucht und ist eine sehr beliebte Touristenattraktion, besonders f\u00fcr Familien. Wenn Ihre Kinder zu jung sind, um Kairo und Luxor zu besuchen, Sie ihnen aber zeigen m\u00f6chten, dass \u00c4gypten mehr zu bieten hat als die Badeorte, dann ist ein Besuch im Mini-\u00c4gypten-Park eine ausgezeichnete und unterhaltsame M\u00f6glichkeit, dies zu tun.<\/p>\n<p>Das Miniaturenmuseum umfasst eine Sammlung von 55 Kunstwerken:<\/p>\n<p>Bibliotheca Alexandria\n\nDas \u00c4gyptische Museum<\/p>\n<p>R\u00f6misches Amphitheater\n\nNile Hilton Hotel<\/p>\n<p>Pompeius-S\u00e4ule in Alexandria, \u00c4gypten\n\nDie Amerikanische Universit\u00e4t in Kairo (AUC)<\/p>\n<p>Zitadelle von Qaitbay\n\nKarnak-Tempel<\/p>\n<p>Montaza-Palast\n\nLuxor-Tempel<\/p>\n<p>Kairoer Opernhaus\n\nTempel von Edfu<\/p>\n<p>Der Kairo-Turm\n\nAbu-Simbel-Tempel<\/p>\n<p>Maspero-Geb\u00e4ude\n\nHatschepsut-Tempel<\/p>\n<p>Basilika-Kirche\n\nDie gro\u00dfen Pyramiden<\/p>\n<p>Die gro\u00dfe Moschee von Muhammad Ali\n\nDie Gro\u00dfe Sphinx<\/p>\n<p>Bab Zuweila\n\nSuezkanal-Beh\u00f6rde<\/p>\n<p>Al-Salam-Br\u00fccke\n\nAssuan-Hochdamm<\/p>\n<\/div>\n<\/div>\n<div class=\"vc_empty_space\"><\/div>\n<div class=\"heading left\">\n<h2>Inklusionen<\/h2>\n<\/div>\n<div class=\"wpb_text_column wpb_content_element\">\n<div class=\"wpb_wrapper\">\n<ul>\n<li>Transfer vom und zum Hotel mit einem klimatisierten Fahrzeug.<\/li>\n<li>Alle Geb\u00fchren und Steuern.<\/li>\n<li>Eintritt \/ Eintrittskarte \u2013 Mini-\u00c4gypten-Park.<\/li>\n<\/ul>\n<\/div>\n<\/div>\n<\/div>\n<\/div>\n<\/div>\n<\/div>\n<div class=\"vc_row wpb_row vc_row-fluid\">\n<div class=\"wpb_column vc_column_container vc_col-sm-12\">\n<div class=\"vc_column-inner\">\n<div class=\"wpb_wrapper\">\n<div class=\"heading left\"><\/div>\n<\/div>\n<\/div>\n<\/div>\n<\/div>\n<div class=\"vc_row wpb_row vc_row-fluid\">\n<div class=\"wpb_column vc_column_container vc_col-sm-12\">\n<div class=\"vc_column-inner\">\n<div class=\"wpb_wrapper\">\n<div class=\"wpb_text_column wpb_content_element\">\n<div class=\"wpb_wrapper\"><\/div>\n<\/div>\n<\/div>\n<\/div>\n<\/div>\n<\/div>","protected":false},"excerpt":{"rendered":"<p>Tour Program Mini Egypt Park Hurghada starts with pickup from your hotel with an air-conditioned vehicle to start the program. The Mini Egypt Park is located in Makadi Bay and is a very popular tourist attraction, especially with families. If your children are too young to visit Cairo and Luxor but you want to show them that there is more to Egypt than the seaside resorts, then a visit to Mini Egypt Park is an excellent and fun way to do so. The Miniature Museum includes a collection consisting of 55 works of art : \u2022 Alexandria Bibliotheca\u00a0 \u00a0 \u00a0 \u00a0 \u00a0 \u00a0 \u00a0 \u00a0 \u00a0 \u00a0 \u00a0 \u00a0 \u00a0 \u00a0 \u00a0\u2022 The Egyptian Museum \u2022 Roman Amphitheater\u00a0 \u00a0 \u00a0 \u00a0 \u00a0 \u00a0 \u00a0 \u00a0 \u00a0 \u00a0 \u00a0 \u00a0 \u00a0 \u00a0 \u00a0 \u00a0\u2022 Nile Hilton Hotel \u2022 Pompay\u2019s Pillar in Alexandria in Egypt\u00a0 \u00a0 \u00a0\u2022 The American University in Cairo (AUC) \u2022 Citadel of Qaitbay\u00a0 \u00a0 \u00a0 \u00a0 \u00a0 \u00a0 \u00a0 \u00a0 \u00a0 \u00a0 \u00a0 \u00a0 \u00a0 \u00a0 \u00a0 \u00a0 \u00a0 \u00a0 \u00a0\u2022 Karnak Temple \u2022 El Montazah Palace\u00a0 \u00a0 \u00a0 \u00a0 \u00a0 \u00a0 \u00a0 \u00a0 \u00a0 \u00a0 \u00a0 \u00a0 \u00a0 \u00a0 \u00a0 \u00a0 \u00a0\u2022 Luxor Temple \u2022 Cairo Opera House\u00a0 \u00a0 \u00a0 \u00a0 \u00a0 \u00a0 \u00a0 \u00a0 \u00a0 \u00a0 \u00a0 \u00a0 \u00a0 \u00a0 \u00a0 \u00a0 \u00a0 \u2022 Temple of Edfu \u2022 The Cairo Tower\u00a0 \u00a0 \u00a0 \u00a0 \u00a0 \u00a0 \u00a0 \u00a0 \u00a0 \u00a0 \u00a0 \u00a0 \u00a0 \u00a0 \u00a0 \u00a0 \u00a0 \u00a0 \u00a0 \u00a0\u2022 Abu Simbel Temple \u2022 Maspero Building\u00a0 \u00a0 \u00a0 \u00a0 \u00a0 \u00a0 \u00a0 \u00a0 \u00a0 \u00a0 \u00a0 \u00a0 \u00a0 \u00a0 \u00a0 \u00a0 \u00a0 \u00a0 \u00a0 \u2022 Hatshepsut Temple \u2022 Basilica Church\u00a0 \u00a0 \u00a0 \u00a0 \u00a0 \u00a0 \u00a0 \u00a0 \u00a0 \u00a0 \u00a0 \u00a0 \u00a0 \u00a0 \u00a0 \u00a0 \u00a0 \u00a0 \u00a0 \u00a0 \u00a0\u2022 The great pyramids \u2022 The great Mosque of Muhammad Ali\u00a0 \u00a0 \u00a0 \u00a0 \u2022 The Great Sphinx \u2022 Bab Zweila\u00a0 \u00a0 \u00a0 \u00a0 \u00a0 \u00a0 \u00a0 \u00a0 \u00a0 \u00a0 \u00a0 \u00a0 \u00a0 \u00a0 \u00a0 \u00a0 \u00a0 \u00a0 \u00a0 \u00a0 \u00a0 \u00a0 \u00a0 \u00a0 \u2022Suez Canal Authority \u2022 Al Salam bridge\u00a0 \u00a0 \u00a0 \u00a0 \u00a0 \u00a0 \u00a0 \u00a0 \u00a0 \u00a0 \u00a0 \u00a0 \u00a0 \u00a0 \u00a0 \u00a0 \u00a0 \u00a0 \u00a0 \u00a0 \u00a0\u2022 Aswan high dam Inclusions Transfers from Hotel and back by air-conditioned vehicle All Fees and Taxes Entry\/Admission \u2013 Mini Egypt park<\/p>","protected":false},"featured_media":9944,"comment_status":"open","ping_status":"closed","template":"","meta":{"_joinchat":[]},"product_brand":[],"product_cat":[43,42,46],"product_tag":[],"class_list":{"0":"post-9757","1":"product","2":"type-product","3":"status-publish","4":"has-post-thumbnail","6":"product_cat-city-tour","7":"product_cat-family-excursions","8":"product_cat-hurghada","10":"first","11":"instock","12":"shipping-taxable","13":"purchasable","14":"product-type-ovabrw_car_rental"},"_links":{"self":[{"href":"https:\/\/www.goldentravel-hurghada.com\/de\/wp-json\/wp\/v2\/product\/9757","targetHints":{"allow":["GET"]}}],"collection":[{"href":"https:\/\/www.goldentravel-hurghada.com\/de\/wp-json\/wp\/v2\/product"}],"about":[{"href":"https:\/\/www.goldentravel-hurghada.com\/de\/wp-json\/wp\/v2\/types\/product"}],"replies":[{"embeddable":true,"href":"https:\/\/www.goldentravel-hurghada.com\/de\/wp-json\/wp\/v2\/comments?post=9757"}],"wp:featuredmedia":[{"embeddable":true,"href":"https:\/\/www.goldentravel-hurghada.com\/de\/wp-json\/wp\/v2\/media\/9944"}],"wp:attachment":[{"href":"https:\/\/www.goldentravel-hurghada.com\/de\/wp-json\/wp\/v2\/media?parent=9757"}],"wp:term":[{"taxonomy":"product_brand","embeddable":true,"href":"https:\/\/www.goldentravel-hurghada.com\/de\/wp-json\/wp\/v2\/product_brand?post=9757"},{"taxonomy":"product_cat","embeddable":true,"href":"https:\/\/www.goldentravel-hurghada.com\/de\/wp-json\/wp\/v2\/product_cat?post=9757"},{"taxonomy":"product_tag","embeddable":true,"href":"https:\/\/www.goldentravel-hurghada.com\/de\/wp-json\/wp\/v2\/product_tag?post=9757"}],"curies":[{"name":"wp","href":"https:\/\/api.w.org\/{rel}","templated":true}]}}