{"id":9697,"date":"2025-01-07T18:25:52","date_gmt":"2025-01-07T18:25:52","guid":{"rendered":"https:\/\/www.goldentravel-hurghada.com\/?post_type=product&#038;p=9697"},"modified":"2025-05-09T20:31:20","modified_gmt":"2025-05-09T20:31:20","slug":"cairo-over-day-trip-by-buss","status":"publish","type":"product","link":"https:\/\/www.goldentravel-hurghada.com\/de\/produkt\/cairo-over-day-trip-by-buss\/","title":{"rendered":"Tagesausflug nach Kairo mit dem Bus."},"content":{"rendered":"<div class=\"vc_row wpb_row vc_row-fluid\">\n<div class=\"wpb_column vc_column_container vc_col-sm-12\">\n<div class=\"vc_column-inner\">\n<div class=\"wpb_wrapper\">\n<div class=\"heading left\">\n<div class=\"vc_row wpb_row vc_row-fluid\">\n<div class=\"wpb_column vc_column_container vc_col-sm-12\">\n<div class=\"vc_column-inner\">\n<div class=\"wpb_wrapper\">\n<div class=\"heading left\"><\/div>\n<\/div>\n<\/div>\n<\/div>\n<\/div>\n<div class=\"vc_row wpb_row vc_row-fluid\">\n<div class=\"wpb_column vc_column_container vc_col-sm-12\">\n<div class=\"vc_column-inner\">\n<div class=\"wpb_wrapper\">\n<div class=\"wpb_text_column wpb_content_element\">\n<div class=\"wpb_wrapper\">\n<p>&nbsp;<\/p>\n<\/div>\n<\/div>\n<div class=\"heading left\">\n<h3>Tourprogramm<\/h3>\n<\/div>\n<div class=\"wpb_text_column wpb_content_element\">\n<div class=\"wpb_wrapper\">\n<p>Wir holen Sie sp\u00e4t in der Nacht, gegen 1:00 bis 2:00 Uhr morgens, von Ihrem Hotel ab.\u00a0<strong>klimatisierter Bus.<\/strong><\/p>\n<p>Beginnen Sie mit Besuchen der gro\u00dfen Pyramiden von.\u00a0<strong>Gizeh.<br \/>\n<\/strong>erbaut von den Pharaonen. <strong>Cheops, Chephren und Mykerinos.<\/strong><\/p>\n<p>Dann fahren wir weiter, um zu besuchen.\u00a0<strong>die Sphinx.<\/strong>\u00a0which face of king<strong>\u00a0Chephren.<\/strong>\u00a0und der K\u00f6rper eines L\u00f6wen symbolisiert die St\u00e4rke<\/p>\n<p>Die Tour beinhaltet auch einen Besuch des Taltempels, der zu den Pyramiden von.\u00a0<strong>Chephren geh\u00f6rt.<\/strong><\/p>\n<p>Genie\u00dfen Sie Ihr \u00e4gyptisches Mittagessen in einem.<strong>\u00a0traditionellen Restaurant.<\/strong><\/p>\n<p>Schlie\u00dflich beenden Sie Ihren Tag und fahren dann weiter zu.\u00a0<strong>dem \u00c4gyptischen Museum.<\/strong>, wo Sie eine seltene Sammlung von 5000 Jahren Kunst sehen k\u00f6nnen, die als die gr\u00f6\u00dfte und wertvollste Sammlung \u00e4gyptischer Kunst weltweit gilt. Einschlie\u00dflich einer Ausstellung, die gewidmet ist. <strong>der Tutanchamun-Sammlung von Sch\u00e4tzen.<\/strong>, Gold und Schmuck, die in seinem Grab eingeschlossen waren.<\/p>\n<p>Verlassen Sie Kairo und kehren Sie gegen 22:00 Uhr nach Hurghada zur\u00fcck.<\/p>\n<\/div>\n<\/div>\n<\/div>\n<\/div>\n<\/div>\n<\/div>\n<div class=\"vc_row wpb_row vc_row-fluid\">\n<div class=\"wpb_column vc_column_container vc_col-sm-12\">\n<div class=\"vc_column-inner\">\n<div class=\"wpb_wrapper\">\n<div class=\"heading left\">\n<h3>Inklusionen<\/h3>\n<\/div>\n<div class=\"wpb_text_column wpb_content_element\">\n<div class=\"wpb_wrapper\">\n<ul>\n<li>Alle Transfers mit einem privaten, klimatisierten Bus.<\/li>\n<li>Privater \u00c4gyptologe als Reisef\u00fchrer.<\/li>\n<li>Besuchen Sie die Gro\u00dfen Pyramiden von Gizeh.<\/li>\n<li>Die Gro\u00dfe Sphinx.<\/li>\n<li>Besuch des Taltempels.<\/li>\n<li>Erkunden Sie das \u00c4gyptische Museum.<\/li>\n<li>Eintrittsgeb\u00fchren f\u00fcr die oben genannten Sehensw\u00fcrdigkeiten<\/li>\n<li>Mittagessen in einem lokalen Restaurant.<\/li>\n<\/ul>\n<\/div>\n<\/div>\n<div class=\"heading left\">\n<h3>Ausschl\u00fcsse<\/h3>\n<\/div>\n<div class=\"wpb_text_column wpb_content_element\">\n<div class=\"wpb_wrapper\">\n<ul>\n<li>Getr\u00e4nke im Restaurant<\/li>\n<li>Eintrittsgeb\u00fchren f\u00fcr die Chephren-Pyramide (innen).<\/li>\n<li>Bootsfahrt auf dem Nil.<\/li>\n<\/ul>\n<\/div>\n<\/div>\n<\/div>\n<\/div>\n<\/div>\n<\/div>\n<div class=\"vc_row wpb_row vc_row-fluid\">\n<div class=\"wpb_column vc_column_container vc_col-sm-12\">\n<div class=\"vc_column-inner\"><\/div>\n<\/div>\n<\/div>\n<div class=\"vc_row wpb_row vc_row-fluid\">\n<div class=\"wpb_column vc_column_container vc_col-sm-12\">\n<div class=\"vc_column-inner\">\n<div class=\"wpb_wrapper\">\n<div class=\"heading left\"><\/div>\n<div class=\"wpb_text_column wpb_content_element\">\n<div class=\"wpb_wrapper\"><\/div>\n<\/div>\n<\/div>\n<\/div>\n<\/div>\n<\/div>\n<\/div>\n<\/div>\n<\/div>\n<\/div>\n<\/div>","protected":false},"excerpt":{"rendered":"<p>&nbsp; Tour Program We will pick you up from your hotel late at night around 1:00 am to 2:00 in the morning by\u00a0airconditioned -bus Begin with visits to the great pyramids of\u00a0Giza built by the pharaohs Khufu, Khafre, and Menkaure. Then will move to vesit the\u00a0Sphinx\u00a0which face of king\u00a0Chephren\u00a0and body of lion represent the strength . The tour also includes a visit to the Valley Temple, which belongs to the Pyramids of\u00a0Chephren. Enjoy your Egyptian lunch in a\u00a0traditional restaurant. Finally, you finish then heading to\u00a0the Egyptian Museum, where you can see a rare collection of 5000 years of art which is considered the largest most precious collection of Egyptian art in the world.\u00a0 \u00a0including an exhibit dedicated to Tutankhamen collection of treasure, gold and jewelry which was enclosed in his tomb Depart from Cairo and head back to Hurghada around 22:00 Inclusions All transfers by a private air-conditioned bus Private Egyptologist guide Visit the Great Pyramids of Giza The Great Sphinx Visiting the valley temple Explore the Egyptian Museum Entrance fees for the above-mentioned sights Lunch in a local restaurant Exclusions Drinks in the restaurant Entrance fees for the pyramid of CHEPHREN inside boat trip in Nile<\/p>","protected":false},"featured_media":9712,"comment_status":"open","ping_status":"closed","template":"","meta":{"_joinchat":[]},"product_brand":[],"product_cat":[28,46],"product_tag":[],"class_list":{"0":"post-9697","1":"product","2":"type-product","3":"status-publish","4":"has-post-thumbnail","6":"product_cat-cultural-excursions","7":"product_cat-hurghada","9":"first","10":"instock","11":"shipping-taxable","12":"purchasable","13":"product-type-ovabrw_car_rental"},"_links":{"self":[{"href":"https:\/\/www.goldentravel-hurghada.com\/de\/wp-json\/wp\/v2\/product\/9697","targetHints":{"allow":["GET"]}}],"collection":[{"href":"https:\/\/www.goldentravel-hurghada.com\/de\/wp-json\/wp\/v2\/product"}],"about":[{"href":"https:\/\/www.goldentravel-hurghada.com\/de\/wp-json\/wp\/v2\/types\/product"}],"replies":[{"embeddable":true,"href":"https:\/\/www.goldentravel-hurghada.com\/de\/wp-json\/wp\/v2\/comments?post=9697"}],"wp:featuredmedia":[{"embeddable":true,"href":"https:\/\/www.goldentravel-hurghada.com\/de\/wp-json\/wp\/v2\/media\/9712"}],"wp:attachment":[{"href":"https:\/\/www.goldentravel-hurghada.com\/de\/wp-json\/wp\/v2\/media?parent=9697"}],"wp:term":[{"taxonomy":"product_brand","embeddable":true,"href":"https:\/\/www.goldentravel-hurghada.com\/de\/wp-json\/wp\/v2\/product_brand?post=9697"},{"taxonomy":"product_cat","embeddable":true,"href":"https:\/\/www.goldentravel-hurghada.com\/de\/wp-json\/wp\/v2\/product_cat?post=9697"},{"taxonomy":"product_tag","embeddable":true,"href":"https:\/\/www.goldentravel-hurghada.com\/de\/wp-json\/wp\/v2\/product_tag?post=9697"}],"curies":[{"name":"wp","href":"https:\/\/api.w.org\/{rel}","templated":true}]}}