{"id":9696,"date":"2025-01-07T18:25:39","date_gmt":"2025-01-07T18:25:39","guid":{"rendered":"https:\/\/www.goldentravel-hurghada.com\/?post_type=product&#038;p=9696"},"modified":"2025-05-07T21:47:42","modified_gmt":"2025-05-07T21:47:42","slug":"small-group-hurghada-to-luxor-valley-of-the-kings-by-vann","status":"publish","type":"product","link":"https:\/\/www.goldentravel-hurghada.com\/de\/produkt\/small-group-hurghada-to-luxor-valley-of-the-kings-by-vann\/","title":{"rendered":"Tagesausflug nach Luxor mit dem Minibus."},"content":{"rendered":"<div class=\"vc_row wpb_row vc_row-fluid\">\n<div class=\"wpb_column vc_column_container vc_col-sm-12\">\n<div class=\"vc_column-inner\">\n<div class=\"wpb_wrapper\">\n<div class=\"heading left\">\n<div class=\"vc_row wpb_row vc_row-fluid\">\n<div class=\"wpb_column vc_column_container vc_col-sm-12\">\n<div class=\"vc_column-inner\">\n<div class=\"wpb_wrapper\">\n<div class=\"heading left\"><\/div>\n<\/div>\n<\/div>\n<\/div>\n<\/div>\n<div class=\"vc_row wpb_row vc_row-fluid\">\n<div class=\"wpb_column vc_column_container vc_col-sm-12\">\n<div class=\"vc_column-inner\">\n<div class=\"wpb_wrapper\">\n<div class=\"heading left\">\n<h3>Tourprogramm<\/h3>\n<\/div>\n<\/div>\n<\/div>\n<\/div>\n<\/div>\n<div class=\"vc_row wpb_row vc_row-fluid\">\n<div class=\"wpb_column vc_column_container vc_col-sm-12\">\n<div class=\"vc_column-inner\">\n<div class=\"wpb_wrapper\">\n<div class=\"wpb_text_column wpb_content_element\">\n<div class=\"wpb_wrapper\">\n<p>Beginnen Sie Ihren Tag nach Luxor von Ihrem Hotel aus gegen 4:30\/5:00 Uhr morgens mit\u00a0<strong>klimatisierten Minibus.<\/strong>\u00a0 eine Gruppe von nur. <strong>8 people.<\/strong><\/p>\n<p>Wir beginnen unseren Besuch mit dem ber\u00fchmten <strong>Karnak-Tempel<\/strong> ... der gr\u00f6\u00dfte je gebaute Ort der Anbetung ist. Sein antiker Name Ipet-isut bedeutet \u201eder heiligste der Orte\u201c.<\/p>\n<p>Dann genie\u00dfen Sie Ihr(e)\u00a0<strong>Mittagessen<\/strong>\u00a0unterwegs in einem lokalen\u00a0<strong>Restaurant<\/strong>\u00a0in Luxor. Au\u00dferdem in Luxor mit\u00a0<strong>MINIBUS.<\/strong>, besuchen Sie das Westufer des Flusses Nil, um zu besichtigen<strong>\u00a0die beiden kolossalen Statuen von Amenhotep III. (<\/strong>Kolosse von Memnon), und dann besuchen Sie\u00a0<strong>das Tal der K\u00f6nige<\/strong>, wo die pr\u00e4chtigen Gr\u00e4ber entdeckt wurden. Diese Gr\u00e4ber wurden tief in den W\u00fcstenfels gehauen. Sie werden besuchen <strong>3 Gr\u00e4ber<\/strong>.<\/p>\n<p>Sp\u00e4ter werden Sie besuchen\u00a0<strong>der Hatschepsut-Tempel <\/strong>, dieser beeindruckende Tempel, der der\u00a0<strong>K\u00f6nigin Hatschepsut<\/strong> , der einzigen weiblichen Pharaonin, die sich in einer Reihe von Terrassen aus der W\u00fcstenebene erhebt. Danach werden Sie zur\u00fcck zu Ihrem Hotel in Hurghada gefahren.<\/p>\n<\/div>\n<\/div>\n<\/div>\n<\/div>\n<\/div>\n<\/div>\n<div class=\"vc_row wpb_row vc_row-fluid\">\n<div class=\"wpb_column vc_column_container vc_col-sm-12\">\n<div class=\"vc_column-inner\">\n<div class=\"wpb_wrapper\">\n<div class=\"heading left\">\n<h3>Inklusionen<\/h3>\n<\/div>\n<div class=\"wpb_text_column wpb_content_element\">\n<div class=\"wpb_wrapper\">\n<ul>\n<li>Abholung vom Hotel<\/li>\n<li>Karnak-Tempel<\/li>\n<li>Das Tal der K\u00f6nige<\/li>\n<li>Die Kolosse von Memnon<\/li>\n<li>Der Tempel der K\u00f6nigin Hatschepsut<\/li>\n<li>Mittagessen in einem \u00e4gyptischen Restaurant<\/li>\n<li>Die Alabasterfabrik<\/li>\n<li>Gef\u00fchrte Touren in Ihrer Sprache<\/li>\n<li>Eintrittsgeb\u00fchren f\u00fcr die oben genannten Sehensw\u00fcrdigkeiten<\/li>\n<li>Zur\u00fcckfahren nach\u00a0<strong>Hurghada<\/strong><\/li>\n<\/ul>\n<\/div>\n<\/div>\n<div class=\"heading left\">\n<h3>Ausschl\u00fcsse<\/h3>\n<\/div>\n<div class=\"wpb_text_column wpb_content_element\">\n<div class=\"wpb_wrapper\">\n<ul>\n<li>Getr\u00e4nke im Restaurant<\/li>\n<li>Boot auf dem Nil und Bananeninsel<\/li>\n<li>Grab von Tutanchamun, erfordert zus\u00e4tzliche Tickets<\/li>\n<li>Alle Optionen, die nicht im Reiseplan erw\u00e4hnt sind<\/li>\n<\/ul>\n<\/div>\n<\/div>\n<\/div>\n<\/div>\n<\/div>\n<\/div>\n<div class=\"vc_row wpb_row vc_row-fluid\">\n<div class=\"wpb_column vc_column_container vc_col-sm-12\"><\/div>\n<\/div>\n<div class=\"vc_row wpb_row vc_row-fluid\">\n<div class=\"wpb_column vc_column_container vc_col-sm-12\">\n<div class=\"vc_column-inner\">\n<div class=\"wpb_wrapper\">\n<div class=\"wpb_text_column wpb_content_element\">\n<div class=\"wpb_wrapper\"><\/div>\n<\/div>\n<\/div>\n<\/div>\n<\/div>\n<\/div>\n<\/div>\n<\/div>\n<\/div>\n<\/div>\n<\/div>","protected":false},"excerpt":{"rendered":"<p>Tour Program Start your day to Luxor from your hotel around 4:30\/5:00 in the morning by\u00a0airconditioned mini-bus\u00a0 a group of only 8 people. we will start our visit with the famous Karnak Temple which is the largest place of worship ever built. Its ancient name Ipet-isut means \u201cthe most sacred of places.\u201d Then you will enjoy your\u00a0Lunch\u00a0on the way at a local\u00a0restaurant\u00a0in Luxor. In addition in Luxor\u00a0 By\u00a0MINI-BUS, you will be visiting the \u200eWest Bank of the river Nile where to visit\u00a0the two colossal statues of Amenhotep III (Colossi of Memnon), and \u200ethen you will visit\u00a0the Valley of the Kings, where the magnificent tombs discovered, those tombs were \u200ecarved deep into the desert rock,you will visit 3 tombs. Later on you will visit\u00a0the Hatshepsut Temple , this \u200eimpressive temple dedicated to the\u00a0Queen Hatshepsut the only female pharaoh that rises out of the \u200edesert plain in a series of terraces. Then you will be driven \u200eback to your hotel in\u00a0Hurghada.\u200e Inclusions Pick up from Hotel Karnak temple The valley of the kings The Colossi of Memnon The Queen Hatshepsut temple Lunch in Egyptian Restaurant The Alabaster Factory Guided tours in your language Entrance fees for the above-mentioned sights Drive back to\u00a0Hurghada. Exclusions Drinks in the restaurant Boat on the Nile and banana island; Tut Ankh\u00a0Amon tomb, Requires additional Tickets Any options not mentioned in the itinerary.<\/p>","protected":false},"featured_media":9711,"comment_status":"open","ping_status":"closed","template":"","meta":{"_joinchat":[]},"product_brand":[],"product_cat":[28,46],"product_tag":[],"class_list":{"0":"post-9696","1":"product","2":"type-product","3":"status-publish","4":"has-post-thumbnail","6":"product_cat-cultural-excursions","7":"product_cat-hurghada","9":"first","10":"instock","11":"shipping-taxable","12":"purchasable","13":"product-type-ovabrw_car_rental"},"_links":{"self":[{"href":"https:\/\/www.goldentravel-hurghada.com\/de\/wp-json\/wp\/v2\/product\/9696","targetHints":{"allow":["GET"]}}],"collection":[{"href":"https:\/\/www.goldentravel-hurghada.com\/de\/wp-json\/wp\/v2\/product"}],"about":[{"href":"https:\/\/www.goldentravel-hurghada.com\/de\/wp-json\/wp\/v2\/types\/product"}],"replies":[{"embeddable":true,"href":"https:\/\/www.goldentravel-hurghada.com\/de\/wp-json\/wp\/v2\/comments?post=9696"}],"wp:featuredmedia":[{"embeddable":true,"href":"https:\/\/www.goldentravel-hurghada.com\/de\/wp-json\/wp\/v2\/media\/9711"}],"wp:attachment":[{"href":"https:\/\/www.goldentravel-hurghada.com\/de\/wp-json\/wp\/v2\/media?parent=9696"}],"wp:term":[{"taxonomy":"product_brand","embeddable":true,"href":"https:\/\/www.goldentravel-hurghada.com\/de\/wp-json\/wp\/v2\/product_brand?post=9696"},{"taxonomy":"product_cat","embeddable":true,"href":"https:\/\/www.goldentravel-hurghada.com\/de\/wp-json\/wp\/v2\/product_cat?post=9696"},{"taxonomy":"product_tag","embeddable":true,"href":"https:\/\/www.goldentravel-hurghada.com\/de\/wp-json\/wp\/v2\/product_tag?post=9696"}],"curies":[{"name":"wp","href":"https:\/\/api.w.org\/{rel}","templated":true}]}}