{"id":9611,"date":"2025-01-07T00:52:39","date_gmt":"2025-01-07T00:52:39","guid":{"rendered":"https:\/\/www.goldentravel-hurghada.com\/?post_type=product&#038;p=9611"},"modified":"2025-05-16T20:49:54","modified_gmt":"2025-05-16T20:49:54","slug":"grand-aquariumm","status":"publish","type":"product","link":"https:\/\/www.goldentravel-hurghada.com\/de\/produkt\/grand-aquariumm\/","title":{"rendered":"Grand Aquarium"},"content":{"rendered":"<div class=\"vc_row wpb_row vc_row-fluid\">\n<div class=\"wpb_column vc_column_container vc_col-sm-12\">\n<div class=\"vc_column-inner\">\n<div class=\"wpb_wrapper\">\n<div class=\"heading left\"><\/div>\n<\/div>\n<\/div>\n<\/div>\n<\/div>\n<div class=\"vc_row wpb_row vc_row-fluid\">\n<div class=\"wpb_column vc_column_container vc_col-sm-12\">\n<div class=\"vc_column-inner\">\n<div class=\"wpb_wrapper\">\n<div class=\"wpb_text_column wpb_content_element\">\n<div class=\"wpb_wrapper\">\n<p>&nbsp;<\/p>\n<\/div>\n<\/div>\n<\/div>\n<\/div>\n<\/div>\n<\/div>\n<div class=\"vc_row wpb_row vc_row-fluid\">\n<div class=\"wpb_column vc_column_container vc_col-sm-12\">\n<div class=\"vc_column-inner\">\n<div class=\"wpb_wrapper\">\n<div class=\"heading left\">\n<h2>Tourprogramm<\/h2>\n<\/div>\n<\/div>\n<\/div>\n<\/div>\n<\/div>\n<div class=\"vc_row wpb_row vc_row-fluid\">\n<div class=\"wpb_column vc_column_container vc_col-sm-12\">\n<div class=\"vc_column-inner\">\n<div class=\"wpb_wrapper\">\n<div class=\"wpb_text_column wpb_content_element\">\n<div class=\"wpb_wrapper\">\n<p>Wir holen Sie von Ihrem Hotel in Hurghada ab und bringen Sie zum Hurghada Grand Aquarium, wo Sie unvergessliche Touren in Hurghada erleben werden.<\/p>\n<p>Entdecken Sie das \u201eRote Meer im Glas\u201c mit einem Eintrittsticket und einer Tour durch das Hurghada Grand Aquarium, eine der neuesten familienfreundlichen Attraktionen \u00c4gyptens!<\/p>\n<p>Genie\u00dfen Sie mehr als 1.200 Arten in 24 Galerien, um das Unterwasserleben im Hurghada Grand Aquarium zu erkunden. Sehen Sie wundersch\u00f6ne Meereslebewesen, darunter Rochen, Haie und Schildkr\u00f6ten, und werden Sie im Ber\u00fchrungsbecken interaktiv!<\/p>\n<p>Gehen Sie zum Freiluft-Mini-Zoo, um einheimische Wildtiere aus n\u00e4chster N\u00e4he zu erleben.<\/p>\n<p>, werden Sie zur\u00fcck zu Ihrem Hotel gebracht.<\/p>\n<\/div>\n<\/div>\n<\/div>\n<\/div>\n<\/div>\n<\/div>\n<div class=\"vc_row wpb_row vc_row-fluid\">\n<div class=\"wpb_column vc_column_container vc_col-sm-12\">\n<div class=\"vc_column-inner\">\n<div class=\"wpb_wrapper\">\n<div class=\"heading left\">\n<h2>Dauer<\/h2>\n<\/div>\n<div class=\"wpb_text_column wpb_content_element\">\n<div class=\"wpb_wrapper\">\n<ul>\n<li>Dauer: 2 Stunden.<\/li>\n<\/ul>\n<\/div>\n<\/div>\n<\/div>\n<\/div>\n<\/div>\n<\/div>","protected":false},"excerpt":{"rendered":"<p>&nbsp; Tour Program Will pick up you from your hotel in Hurghada, to\u00a0 the Hurghada Grand Aquarium and experience unforgettable tours in Hurghada. Discover the \u201c\u201dRed Sea in Glass\u201d\u201d with an entrance ticket and tour of the Hurghada Grand Aquarium, one of Egypt\u2019s newest, family-friendly attractions! Enjoy with more than one thousand and two hundred species in 24 galleries to explore the underwater life from the Hurghada Grand Aquarium .See beautiful marine life, including stingrays, sharks and turtles, and get interactive at the touch tank! go to the open area mini zoo to get up close to native wildlife . ,will be transferred back to your hotel Duration Duration: 2 hours.<\/p>","protected":false},"featured_media":9629,"comment_status":"open","ping_status":"closed","template":"","meta":{"_joinchat":[]},"product_brand":[],"product_cat":[43,42,46],"product_tag":[],"class_list":{"0":"post-9611","1":"product","2":"type-product","3":"status-publish","4":"has-post-thumbnail","6":"product_cat-city-tour","7":"product_cat-family-excursions","8":"product_cat-hurghada","10":"first","11":"instock","12":"shipping-taxable","13":"purchasable","14":"product-type-ovabrw_car_rental"},"_links":{"self":[{"href":"https:\/\/www.goldentravel-hurghada.com\/de\/wp-json\/wp\/v2\/product\/9611","targetHints":{"allow":["GET"]}}],"collection":[{"href":"https:\/\/www.goldentravel-hurghada.com\/de\/wp-json\/wp\/v2\/product"}],"about":[{"href":"https:\/\/www.goldentravel-hurghada.com\/de\/wp-json\/wp\/v2\/types\/product"}],"replies":[{"embeddable":true,"href":"https:\/\/www.goldentravel-hurghada.com\/de\/wp-json\/wp\/v2\/comments?post=9611"}],"wp:featuredmedia":[{"embeddable":true,"href":"https:\/\/www.goldentravel-hurghada.com\/de\/wp-json\/wp\/v2\/media\/9629"}],"wp:attachment":[{"href":"https:\/\/www.goldentravel-hurghada.com\/de\/wp-json\/wp\/v2\/media?parent=9611"}],"wp:term":[{"taxonomy":"product_brand","embeddable":true,"href":"https:\/\/www.goldentravel-hurghada.com\/de\/wp-json\/wp\/v2\/product_brand?post=9611"},{"taxonomy":"product_cat","embeddable":true,"href":"https:\/\/www.goldentravel-hurghada.com\/de\/wp-json\/wp\/v2\/product_cat?post=9611"},{"taxonomy":"product_tag","embeddable":true,"href":"https:\/\/www.goldentravel-hurghada.com\/de\/wp-json\/wp\/v2\/product_tag?post=9611"}],"curies":[{"name":"wp","href":"https:\/\/api.w.org\/{rel}","templated":true}]}}