{"id":9609,"date":"2025-01-07T00:45:26","date_gmt":"2025-01-07T00:45:26","guid":{"rendered":"https:\/\/www.goldentravel-hurghada.com\/?post_type=product&#038;p=9609"},"modified":"2025-06-22T19:28:28","modified_gmt":"2025-06-22T19:28:28","slug":"dolphin-show","status":"publish","type":"product","link":"https:\/\/www.goldentravel-hurghada.com\/de\/produkt\/dolphin-show\/","title":{"rendered":"Dolphin Show"},"content":{"rendered":"<div class=\"vc_row wpb_row vc_row-fluid\">\n<div class=\"wpb_column vc_column_container vc_col-sm-12\">\n<div class=\"vc_column-inner\">\n<div class=\"wpb_wrapper\">\n<div class=\"heading left\"><\/div>\n<\/div>\n<\/div>\n<\/div>\n<\/div>\n<div class=\"vc_row wpb_row vc_row-fluid\">\n<div class=\"wpb_column vc_column_container vc_col-sm-12\">\n<div class=\"vc_column-inner\">\n<div class=\"wpb_wrapper\">\n<div class=\"wpb_text_column wpb_content_element\">\n<div class=\"wpb_wrapper\">\n<p>&nbsp;<\/p>\n<\/div>\n<\/div>\n<\/div>\n<\/div>\n<\/div>\n<\/div>\n<div class=\"vc_row wpb_row vc_row-fluid\">\n<div class=\"wpb_column vc_column_container vc_col-sm-12\">\n<div class=\"vc_column-inner\">\n<div class=\"wpb_wrapper\">\n<div class=\"heading left\">\n<h2>Tourprogramm<\/h2>\n<\/div>\n<\/div>\n<\/div>\n<\/div>\n<\/div>\n<div class=\"vc_row wpb_row vc_row-fluid\">\n<div class=\"wpb_column vc_column_container vc_col-sm-12\">\n<div class=\"vc_column-inner\">\n<div class=\"wpb_wrapper\">\n<div class=\"wpb_text_column wpb_content_element\">\n<div class=\"wpb_wrapper\">\n<p>Sie werden um 9:00 Uhr oder nachmittags um 15:00 Uhr von Ihrem Hotel abgeholt. Wenn Sie ankommen, machen Sie sich bereit f\u00fcr eine unglaubliche 1-st\u00fcndige Delfinshow mit 3 erstaunlich intelligenten und verspielten Delfinen und Robben.<\/p>\n<p><strong>Erste Vorstellung \u2013<\/strong>\u00a0Seehunde (SEALS): Zwei Seehunde und ihr Trainer f\u00fchren eine Tanzshow zu Musik auf.<br \/>\n<strong>Zweite Vorstellung<\/strong>\u00a0\u2013 Walross: LAILA zeigt ihre Trainingsroutine und wie sie ihr eigenes Musikinstrument spielen kann! Und wie liebevoll sie mit ihrem menschlichen Partner sein kann!<\/p>\n<p><strong>Dritte Vorstellung \u2013<\/strong>\u00a0Seel\u00f6we: DIMOS und sein Trainer zeigen ihre Routine im und au\u00dferhalb des Wassers, einschlie\u00dflich Spielen.<br \/>\n<strong>Vierte Vorstellung \u2013<\/strong> Delfine: Unsere 3 Stars \u2013 GERASEM, SABRINA und FIONA \u2013 zeigen Einzel- und Teamauftritte. Genie\u00dfen Sie einen direkten R\u00fccktransfer zu Ihrem Hotel in Hurghada.<\/p>\n<\/div>\n<\/div>\n<\/div>\n<\/div>\n<\/div>\n<\/div>\n<div class=\"vc_row wpb_row vc_row-fluid\">\n<div class=\"wpb_column vc_column_container vc_col-sm-12\">\n<div class=\"vc_column-inner\"><\/div>\n<\/div>\n<\/div>\n<div class=\"vc_row wpb_row vc_row-fluid\">\n<div class=\"wpb_column vc_column_container vc_col-sm-12\">\n<div class=\"vc_column-inner\">\n<div class=\"wpb_wrapper\">\n<div class=\"heading left\">\n<h2>\u00a0Dauer<\/h2>\n<\/div>\n<div class=\"wpb_text_column wpb_content_element\">\n<div class=\"wpb_wrapper\">\n<ul>\n<li>Dauer: 2 Stunden<\/li>\n<\/ul>\n<\/div>\n<\/div>\n<\/div>\n<\/div>\n<\/div>\n<\/div>\n<div class=\"vc_row wpb_row vc_row-fluid\">\n<div class=\"wpb_column vc_column_container vc_col-sm-12\">\n<div class=\"vc_column-inner\">\n<div class=\"wpb_wrapper\">\n<div class=\"heading left\"><\/div>\n<div class=\"wpb_text_column wpb_content_element\">\n<div class=\"wpb_wrapper\"><\/div>\n<\/div>\n<\/div>\n<\/div>\n<\/div>\n<\/div>","protected":false},"excerpt":{"rendered":"<p>&nbsp; Tour Program You will be picked up from your hotel at 9:00 or afternoon about 15:00. Once you arrive, get ready for an incredible 1-hour dolphin show with 3 surprisingly smart and playful dolphins &amp; seals. First show \u2013\u00a0Sea Cats (SEALS) : two Sea Cats and their coach perform to dance music. Second show\u00a0\u2013Walrus : LAILA shows off her exercise routine and how she can play her own musical instrument! And how affectionate she can be with her human partner! Third show \u2013\u00a0Sea lion : DIMOS and his Trainer show their routine in and out of the water including games Fourth show\u2013 Dolphins : Our 3 stars \u2013 GERASEM, SABRINA and FIONA \u2013 make individual and team \u00a0enjoy a transfer directly back to your hotel in Hurghada. \u00a0Duration Duration: 2 hours<\/p>","protected":false},"featured_media":9620,"comment_status":"open","ping_status":"closed","template":"","meta":{"_joinchat":[]},"product_brand":[],"product_cat":[42,46,32],"product_tag":[],"class_list":{"0":"post-9609","1":"product","2":"type-product","3":"status-publish","4":"has-post-thumbnail","6":"product_cat-family-excursions","7":"product_cat-hurghada","8":"product_cat-sea-excursions","10":"first","11":"instock","12":"shipping-taxable","13":"purchasable","14":"product-type-ovabrw_car_rental"},"_links":{"self":[{"href":"https:\/\/www.goldentravel-hurghada.com\/de\/wp-json\/wp\/v2\/product\/9609","targetHints":{"allow":["GET"]}}],"collection":[{"href":"https:\/\/www.goldentravel-hurghada.com\/de\/wp-json\/wp\/v2\/product"}],"about":[{"href":"https:\/\/www.goldentravel-hurghada.com\/de\/wp-json\/wp\/v2\/types\/product"}],"replies":[{"embeddable":true,"href":"https:\/\/www.goldentravel-hurghada.com\/de\/wp-json\/wp\/v2\/comments?post=9609"}],"wp:featuredmedia":[{"embeddable":true,"href":"https:\/\/www.goldentravel-hurghada.com\/de\/wp-json\/wp\/v2\/media\/9620"}],"wp:attachment":[{"href":"https:\/\/www.goldentravel-hurghada.com\/de\/wp-json\/wp\/v2\/media?parent=9609"}],"wp:term":[{"taxonomy":"product_brand","embeddable":true,"href":"https:\/\/www.goldentravel-hurghada.com\/de\/wp-json\/wp\/v2\/product_brand?post=9609"},{"taxonomy":"product_cat","embeddable":true,"href":"https:\/\/www.goldentravel-hurghada.com\/de\/wp-json\/wp\/v2\/product_cat?post=9609"},{"taxonomy":"product_tag","embeddable":true,"href":"https:\/\/www.goldentravel-hurghada.com\/de\/wp-json\/wp\/v2\/product_tag?post=9609"}],"curies":[{"name":"wp","href":"https:\/\/api.w.org\/{rel}","templated":true}]}}