{"id":9573,"date":"2025-01-07T00:35:34","date_gmt":"2025-01-07T00:35:34","guid":{"rendered":"https:\/\/www.goldentravel-hurghada.com\/?post_type=product&#038;p=9573"},"modified":"2025-05-16T19:54:33","modified_gmt":"2025-05-16T19:54:33","slug":"mega-safari-from-hurghadaa","status":"publish","type":"product","link":"https:\/\/www.goldentravel-hurghada.com\/de\/produkt\/mega-safari-from-hurghadaa\/","title":{"rendered":"Mega-Safari"},"content":{"rendered":"<div class=\"vc_row wpb_row vc_row-fluid\">\n<div class=\"wpb_column vc_column_container vc_col-sm-12\">\n<div class=\"vc_column-inner\">\n<div class=\"wpb_wrapper\">\n<div class=\"heading left\">\n<div class=\"vc_row wpb_row vc_row-fluid\">\n<div class=\"wpb_column vc_column_container vc_col-sm-12\">\n<div class=\"vc_column-inner\">\n<div class=\"wpb_wrapper\">\n<div class=\"heading left\"><\/div>\n<\/div>\n<\/div>\n<\/div>\n<\/div>\n<div class=\"vc_row wpb_row vc_row-fluid\">\n<div class=\"wpb_column vc_column_container vc_col-sm-12\">\n<div class=\"vc_column-inner\">\n<div class=\"wpb_wrapper\">\n<div class=\"wpb_text_column wpb_content_element\">\n<div class=\"wpb_wrapper\">\n<p>&nbsp;<\/p>\n<\/div>\n<\/div>\n<\/div>\n<\/div>\n<\/div>\n<\/div>\n<div class=\"vc_row wpb_row vc_row-fluid\">\n<div class=\"wpb_column vc_column_container vc_col-sm-12\">\n<div class=\"vc_column-inner\">\n<div class=\"wpb_wrapper\">\n<div class=\"heading left\">\n<h2>Tourprogramm<\/h2>\n<\/div>\n<\/div>\n<\/div>\n<\/div>\n<\/div>\n<div class=\"vc_row wpb_row vc_row-fluid\">\n<div class=\"wpb_column vc_column_container vc_col-sm-12\">\n<div class=\"vc_column-inner\">\n<div class=\"wpb_wrapper\">\n<div class=\"wpb_text_column wpb_content_element\">\n<div class=\"wpb_wrapper\">\n<div id=\"tw-target-text-container\" class=\"tw-ta-container hide-focus-ring tw-nfl\" tabindex=\"0\">\n<p>Die Reise beginnt mit der Abholung von Ihrem Hotel und der Fahrt zur Safari-Station gegen 12:00 Uhr.<\/p>\n<p>Wir starten unser Programm mit einem Honda Quad f\u00fcr 45 Minuten, um die goldene W\u00fcste zu erkunden und machen einige Stopps, um Fotos in der beeindruckenden HURGHADA-W\u00fcste zu machen.<\/p>\n<p>Zweitens fahren wir mit einem Spider-Car (Buggy) f\u00fcr 15 Minuten \u2013 Familienbuggy oder Doppelbuggy.<\/p>\n<p>Dann erleben Sie eine aufregende Jeep-Safari durch die W\u00fcste, erklimmen Sie Sandd\u00fcnen auf dem Weg zum Beduinendorf.<\/p>\n<p>Nach etwa 25 km Jeep-Safari erreichen Sie Ihr Ziel (Beduinendorf). Hier k\u00f6nnen Sie sich entspannen, auf einem Kamel reiten, ein Spider-Car fahren, Beduinentee genie\u00dfen und mehr \u00fcber das traditionelle Leben der Beduinen erfahren.<\/p>\n<p>R\u00fcckkehr vom Beduinendorf, um ein traditionelles Abendessen und eine Show zu genie\u00dfen. Genie\u00dfen Sie ein gem\u00fctliches Barbecue-Abendessen unter freiem Himmel und bewundern Sie die fantastischen Aussichten auf den Sonnenuntergang. Sehen Sie sich eine traditionelle Show mit Tanoura-T\u00e4nzern und Baucht\u00e4nzerinnen an.<\/p>\n<p>R\u00fcckkehr vom Beduinendorf zum Hotel gegen 18:30 Uhr.<\/p>\n<\/div>\n<\/div>\n<\/div>\n<div class=\"heading left\">\n<h2>Inklusionen<\/h2>\n<\/div>\n<div class=\"wpb_text_column wpb_content_element\">\n<div class=\"wpb_wrapper\">\n<ul>\n<li>Transfer von\/zu Ihrem Hotel<\/li>\n<li>Fahrt mit einem Quad f\u00fcr 45 Minuten<\/li>\n<li>Jeep 4\u00d74-Fahrt zum Beduinendorf<\/li>\n<li>Spider-Car-Fahrt (<span class=\"activity-inclusions__test activity-inclusions__test--include\" data-v-719f7364=\"\">Buggy) f\u00fcr 15 Minuten<\/span><\/li>\n<li>Kamelritt<\/li>\n<li>Professioneller Safari-Guide<\/li>\n<li>Tee und Mineralwasser<\/li>\n<li>Besuch des Beduinendorfs<\/li>\n<li>Abendessen und Show<\/li>\n<\/ul>\n<\/div>\n<\/div>\n<\/div>\n<\/div>\n<\/div>\n<\/div>\n<div class=\"vc_row wpb_row vc_row-fluid\">\n<div class=\"wpb_column vc_column_container vc_col-sm-12\">\n<div class=\"vc_column-inner\">\n<div class=\"wpb_wrapper\">\n<div class=\"heading left\">\n<h2>Ausschl\u00fcsse<\/h2>\n<\/div>\n<div class=\"wpb_text_column wpb_content_element\">\n<div class=\"wpb_wrapper\">\n<ul>\n<li>Foto- &amp; Video-DVD<\/li>\n<li>Schal &amp; Schutzbrille<\/li>\n<\/ul>\n<\/div>\n<\/div>\n<\/div>\n<\/div>\n<\/div>\n<\/div>\n<div class=\"vc_row wpb_row vc_row-fluid\">\n<div class=\"wpb_column vc_column_container vc_col-sm-12\"><\/div>\n<\/div>\n<div class=\"vc_row wpb_row vc_row-fluid\">\n<div class=\"wpb_column vc_column_container vc_col-sm-12\">\n<div class=\"vc_column-inner\">\n<div class=\"wpb_wrapper\">\n<div class=\"wpb_text_column wpb_content_element\">\n<div class=\"wpb_wrapper\"><\/div>\n<\/div>\n<\/div>\n<\/div>\n<\/div>\n<\/div>\n<\/div>\n<\/div>\n<\/div>\n<\/div>\n<\/div>","protected":false},"excerpt":{"rendered":"<p>&nbsp; Tour Program The trip starts with pickup from your hotel and travel to the Safari\u00a0 station aroud 12:00 We start our program with a Honda quad bike for 45 minutes to discover the gold desert and make some stops to take photos in the amazing\u00a0HURGHADA\u00a0desert. second we will drive spider car (buggy) for 15 minutes family buggy or double buggy Then, experience an exciting jeep safari through the desert, climbing sand dunes on the way to the Bedouin village . After about\u00a0 25 km by jeep safari, you will reach your destination (Bedouin village). Here you can relax, ride a camel, ride a Spider car, enjoy\u00a0 beduin tea and learn about the traditional life of the Bedouins. Back from Bedouin village again to enjoy a traditional dinner and show. Enjoy a cozy evening barbecue diner in the open air and admire the fantastic views of the sunset. Watch a traditional show, Tanoura dancers, and belly dancers. Back from Bedouin village again to hotel about 18:30. Inclusions Transfers from\/to your hotel; Ride on a quad bike for 45 minutes Jeep 4\u00d74 ride to bedouin village Spider car ride (Buggy ) for 15 minutes Camel ride Professional speaking safari guide Tea and mineral water Visit to Bedouin village dinner and show Exclusions Photo &amp; Video DVD Scarf &amp; safety glasses.<\/p>","protected":false},"featured_media":10294,"comment_status":"open","ping_status":"closed","template":"","meta":{"_joinchat":[]},"product_brand":[],"product_cat":[37,46],"product_tag":[],"class_list":{"0":"post-9573","1":"product","2":"type-product","3":"status-publish","4":"has-post-thumbnail","6":"product_cat-safari-excursions","7":"product_cat-hurghada","9":"first","10":"instock","11":"shipping-taxable","12":"purchasable","13":"product-type-ovabrw_car_rental"},"_links":{"self":[{"href":"https:\/\/www.goldentravel-hurghada.com\/de\/wp-json\/wp\/v2\/product\/9573","targetHints":{"allow":["GET"]}}],"collection":[{"href":"https:\/\/www.goldentravel-hurghada.com\/de\/wp-json\/wp\/v2\/product"}],"about":[{"href":"https:\/\/www.goldentravel-hurghada.com\/de\/wp-json\/wp\/v2\/types\/product"}],"replies":[{"embeddable":true,"href":"https:\/\/www.goldentravel-hurghada.com\/de\/wp-json\/wp\/v2\/comments?post=9573"}],"wp:featuredmedia":[{"embeddable":true,"href":"https:\/\/www.goldentravel-hurghada.com\/de\/wp-json\/wp\/v2\/media\/10294"}],"wp:attachment":[{"href":"https:\/\/www.goldentravel-hurghada.com\/de\/wp-json\/wp\/v2\/media?parent=9573"}],"wp:term":[{"taxonomy":"product_brand","embeddable":true,"href":"https:\/\/www.goldentravel-hurghada.com\/de\/wp-json\/wp\/v2\/product_brand?post=9573"},{"taxonomy":"product_cat","embeddable":true,"href":"https:\/\/www.goldentravel-hurghada.com\/de\/wp-json\/wp\/v2\/product_cat?post=9573"},{"taxonomy":"product_tag","embeddable":true,"href":"https:\/\/www.goldentravel-hurghada.com\/de\/wp-json\/wp\/v2\/product_tag?post=9573"}],"curies":[{"name":"wp","href":"https:\/\/api.w.org\/{rel}","templated":true}]}}