{"id":9505,"date":"2025-01-06T23:55:31","date_gmt":"2025-01-06T23:55:31","guid":{"rendered":"https:\/\/www.goldentravel-hurghada.com\/?post_type=product&#038;p=9505"},"modified":"2025-08-26T20:39:41","modified_gmt":"2025-08-26T20:39:41","slug":"sindbad-submarine","status":"publish","type":"product","link":"https:\/\/www.goldentravel-hurghada.com\/de\/produkt\/sindbad-submarine\/","title":{"rendered":"Sindbad Submarine"},"content":{"rendered":"<div class=\"vc_row wpb_row vc_row-fluid\">\n<div class=\"wpb_column vc_column_container vc_col-sm-12\">\n<div class=\"vc_column-inner\">\n<div class=\"wpb_wrapper\">\n<div class=\"heading left\"><\/div>\n<\/div>\n<\/div>\n<\/div>\n<\/div>\n<div class=\"vc_row wpb_row vc_row-fluid\">\n<div class=\"wpb_column vc_column_container vc_col-sm-12\">\n<div class=\"vc_column-inner\">\n<div class=\"wpb_wrapper\">\n<div class=\"wpb_text_column wpb_content_element\">\n<div class=\"wpb_wrapper\">\n<h2>Tourprogramm<\/h2>\n<\/div>\n<\/div>\n<\/div>\n<\/div>\n<\/div>\n<\/div>\n<div class=\"vc_row wpb_row vc_row-fluid\">\n<div class=\"wpb_column vc_column_container vc_col-sm-12\">\n<div class=\"vc_column-inner\">\n<div class=\"wpb_wrapper\">\n<div class=\"wpb_text_column wpb_content_element\">\n<div class=\"wpb_wrapper\">\n<p>Nachdem Sie von Ihrem Hotel abgeholt wurden, werden Sie zum Pier gebracht, um an Bord zu gehen. Das Sindbad-U-Boot bietet Platz f\u00fcr 44 Personen und 2 Piloten und verf\u00fcgt \u00fcber speziell konstruierte Fenster, um Ihre Unterwasseraussicht zu maximieren. Es taucht bis zu einer Tiefe von 22 Metern ab, wo Sie verschiedene Arten von Korallenriffen und bunten Fischen sehen k\u00f6nnen.<\/p>\n<p>Die Reise in die Tiefen des Roten Meeres ist ein magisches Erlebnis f\u00fcr die ganze Familie, denn auch mit kleinen Kindern haben Sie die M\u00f6glichkeit, die Unterwasserwelt zu entdecken, ohne einen ganzen Tag auf dem Boot zu verbringen.<\/p>\n<p>Nach Ihrer Seereise legt Ihr U-Boot wieder am Pier an. Ihr Erlebnis endet dann mit der R\u00fcckfahrt zu Ihrem Hotel.<\/p>\n<\/div>\n<\/div>\n<div class=\"heading left\">\n<h2>Inklusionen<\/h2>\n<\/div>\n<div class=\"wpb_text_column wpb_content_element\">\n<div class=\"wpb_wrapper\">\n<ul>\n<li>Transfer von Ihrem Hotel und R\u00fcckfahrt mit einem modernen Reisebus<\/li>\n<li>Eintrittsgeb\u00fchren und U-Boot-Ticket<\/li>\n<li>Reiseleiter-Assistenz<\/li>\n<li>All taxes and service charges<\/li>\n<\/ul>\n<\/div>\n<\/div>\n<\/div>\n<\/div>\n<\/div>\n<\/div>\n<div class=\"vc_row wpb_row vc_row-fluid\">\n<div class=\"wpb_column vc_column_container vc_col-sm-12\">\n<div class=\"vc_column-inner\">\n<div class=\"wpb_wrapper\">\n<div class=\"heading left\"><\/div>\n<div class=\"wpb_text_column wpb_content_element\">\n<div class=\"wpb_wrapper\"><\/div>\n<\/div>\n<\/div>\n<\/div>\n<\/div>\n<\/div>\n<div class=\"vc_row wpb_row vc_row-fluid\">\n<div class=\"wpb_column vc_column_container vc_col-sm-12\">\n<div class=\"vc_column-inner\"><\/div>\n<\/div>\n<\/div>\n<div class=\"vc_row wpb_row vc_row-fluid\">\n<div class=\"wpb_column vc_column_container vc_col-sm-12\">\n<div class=\"vc_column-inner\">\n<div class=\"wpb_wrapper\">\n<div class=\"heading left\">\n<h2>\u00a0Dauer<\/h2>\n<\/div>\n<div class=\"wpb_text_column wpb_content_element\">\n<div class=\"wpb_wrapper\">\n<p><strong>Erste Fahrt<\/strong><\/p>\n<ul>\n<li>Abholung: Gegen 10:00 Uhr (abh\u00e4ngig von der Lage Ihres Hotels in Hurghada)<\/li>\n<\/ul>\n<p><strong>Zweite Fahrt<\/strong><\/p>\n<ul>\n<li>Abholung: Gegen 12:30 Uhr (abh\u00e4ngig von der Lage Ihres Hotels in Hurghada)<\/li>\n<li>Dauer: 3 Stunden\n<div class=\"tF2Cxc\">\n<div class=\"IsZvec\">\n<div class=\"fG8Fp uo4vr\"><\/div>\n<\/div>\n<\/div>\n<\/li>\n<\/ul>\n<\/div>\n<\/div>\n<\/div>\n<\/div>\n<\/div>\n<\/div>","protected":false},"excerpt":{"rendered":"<p>Tour Program After you are picked up from your hotel, you will be transferred to the pier for boarding.The Sinbad Submarine seats 44 people and 2 pilots, and has windows specially constructed to maximize your underwater viewing. It descends to a depth up to 22 meters where you can see different kinds of coral reefs and colored fish. The\u00a0trip\u00a0into the depths of the Red Sea is a magical experience for the whole family, because even with young children you have the opportunity to discover the underwater world without spending a whole day on the boat. After your sea trip, your submarine will dock back at the pier. Your experience then concludes with a drop-off at your hotel. Inclusions Transfer from your hotel and return by a modern coach Entrance fees and sumbarin ticket Guide assistance All taxes and service charges \u00a0Duration First journey: Pickup: Around 10:00 Am (Depending on your hotel location in Hurghada). Second journey: Pickup: Around 12:30 Pm (Depending on your hotel location in Hurghada) Duration: 3 hours<\/p>","protected":false},"featured_media":9536,"comment_status":"open","ping_status":"closed","template":"","meta":{"_joinchat":[]},"product_brand":[],"product_cat":[46,32],"product_tag":[],"class_list":{"0":"post-9505","1":"product","2":"type-product","3":"status-publish","4":"has-post-thumbnail","6":"product_cat-hurghada","7":"product_cat-sea-excursions","9":"first","10":"instock","11":"shipping-taxable","12":"purchasable","13":"product-type-ovabrw_car_rental"},"_links":{"self":[{"href":"https:\/\/www.goldentravel-hurghada.com\/de\/wp-json\/wp\/v2\/product\/9505","targetHints":{"allow":["GET"]}}],"collection":[{"href":"https:\/\/www.goldentravel-hurghada.com\/de\/wp-json\/wp\/v2\/product"}],"about":[{"href":"https:\/\/www.goldentravel-hurghada.com\/de\/wp-json\/wp\/v2\/types\/product"}],"replies":[{"embeddable":true,"href":"https:\/\/www.goldentravel-hurghada.com\/de\/wp-json\/wp\/v2\/comments?post=9505"}],"wp:featuredmedia":[{"embeddable":true,"href":"https:\/\/www.goldentravel-hurghada.com\/de\/wp-json\/wp\/v2\/media\/9536"}],"wp:attachment":[{"href":"https:\/\/www.goldentravel-hurghada.com\/de\/wp-json\/wp\/v2\/media?parent=9505"}],"wp:term":[{"taxonomy":"product_brand","embeddable":true,"href":"https:\/\/www.goldentravel-hurghada.com\/de\/wp-json\/wp\/v2\/product_brand?post=9505"},{"taxonomy":"product_cat","embeddable":true,"href":"https:\/\/www.goldentravel-hurghada.com\/de\/wp-json\/wp\/v2\/product_cat?post=9505"},{"taxonomy":"product_tag","embeddable":true,"href":"https:\/\/www.goldentravel-hurghada.com\/de\/wp-json\/wp\/v2\/product_tag?post=9505"}],"curies":[{"name":"wp","href":"https:\/\/api.w.org\/{rel}","templated":true}]}}