{"id":9503,"date":"2025-01-06T23:52:15","date_gmt":"2025-01-06T23:52:15","guid":{"rendered":"https:\/\/www.goldentravel-hurghada.com\/?post_type=product&#038;p=9503"},"modified":"2025-05-07T21:50:08","modified_gmt":"2025-05-07T21:50:08","slug":"royal-sea-scope-semi-submarinee","status":"publish","type":"product","link":"https:\/\/www.goldentravel-hurghada.com\/de\/produkt\/royal-sea-scope-semi-submarinee\/","title":{"rendered":"Royal Sea Scope Halb-U-Boot"},"content":{"rendered":"<div class=\"vc_row wpb_row vc_row-fluid\">\n<div class=\"wpb_column vc_column_container vc_col-sm-12\">\n<div class=\"vc_column-inner\">\n<div class=\"wpb_wrapper\">\n<div class=\"heading left\"><\/div>\n<\/div>\n<\/div>\n<\/div>\n<\/div>\n<div class=\"vc_row wpb_row vc_row-fluid\">\n<div class=\"wpb_column vc_column_container vc_col-sm-12\">\n<div class=\"vc_column-inner\">\n<div class=\"wpb_wrapper\">\n<div class=\"wpb_text_column wpb_content_element\">\n<div class=\"wpb_wrapper\">\n<p>&nbsp;<\/p>\n<\/div>\n<\/div>\n<\/div>\n<\/div>\n<\/div>\n<\/div>\n<div class=\"vc_row wpb_row vc_row-fluid\">\n<div class=\"wpb_column vc_column_container vc_col-sm-12\">\n<div class=\"vc_column-inner\">\n<div class=\"wpb_wrapper\">\n<div class=\"heading left\">\n<h2>Tourprogramm<\/h2>\n<\/div>\n<\/div>\n<\/div>\n<\/div>\n<\/div>\n<div class=\"vc_row wpb_row vc_row-fluid\">\n<div class=\"wpb_column vc_column_container vc_col-sm-12\">\n<div class=\"vc_column-inner\">\n<div class=\"wpb_wrapper\">\n<div class=\"wpb_text_column wpb_content_element\">\n<div class=\"wpb_wrapper\">\n<p>Sie werden von Ihrem Hotel in einem klimatisierten Fahrzeug abgeholt und zu einem unvergesslichen Ausflug vom Hurghada Marina und auch vom Marina Boulevard gebracht.<\/p>\n<p>Entdecken Sie au\u00dferdem die Unterwasserwunder des Roten Meeres auf dieser Kreuzfahrt ab Hurghada. Segeln Sie an Bord des Hurghada Halb-U-Boots mit Panoramafenstern, die spektakul\u00e4re Unterwasseraussichten bieten, w\u00e4hrend Sie entlang der K\u00fcste fahren. Unser Halb-U-Boot bringt Sie auch zu den sch\u00f6nsten Riffen dieser Region und zeigt Ihnen die F\u00fclle und Vielfalt des lokalen Meereslebens.<\/p>\n<p>Sie haben etwa 40 Minuten Zeit, um die Gelegenheit zu nutzen, zu schnorcheln und die faszinierende Natur zu erleben.<\/p>\n<\/div>\n<\/div>\n<div class=\"heading left\">\n<h2>Inklusionen<\/h2>\n<\/div>\n<div class=\"wpb_text_column wpb_content_element\">\n<div class=\"wpb_wrapper\">\n<ul>\n<li>Klimatisiertes Fahrzeug<\/li>\n<li>Ein Schnorchelstopp f\u00fcr 40 Minuten<\/li>\n<li>Nutzung der Schnorchelausr\u00fcstung<\/li>\n<li>Tauchershow<\/li>\n<li>Limonade<\/li>\n<li>\u00a0Halb-U-Boot<\/li>\n<li>Schwimmweste<\/li>\n<li>Schnorchelf\u00fchrer<\/li>\n<\/ul>\n<\/div>\n<\/div>\n<\/div>\n<\/div>\n<\/div>\n<\/div>\n<div class=\"vc_row wpb_row vc_row-fluid\">\n<div class=\"wpb_column vc_column_container vc_col-sm-12\">\n<div class=\"vc_column-inner\">\n<div class=\"wpb_wrapper\">\n<div class=\"heading left\"><\/div>\n<div class=\"wpb_text_column wpb_content_element\">\n<div class=\"wpb_wrapper\"><\/div>\n<\/div>\n<\/div>\n<\/div>\n<\/div>\n<\/div>\n<div class=\"vc_row wpb_row vc_row-fluid\">\n<div class=\"wpb_column vc_column_container vc_col-sm-12\">\n<div class=\"vc_column-inner\"><\/div>\n<\/div>\n<\/div>\n<div class=\"vc_row wpb_row vc_row-fluid\">\n<div class=\"wpb_column vc_column_container vc_col-sm-12\">\n<div class=\"vc_column-inner\">\n<div class=\"wpb_wrapper\">\n<div class=\"heading left\">\n<h2>Zeitplan &amp; Dauer<\/h2>\n<\/div>\n<div class=\"wpb_text_column wpb_content_element\">\n<div class=\"wpb_wrapper\">\n<p><strong>Erste Fahrt<\/strong><\/p>\n<ul>\n<li>Abholung: Gegen 10:00 Uhr<\/li>\n<li>Dauer: 3 Stunden<\/li>\n<\/ul>\n<p><strong>Zweite Fahrt<\/strong><\/p>\n<ul>\n<li>Abholung: Gegen\u00a0<strong>14:00<\/strong><\/li>\n<li>Dauer: 3 Stunden<\/li>\n<\/ul>\n<p>&nbsp;<\/p>\n<\/div>\n<\/div>\n<\/div>\n<\/div>\n<\/div>\n<\/div>","protected":false},"excerpt":{"rendered":"<p>&nbsp; Tour Program You will be picked up at your hotel in an air-conditioned vehicle and taken on an unforgettable\u00a0trip\u00a0from\u00a0Hurghada\u00a0Marina, and Marina Boulevard also In addition, discover the underwater wonders of the Red Sea on this cruise from Hurghada. Set sail on-board Hurghada Semi Submarine with panoramic windows that are affording spectacular underwater views as you cruise along with the coast. Our Semi submarine will take you also to the most beautiful reefs of this region and show you the abundance and multitude of the local marine life. You will have approximately 40 minutes to make the most of the opportunity to enjoy snorkeling and experience the fascinating nature. Inclusions Air-conditioned vehicle One\u00a0 Snorkeling Stop for 40 minutes Use of Snorkeling equipment Diver Show Soda\/Pop \u00a0Semi-Submarine Life Jacket Snorkeling guide. Timing &amp; Duration First journey: Pickup: Around 10:00 Duration: 3 hours Seconde journey : Pickup: Around\u00a014:00 Duration: 3 hours &nbsp;<\/p>","protected":false},"featured_media":9544,"comment_status":"open","ping_status":"closed","template":"","meta":{"_joinchat":[]},"product_brand":[],"product_cat":[46,32],"product_tag":[],"class_list":{"0":"post-9503","1":"product","2":"type-product","3":"status-publish","4":"has-post-thumbnail","6":"product_cat-hurghada","7":"product_cat-sea-excursions","9":"first","10":"instock","11":"shipping-taxable","12":"purchasable","13":"product-type-ovabrw_car_rental"},"_links":{"self":[{"href":"https:\/\/www.goldentravel-hurghada.com\/de\/wp-json\/wp\/v2\/product\/9503","targetHints":{"allow":["GET"]}}],"collection":[{"href":"https:\/\/www.goldentravel-hurghada.com\/de\/wp-json\/wp\/v2\/product"}],"about":[{"href":"https:\/\/www.goldentravel-hurghada.com\/de\/wp-json\/wp\/v2\/types\/product"}],"replies":[{"embeddable":true,"href":"https:\/\/www.goldentravel-hurghada.com\/de\/wp-json\/wp\/v2\/comments?post=9503"}],"wp:featuredmedia":[{"embeddable":true,"href":"https:\/\/www.goldentravel-hurghada.com\/de\/wp-json\/wp\/v2\/media\/9544"}],"wp:attachment":[{"href":"https:\/\/www.goldentravel-hurghada.com\/de\/wp-json\/wp\/v2\/media?parent=9503"}],"wp:term":[{"taxonomy":"product_brand","embeddable":true,"href":"https:\/\/www.goldentravel-hurghada.com\/de\/wp-json\/wp\/v2\/product_brand?post=9503"},{"taxonomy":"product_cat","embeddable":true,"href":"https:\/\/www.goldentravel-hurghada.com\/de\/wp-json\/wp\/v2\/product_cat?post=9503"},{"taxonomy":"product_tag","embeddable":true,"href":"https:\/\/www.goldentravel-hurghada.com\/de\/wp-json\/wp\/v2\/product_tag?post=9503"}],"curies":[{"name":"wp","href":"https:\/\/api.w.org\/{rel}","templated":true}]}}