{"id":9502,"date":"2025-01-06T23:44:03","date_gmt":"2025-01-06T23:44:03","guid":{"rendered":"https:\/\/www.goldentravel-hurghada.com\/?post_type=product&#038;p=9502"},"modified":"2025-05-09T20:45:49","modified_gmt":"2025-05-09T20:45:49","slug":"scuba-diving-from-hurghadaa","status":"publish","type":"product","link":"https:\/\/www.goldentravel-hurghada.com\/de\/produkt\/scuba-diving-from-hurghadaa\/","title":{"rendered":"Scuba Diving"},"content":{"rendered":"<div class=\"vc_row wpb_row vc_row-fluid\">\n<div class=\"wpb_column vc_column_container vc_col-sm-12\">\n<div class=\"vc_column-inner\">\n<div class=\"wpb_wrapper\">\n<div class=\"heading left\"><\/div>\n<\/div>\n<\/div>\n<\/div>\n<\/div>\n<div class=\"vc_row wpb_row vc_row-fluid\">\n<div class=\"wpb_column vc_column_container vc_col-sm-12\">\n<div class=\"vc_column-inner\">\n<div class=\"wpb_wrapper\">\n<div class=\"wpb_text_column wpb_content_element\">\n<div class=\"wpb_wrapper\">\n<p>&nbsp;<\/p>\n<\/div>\n<\/div>\n<\/div>\n<\/div>\n<\/div>\n<\/div>\n<div class=\"vc_row wpb_row vc_row-fluid\">\n<div class=\"wpb_column vc_column_container vc_col-sm-12\">\n<div class=\"vc_column-inner\">\n<div class=\"wpb_wrapper\">\n<div class=\"heading left\">\n<h2>Tourprogramm<\/h2>\n<\/div>\n<\/div>\n<\/div>\n<\/div>\n<\/div>\n<div class=\"vc_row wpb_row vc_row-fluid\">\n<div class=\"wpb_column vc_column_container vc_col-sm-12\">\n<div class=\"vc_column-inner\">\n<div class=\"wpb_wrapper\">\n<div class=\"wpb_text_column wpb_content_element\">\n<div class=\"wpb_wrapper\">\n<p>Gegen 8:00 Uhr morgens werden Sie von Ihrem Hotel in Hurghada f\u00fcr einen aufregenden Tauchausflug abgeholt. Sie werden mit einem Boot zu Ihrem ersten Tauchplatz gebracht. Erfahrene Tauchlehrer werden Sie durch den Ort f\u00fchren und die Besonderheiten des Tauchplatzes erkl\u00e4ren. Dann tauchen Sie ins Meer ein und erkunden die Unterwasserwelt des Roten Meeres. Sobald Ihr erster Tauchgang beendet ist, genie\u00dfen Sie ein Buffet-Mittagessen an Bord.<\/p>\n<p>Dann fahren Sie zu einem neuen Ort f\u00fcr den zweiten Tauchgang. Sie k\u00f6nnen auch schnorcheln oder schwimmen, wenn Sie m\u00f6chten. Sie haben au\u00dferdem viel Zeit, um sich zu entspannen und die angebotenen Erfrischungen zu genie\u00dfen. Am sp\u00e4ten Nachmittag kehren Sie an Land zur\u00fcck und werden dann zu Ihrem Hotel in Hurghada gebracht.<\/p>\n<p>Schlie\u00dflich, wenn Ihr Tag sich dem Ende neigt, werden Sie zur\u00fcck an Land gebracht und zu Ihrem Hotel zur\u00fcckgefahren.<\/p>\n<\/div>\n<\/div>\n<\/div>\n<\/div>\n<\/div>\n<\/div>\n<div class=\"vc_row wpb_row vc_row-fluid\">\n<div class=\"wpb_column vc_column_container vc_col-sm-12\">\n<div class=\"vc_column-inner\">\n<div class=\"wpb_wrapper\">\n<div class=\"heading left\">\n<h2>Inklusionen<\/h2>\n<\/div>\n<div class=\"wpb_text_column wpb_content_element\">\n<div class=\"wpb_wrapper\">\n<ul>\n<li>Hotelabholung und R\u00fccktransfer<\/li>\n<li>2 Tauchg\u00e4nge \u00e0 30 Minuten unter Wasser<\/li>\n<li>Professioneller Guide<\/li>\n<li>Mittagessen<\/li>\n<li>Kaffee &amp; Tee &amp; Wasser<\/li>\n<li>Tauchflaschen<\/li>\n<li>Tauchausr\u00fcstung<\/li>\n<\/ul>\n<\/div>\n<\/div>\n<div class=\"heading left\"><\/div>\n<div class=\"wpb_text_column wpb_content_element\">\n<div class=\"wpb_wrapper\"><\/div>\n<\/div>\n<\/div>\n<\/div>\n<\/div>\n<\/div>\n<div class=\"vc_row wpb_row vc_row-fluid\"><\/div>","protected":false},"excerpt":{"rendered":"<p>&nbsp; Tour Program Around 8:00 am in the morning you will be picked up at your hotel in\u00a0Hurghada\u00a0for an exciting dive\u00a0trip. You will be taken out on a boat to your first diving spot. Experienced instructors will guide you around the location and explain the specifics of the diving site. Then head into the sea and explore the underwater realm of the Red Sea. Once your first dive ends, enjoy an on-board buffet lunch. Then you will move to a new site for the second dive. Opt to snorkel or swim if you feel like it. You will also have plenty of time to relax and sample the provided refreshments. In the late afternoon, you will be returned to shore. And then be dropped off at your hotel in Hurghada. Finally, as your day winds down, you will be transferred back to land and returned to your hotel. Inclusions Hotel pickup and back 2 Dive from 30 minute each dive under water Professional guide Lunch Coffee &amp; Tea\u00a0 &amp;water Scuba tanks Diving equipment<\/p>","protected":false},"featured_media":9533,"comment_status":"open","ping_status":"closed","template":"","meta":{"_joinchat":[]},"product_brand":[],"product_cat":[46,32],"product_tag":[],"class_list":{"0":"post-9502","1":"product","2":"type-product","3":"status-publish","4":"has-post-thumbnail","6":"product_cat-hurghada","7":"product_cat-sea-excursions","9":"first","10":"instock","11":"shipping-taxable","12":"purchasable","13":"product-type-ovabrw_car_rental"},"_links":{"self":[{"href":"https:\/\/www.goldentravel-hurghada.com\/de\/wp-json\/wp\/v2\/product\/9502","targetHints":{"allow":["GET"]}}],"collection":[{"href":"https:\/\/www.goldentravel-hurghada.com\/de\/wp-json\/wp\/v2\/product"}],"about":[{"href":"https:\/\/www.goldentravel-hurghada.com\/de\/wp-json\/wp\/v2\/types\/product"}],"replies":[{"embeddable":true,"href":"https:\/\/www.goldentravel-hurghada.com\/de\/wp-json\/wp\/v2\/comments?post=9502"}],"wp:featuredmedia":[{"embeddable":true,"href":"https:\/\/www.goldentravel-hurghada.com\/de\/wp-json\/wp\/v2\/media\/9533"}],"wp:attachment":[{"href":"https:\/\/www.goldentravel-hurghada.com\/de\/wp-json\/wp\/v2\/media?parent=9502"}],"wp:term":[{"taxonomy":"product_brand","embeddable":true,"href":"https:\/\/www.goldentravel-hurghada.com\/de\/wp-json\/wp\/v2\/product_brand?post=9502"},{"taxonomy":"product_cat","embeddable":true,"href":"https:\/\/www.goldentravel-hurghada.com\/de\/wp-json\/wp\/v2\/product_cat?post=9502"},{"taxonomy":"product_tag","embeddable":true,"href":"https:\/\/www.goldentravel-hurghada.com\/de\/wp-json\/wp\/v2\/product_tag?post=9502"}],"curies":[{"name":"wp","href":"https:\/\/api.w.org\/{rel}","templated":true}]}}