{"id":9500,"date":"2025-01-06T23:30:24","date_gmt":"2025-01-06T23:30:24","guid":{"rendered":"https:\/\/www.goldentravel-hurghada.com\/?post_type=product&#038;p=9500"},"modified":"2025-05-07T21:50:28","modified_gmt":"2025-05-07T21:50:28","slug":"orange-bay-islandd","status":"publish","type":"product","link":"https:\/\/www.goldentravel-hurghada.com\/de\/produkt\/orange-bay-islandd\/","title":{"rendered":"Orange Bay Insel"},"content":{"rendered":"<div class=\"vc_row wpb_row vc_row-fluid\">\n<div class=\"wpb_column vc_column_container vc_col-sm-12\">\n<div class=\"vc_column-inner\">\n<div class=\"wpb_wrapper\">\n<div class=\"heading left\"><\/div>\n<\/div>\n<\/div>\n<\/div>\n<\/div>\n<div class=\"vc_row wpb_row vc_row-fluid\">\n<div class=\"wpb_column vc_column_container vc_col-sm-12\">\n<div class=\"vc_column-inner\">\n<div class=\"wpb_wrapper\">\n<div class=\"wpb_text_column wpb_content_element\">\n<div class=\"wpb_wrapper\">\n<p>&nbsp;<\/p>\n<\/div>\n<\/div>\n<\/div>\n<\/div>\n<\/div>\n<\/div>\n<div class=\"vc_row wpb_row vc_row-fluid\">\n<div class=\"wpb_column vc_column_container vc_col-sm-12\">\n<div class=\"vc_column-inner\">\n<div class=\"wpb_wrapper\">\n<div class=\"heading left\">\n<h2>Tourprogramm<\/h2>\n<\/div>\n<\/div>\n<\/div>\n<\/div>\n<\/div>\n<div class=\"vc_row wpb_row vc_row-fluid\">\n<div class=\"wpb_column vc_column_container vc_col-sm-12\">\n<div class=\"vc_column-inner\">\n<div class=\"wpb_wrapper\">\n<div class=\"wpb_text_column wpb_content_element\">\n<div class=\"wpb_wrapper\">\n<p>Die Abholzeit von Ihrem Hotel ist zwischen 8:00 Uhr und 8:30 Uhr f\u00fcr den Transfer zum Hauptkai, wo Ihr Boot auf Sie wartet. Ihre Schnorchelausr\u00fcstung (MASKE UND FLOSSEN KOSTENLOS) wird auf dem Boot bereit sein.<\/p>\n<p>Nach 45 Minuten Segeln genie\u00dfen Sie einen 1-st\u00fcndigen Stopp zum Schnorcheln, um das kristallklare Wasser des Roten Meeres zu erleben. Die Sichtweite kann hier bis zu 45 Meter betragen, und Sie werden Clownfische, Mantarochen, Delfine und Korallen in verschiedenen Farben sehen k\u00f6nnen.<\/p>\n<p>Dann segeln Sie weiter zur Orange Insel. Verbringen Sie etwas Zeit am Strand der Orange Bay, wo es goldenen Sand, Holzschirme, Sitzs\u00e4cke, Holzbungalows und vieles mehr gibt, um Ihren Aufenthalt bei uns zu einem entspannenden und unvergesslichen Erlebnis zu machen.<br \/>\nNachdem Sie die Insel verlassen haben, segeln Sie zum n\u00e4chsten Stopp zum Schnorcheln, wo Sie die Korallenriffe erkunden und pr\u00e4chtige, farbenfrohe Fische in Hurghada sehen k\u00f6nnen.<\/p>\n<p>Das Orange Bay-Programm beinhaltet ein Mittagessen, das mit Liebe von unseren K\u00f6chen zubereitet wird, sowie Softdrinks. Sie haben auch die M\u00f6glichkeit, das Bananenboot zu fahren. Um 16 Uhr sind Sie zur\u00fcck im Hafen, von wo aus Sie mit dem Transferbus zu Ihrem Hotel zur\u00fcckgebracht werden.<\/p>\n<\/div>\n<\/div>\n<\/div>\n<\/div>\n<\/div>\n<\/div>\n<div class=\"vc_row wpb_row vc_row-fluid\">\n<div class=\"wpb_column vc_column_container vc_col-sm-12\">\n<div class=\"vc_column-inner\">\n<div class=\"wpb_wrapper\">\n<div class=\"heading left\">\n<h2>Inklusionen<\/h2>\n<\/div>\n<div class=\"wpb_text_column wpb_content_element\">\n<div class=\"wpb_wrapper\">\n<ul>\n<li>Alle Transfers von und zu Ihrem Hotel<\/li>\n<li>2 Stopps zum Schnorcheln<\/li>\n<li>Mittagessen an Bord des Bootes<\/li>\n<li>Getr\u00e4nke, Mineralwasser den ganzen Tag<\/li>\n<li>Die M\u00f6glichkeit, das Bananenboot zu fahren<\/li>\n<li>Schnorchelausr\u00fcstung (Maske \u2013 Flossen \u2013 Schwimmweste) ist inbegriffen<\/li>\n<li>Unterst\u00fctzung durch einen Schnorchel-Guide<\/li>\n<\/ul>\n<\/div>\n<\/div>\n<div class=\"heading left\"><\/div>\n<\/div>\n<\/div>\n<\/div>\n<\/div>\n<div class=\"vc_row wpb_row vc_row-fluid\">\n<div class=\"wpb_column vc_column_container vc_col-sm-12\">\n<div class=\"vc_column-inner\"><\/div>\n<\/div>\n<\/div>\n<div class=\"vc_row wpb_row vc_row-fluid\">\n<div class=\"wpb_column vc_column_container vc_col-sm-12\">\n<div class=\"vc_column-inner\">\n<div class=\"wpb_wrapper\">\n<div class=\"heading left\">\n<h2>Dauer<\/h2>\n<\/div>\n<div class=\"wpb_text_column wpb_content_element\">\n<div class=\"wpb_wrapper\">\n<ul>\n<li>Beginn um 8:00 bis 16:00 Uhr<\/li>\n<\/ul>\n<\/div>\n<\/div>\n<\/div>\n<\/div>\n<\/div>\n<\/div>","protected":false},"excerpt":{"rendered":"<p>&nbsp; Tour Program The pickup time from your hotel is between 8:00 AM and 8:30 AM for transfer to the main port where your boat will be waiting for you. your snorkeling equipment ( MASKS AND FINS FOR FREE ) WILL be ready on the boat. After 45 minutes of sailing, enjoy a 1-hour stop for snorkeling to experience the crystal clear waters of the Red Sea. Visibility here can reach up to 45 meters, and you will be able to see clownfish, manta rays, dolphins, and corals of various colors. Then, start sailing towards Orange Island. Spend some\u00a0time\u00a0on the beach at Orange Bay, where is Golden sands, wooden umbrellas, bean bags, wooden cabanas plus much more to make your stay with us a relaxing and unforgettable experience. After leaving the island, sail to the next stop to snorkeling where you can explore the coral reefs and see magnificent and colorful fish in\u00a0Hurghada. Orange Bay program including lunch cooked with love from our chefs and soft drinks. You also have the opportunity to drive the banana boat. At 4 pm you will be back in the harbor, from where you will be taken back to your hotel by transfer bus. Inclusions All transfers from and to your hotel 2 stops for snorkeling; Lunch meal on board the boat Drinks, Mineral water all the day The opportunity to drive banana boat. Snorkeling equipments ( mask \u2013 fins-life jacket ) are included Snorkeling guide assistance Duration start 8:00 till 16:00<\/p>","protected":false},"featured_media":10014,"comment_status":"open","ping_status":"closed","template":"","meta":{"_joinchat":[]},"product_brand":[],"product_cat":[42,46,32],"product_tag":[],"class_list":{"0":"post-9500","1":"product","2":"type-product","3":"status-publish","4":"has-post-thumbnail","6":"product_cat-family-excursions","7":"product_cat-hurghada","8":"product_cat-sea-excursions","10":"first","11":"instock","12":"shipping-taxable","13":"purchasable","14":"product-type-ovabrw_car_rental"},"_links":{"self":[{"href":"https:\/\/www.goldentravel-hurghada.com\/de\/wp-json\/wp\/v2\/product\/9500","targetHints":{"allow":["GET"]}}],"collection":[{"href":"https:\/\/www.goldentravel-hurghada.com\/de\/wp-json\/wp\/v2\/product"}],"about":[{"href":"https:\/\/www.goldentravel-hurghada.com\/de\/wp-json\/wp\/v2\/types\/product"}],"replies":[{"embeddable":true,"href":"https:\/\/www.goldentravel-hurghada.com\/de\/wp-json\/wp\/v2\/comments?post=9500"}],"wp:featuredmedia":[{"embeddable":true,"href":"https:\/\/www.goldentravel-hurghada.com\/de\/wp-json\/wp\/v2\/media\/10014"}],"wp:attachment":[{"href":"https:\/\/www.goldentravel-hurghada.com\/de\/wp-json\/wp\/v2\/media?parent=9500"}],"wp:term":[{"taxonomy":"product_brand","embeddable":true,"href":"https:\/\/www.goldentravel-hurghada.com\/de\/wp-json\/wp\/v2\/product_brand?post=9500"},{"taxonomy":"product_cat","embeddable":true,"href":"https:\/\/www.goldentravel-hurghada.com\/de\/wp-json\/wp\/v2\/product_cat?post=9500"},{"taxonomy":"product_tag","embeddable":true,"href":"https:\/\/www.goldentravel-hurghada.com\/de\/wp-json\/wp\/v2\/product_tag?post=9500"}],"curies":[{"name":"wp","href":"https:\/\/api.w.org\/{rel}","templated":true}]}}