{"id":9428,"date":"2025-01-06T22:42:32","date_gmt":"2025-01-06T22:42:32","guid":{"rendered":"https:\/\/www.goldentravel-hurghada.com\/?post_type=product&#038;p=9428"},"modified":"2025-10-04T17:32:33","modified_gmt":"2025-10-04T17:32:33","slug":"dolphin-house","status":"publish","type":"product","link":"https:\/\/www.goldentravel-hurghada.com\/de\/produkt\/dolphin-house\/","title":{"rendered":"Dolphin House"},"content":{"rendered":"<div class=\"vc_row wpb_row vc_row-fluid\">\n<div class=\"wpb_column vc_column_container vc_col-sm-12\">\n<div class=\"vc_column-inner\">\n<div class=\"wpb_wrapper\">\n<div class=\"heading left\">\n<h2><\/h2>\n<\/div>\n<\/div>\n<\/div>\n<\/div>\n<\/div>\n<div class=\"vc_row wpb_row vc_row-fluid\">\n<div class=\"wpb_column vc_column_container vc_col-sm-12\">\n<div class=\"vc_column-inner\">\n<div class=\"wpb_wrapper\">\n<div class=\"heading left\">\n<h2>Tourprogramm<\/h2>\n<div class=\"sub-heading\">Wir holen Sie nach dem Fr\u00fchst\u00fcck an Ihrem Hotel ab und bringen Sie zum Boot, wo Sie etwa 90 Minuten sonnenbaden und entspannen k\u00f6nnen, bis wir einen wunderbaren Ort namens Delfinhaus erreichen, der als Heimatgebiet f\u00fcr eine gro\u00dfe Anzahl von Delfinen bekannt ist.<\/div>\n<\/div>\n<\/div>\n<\/div>\n<\/div>\n<\/div>\n<div class=\"vc_row wpb_row vc_row-fluid\">\n<div class=\"wpb_column vc_column_container vc_col-sm-12\">\n<div class=\"vc_column-inner\">\n<div class=\"wpb_wrapper\">\n<div class=\"wpb_text_column wpb_content_element\">\n<div class=\"wpb_wrapper\">\n<p>Der Delfinhaus-Ausflug ist der sch\u00f6nste Ausflug, um Delfine in ihrer nat\u00fcrlichen Umgebung zu beobachten. Dabei haben Sie die Gelegenheit, in einem seltenen Erlebnis neben den Delfinen zu schwimmen.<\/p>\n<p>Die Chance, Delfine zu treffen, liegt bei bis zu 90 Prozent. Auf jeden Fall ist dieses Gebiet ideal zum Schnorcheln, und Sie werden wundersch\u00f6ne Korallen, eine Vielzahl exotischer Fische und viele andere Unterwassertiere und -pflanzen sehen. Wir werden insgesamt drei Stopps an verschiedenen Orten einlegen, an denen Sie schwimmen und die Unterwasserwelt beim Schnorcheln erkunden k\u00f6nnen. Ihr Mittagessen wird Ihnen an Bord serviert. Am Ende Ihrer Reise werden Sie zur\u00fcck zu Ihrem Hotel gebracht.<\/p>\n<\/div>\n<\/div>\n<\/div>\n<\/div>\n<\/div>\n<\/div>\n<div class=\"vc_row wpb_row vc_row-fluid\">\n<div class=\"wpb_column vc_column_container vc_col-sm-12\">\n<div class=\"vc_column-inner\">\n<div class=\"wpb_wrapper\">\n<div class=\"heading left\">\n<h2>Inklusionen<\/h2>\n<\/div>\n<div class=\"wpb_text_column wpb_content_element\">\n<div class=\"wpb_wrapper\">\n<ul>\n<li>Abholung und R\u00fccktransfer vom\/zum Hotel<\/li>\n<li>Unterst\u00fctzung durch einen Schnorchel-Guide<\/li>\n<li>3 Schnorchelstopps<\/li>\n<li>Schnorchelausr\u00fcstung<\/li>\n<li>Wassersport (Sofa &amp; Banana)<\/li>\n<li>Mittagessen an Bord des Bootes (Meeresfr\u00fcchte)<\/li>\n<li>Mineralwasser und Softdrinks<\/li>\n<\/ul>\n<\/div>\n<\/div>\n<div class=\"vc_empty_space\"><\/div>\n<div class=\"heading left\"><\/div>\n<\/div>\n<\/div>\n<\/div>\n<\/div>\n<div class=\"vc_row wpb_row vc_row-fluid\">\n<div class=\"wpb_column vc_column_container vc_col-sm-12\">\n<div class=\"vc_column-inner\"><\/div>\n<\/div>\n<\/div>\n<div class=\"vc_row wpb_row vc_row-fluid\">\n<div class=\"wpb_column vc_column_container vc_col-sm-12\">\n<div class=\"vc_column-inner\">\n<div class=\"wpb_wrapper\">\n<div class=\"heading left\">\n<h2>\u00a0Dauer<\/h2>\n<\/div>\n<div class=\"wpb_text_column wpb_content_element\">\n<div class=\"wpb_wrapper\">\n<ul>\n<li>Beginn um 8:00 bis 16:00 Uhr<\/li>\n<\/ul>\n<\/div>\n<\/div>\n<\/div>\n<\/div>\n<\/div>\n<\/div>","protected":false},"excerpt":{"rendered":"<p>Tour Program We will pick you up at your hotel after breakfast and transfer you to board on your boat where you will spend about 90 minutes sunbathing and relaxing, until we reach a wonderful place called Dolphin House which is famous as a home area for a large number of dolphins. Dolphin House\u00a0trip\u00a0in the most beautiful trip to see the dolphin in its natural environment at a time when you have a chance not frequent swimming next to the dolphins in a rare experience. The chance to meet dolphins is up to 90 percent. Anyway this area is ideal for snorkeling and you will see beautiful corals, a multitude of exotic fish and many other underwater animals and plants . We will make a total of three stops in different places where you can swim and explore the underwater world while you are snorkeling. You will be served your lunch on board. At the end of your trip you will be transferred back to your hotel. Inclusions Hotel pick-up and drop off Snorkeling guide assistance 3 Snorkeling stops Snorkeling equipment Water Sports (Sofa&amp;Banana) lunch aboard the boat(Sea food) Mineral water and soft drinks \u00a0Duration start 8:00 till 16:00<\/p>","protected":false},"featured_media":10037,"comment_status":"open","ping_status":"closed","template":"","meta":{"_joinchat":[]},"product_brand":[],"product_cat":[42,46,32],"product_tag":[],"class_list":{"0":"post-9428","1":"product","2":"type-product","3":"status-publish","4":"has-post-thumbnail","6":"product_cat-family-excursions","7":"product_cat-hurghada","8":"product_cat-sea-excursions","10":"first","11":"instock","12":"shipping-taxable","13":"purchasable","14":"product-type-ovabrw_car_rental"},"_links":{"self":[{"href":"https:\/\/www.goldentravel-hurghada.com\/de\/wp-json\/wp\/v2\/product\/9428","targetHints":{"allow":["GET"]}}],"collection":[{"href":"https:\/\/www.goldentravel-hurghada.com\/de\/wp-json\/wp\/v2\/product"}],"about":[{"href":"https:\/\/www.goldentravel-hurghada.com\/de\/wp-json\/wp\/v2\/types\/product"}],"replies":[{"embeddable":true,"href":"https:\/\/www.goldentravel-hurghada.com\/de\/wp-json\/wp\/v2\/comments?post=9428"}],"wp:featuredmedia":[{"embeddable":true,"href":"https:\/\/www.goldentravel-hurghada.com\/de\/wp-json\/wp\/v2\/media\/10037"}],"wp:attachment":[{"href":"https:\/\/www.goldentravel-hurghada.com\/de\/wp-json\/wp\/v2\/media?parent=9428"}],"wp:term":[{"taxonomy":"product_brand","embeddable":true,"href":"https:\/\/www.goldentravel-hurghada.com\/de\/wp-json\/wp\/v2\/product_brand?post=9428"},{"taxonomy":"product_cat","embeddable":true,"href":"https:\/\/www.goldentravel-hurghada.com\/de\/wp-json\/wp\/v2\/product_cat?post=9428"},{"taxonomy":"product_tag","embeddable":true,"href":"https:\/\/www.goldentravel-hurghada.com\/de\/wp-json\/wp\/v2\/product_tag?post=9428"}],"curies":[{"name":"wp","href":"https:\/\/api.w.org\/{rel}","templated":true}]}}