{"id":10357,"date":"2025-05-16T20:12:16","date_gmt":"2025-05-16T20:12:16","guid":{"rendered":"https:\/\/www.goldentravel-hurghada.com\/?post_type=product&#038;p=10357"},"modified":"2025-05-16T20:12:16","modified_gmt":"2025-05-16T20:12:16","slug":"magawish-island","status":"publish","type":"product","link":"https:\/\/www.goldentravel-hurghada.com\/de\/produkt\/magawish-island\/","title":{"rendered":"Insel Magawish"},"content":{"rendered":"<p><strong>Tourprogramm<\/strong><\/p>\n<p>Wir holen Sie gegen 8:00 Uhr von Ihrem Hotel ab und bringen Sie zur Insel Magawish. Wir fahren zum Yachthafen und von dort mit unserem Boot zu dieser wundersch\u00f6nen Insel.<\/p>\n<p>Nach 45 Minuten Segeln machen wir f\u00fcr etwa eine Stunde einen Schnorchelstopp, um das kristallklare Wasser des Roten Meeres zu erleben. Dabei k\u00f6nnen Sie Clownfische, Mantarochen, Delfine und Korallen in den verschiedensten Farben sehen.<\/p>\n<p>Anschlie\u00dfend segeln wir in Richtung Magawish Island. Verbringen Sie etwas Zeit am Strand, schwimmen Sie und machen Sie wundersch\u00f6ne Fotos. Am Strand finden Sie Holzschirme, Sitzs\u00e4cke und Holzh\u00fctten, die Ihren Aufenthalt bei uns zu einem erholsamen und unvergesslichen Erlebnis machen. Anschlie\u00dfend legen wir einen Stopp zum Schwimmen und Schnorcheln mit Maske und Flossen ein. Genie\u00dfen Sie etwa eine Stunde Schnorcheln am Korallenriff und erkunden Sie die vielf\u00e4ltige Meereswelt.<\/p>\n<p>Programm inklusive Mittagessen und alkoholfreien Getr\u00e4nken den ganzen Tag auf dem Boot.<\/p>\n<p>Das Programm beinhaltet weitere Unterhaltungselemente, Sie fahren Bananen und Sodawasser<\/p>\n<p><strong>Inklusionen<\/strong><\/p>\n<p>Alle Transfers von und zu Ihrem Hotel<br \/>\n2 Stopps zum Schnorcheln<br \/>\nVerbringen Sie 2 Stunden am Strand von Magawish Island<br \/>\nVerr\u00fccktes Bananenboot<br \/>\nMittagessen an Bord des Bootes<br \/>\nGetr\u00e4nke, Mineralwasser den ganzen Tag<br \/>\nSchnorchelausr\u00fcstung (Maske \u2013 Flossen \u2013 Schwimmweste) ist inbegriffen<br \/>\nUnterst\u00fctzung durch einen Schnorchel-Guide<\/p>\n<p><strong>Dauer<\/strong><\/p>\n<p>Beginn um 8:00 bis 16:00 Uhr<\/p>","protected":false},"excerpt":{"rendered":"<p>Tour Program From your hotel, we will pick you up to Magawish Island around 8:00 AM. We go to the marina, from where we go by our boat to the beautiful island. After 45 minutes of sailing, will stop for snorkeling for about an hour to experience the crystal clear waters of the Red Sea. and you will be able to see clownfish, manta rays, dolphins, and corals of various colors. Then, start sailing towards Magawish Island. Spend some time on the beach , swim, and take beautiful pictures. On the beach, you can find wooden umbrellas, bean bags, wooden cabanas to make your stay with us a relaxing and unforgettable experience. After that will be 1 stop for swimming and snorkeling with masks and flippers to enjoy around 1 hour of snorkeling near the coral reef where you can explore the varied marine life. Program including lunch and soft drinks all day on the boat. The program includes other entertainment items, you ride bananas and sofa water Inclusions All transfers from and to your hotel 2 stops for snorkling Spend 2 hours on the beach of Magawish Island Crazy banana-shaped boat Lunch meal on board the boat Drinks, Mineral water all the day Snorkeling equipments ( mask \u2013 fins-flippers -life jacket ) are included Snorkeling guide assistance Duration Start 8:00 till 16:00<\/p>","protected":false},"featured_media":10359,"comment_status":"open","ping_status":"closed","template":"","meta":{"_joinchat":[]},"product_brand":[],"product_cat":[46,32],"product_tag":[],"class_list":{"0":"post-10357","1":"product","2":"type-product","3":"status-publish","4":"has-post-thumbnail","6":"product_cat-hurghada","7":"product_cat-sea-excursions","9":"first","10":"instock","11":"shipping-taxable","12":"purchasable","13":"product-type-ovabrw_car_rental"},"_links":{"self":[{"href":"https:\/\/www.goldentravel-hurghada.com\/de\/wp-json\/wp\/v2\/product\/10357","targetHints":{"allow":["GET"]}}],"collection":[{"href":"https:\/\/www.goldentravel-hurghada.com\/de\/wp-json\/wp\/v2\/product"}],"about":[{"href":"https:\/\/www.goldentravel-hurghada.com\/de\/wp-json\/wp\/v2\/types\/product"}],"replies":[{"embeddable":true,"href":"https:\/\/www.goldentravel-hurghada.com\/de\/wp-json\/wp\/v2\/comments?post=10357"}],"wp:featuredmedia":[{"embeddable":true,"href":"https:\/\/www.goldentravel-hurghada.com\/de\/wp-json\/wp\/v2\/media\/10359"}],"wp:attachment":[{"href":"https:\/\/www.goldentravel-hurghada.com\/de\/wp-json\/wp\/v2\/media?parent=10357"}],"wp:term":[{"taxonomy":"product_brand","embeddable":true,"href":"https:\/\/www.goldentravel-hurghada.com\/de\/wp-json\/wp\/v2\/product_brand?post=10357"},{"taxonomy":"product_cat","embeddable":true,"href":"https:\/\/www.goldentravel-hurghada.com\/de\/wp-json\/wp\/v2\/product_cat?post=10357"},{"taxonomy":"product_tag","embeddable":true,"href":"https:\/\/www.goldentravel-hurghada.com\/de\/wp-json\/wp\/v2\/product_tag?post=10357"}],"curies":[{"name":"wp","href":"https:\/\/api.w.org\/{rel}","templated":true}]}}